{"id":30627,"date":"2021-12-08T18:48:31","date_gmt":"2021-12-08T16:48:31","guid":{"rendered":"https:\/\/cutismedical.com\/shop\/maaratlemata\/pluryal-contour-lid-1-1ml\/"},"modified":"2024-11-03T10:48:04","modified_gmt":"2024-11-03T08:48:04","slug":"pluryal-contour-lid-1-1ml","status":"publish","type":"product","link":"https:\/\/cutismedical.shop\/et\/shop-es\/mesoteraapia-et\/nagu-et\/pluryal-contour-lid-1-1ml\/","title":{"rendered":"Pluryal. Contour Lid (1*1 ml)"},"content":{"rendered":"<p>Pluryal Contour Lid sobib ideaalselt naha noorendamiseks, lisades vol\u00fc\u00fcmi ja siludes keskmisi kuni s\u00fcgavaid kortse. Kasutage seda otsmikul, p\u00f5sesarnadel, kulmudevahelises piirkonnas, silmade ja suu \u00fcmber, et anda n\u00e4ole nooruslikum ilme. Selle dermavahendi tulemused on loomulikud ja pikaajalised. Lisaks sisaldab toode lidokaiini, mis muudab ravi patsiendi jaoks mugavamaks.<\/p>\n<p>Pakend sisaldab:<\/p>\n<p>1 x 1 ml s\u00fcstal<br \/>\n25 mg\/ml ristseotud h\u00fcaluroonhapet<br \/>\n0,3% lidokaiini<br \/>\nPluryal<sup>\u00ae<\/sup> Contour Lidocaine eelised:<\/p>\n<p>Lisab vol\u00fc\u00fcmi<br \/>\nSobib ideaalselt kujundamiseks ja kontuurimiseks<br \/>\nSilub nahka<br \/>\nV\u00e4hendab kortse ja s\u00fcgavaid jooni<br \/>\nKui kaua kestab tulemus? Tulemus on n\u00e4htav kohe p\u00e4rast esimest protseduuri. \u00dcldiselt kestab m\u00f5ju 6 kuni 12 kuud. Tulemust s\u00e4ilitamiseks korrake protseduuri.<\/p>\n","protected":false},"excerpt":{"rendered":"<h4><span style=\"color: #ed1c24;\"><strong>Ei ole mu\u0308u\u0308giks ELis!<\/strong><\/span><\/h4>\n<p>Pluryal Contour Lid on h\u00fcaluroonhappega dermavahend, mis on loodud n\u00e4opiirkondade kontuurimiseks ja kujundamiseks.<\/p>\n","protected":false},"featured_media":30625,"template":"","meta":{"_seopress_robots_primary_cat":"none","_seopress_titles_title":"","_seopress_titles_desc":"","_seopress_robots_index":""},"item":[1501],"product_cat":[155,1188,1865,1866],"product_tag":[],"class_list":{"0":"post-30627","1":"product","2":"type-product","3":"status-publish","4":"has-post-thumbnail","6":"item-pluryal-et","7":"product_cat-mesoteraapia-et","8":"product_cat-nagu-et","9":"product_cat-tugevdamine-naha-pinguldamine","10":"product_cat-liftingu-efekt-pinguldav-toime","12":"first","13":"instock","14":"taxable","15":"shipping-taxable","16":"purchasable","17":"product-type-simple"},"_links":{"self":[{"href":"https:\/\/cutismedical.shop\/et\/wp-json\/wp\/v2\/product\/30627","targetHints":{"allow":["GET"]}}],"collection":[{"href":"https:\/\/cutismedical.shop\/et\/wp-json\/wp\/v2\/product"}],"about":[{"href":"https:\/\/cutismedical.shop\/et\/wp-json\/wp\/v2\/types\/product"}],"wp:featuredmedia":[{"embeddable":true,"href":"https:\/\/cutismedical.shop\/et\/wp-json\/wp\/v2\/media\/30625"}],"wp:attachment":[{"href":"https:\/\/cutismedical.shop\/et\/wp-json\/wp\/v2\/media?parent=30627"}],"wp:term":[{"taxonomy":"item","embeddable":true,"href":"https:\/\/cutismedical.shop\/et\/wp-json\/wp\/v2\/item?post=30627"},{"taxonomy":"product_cat","embeddable":true,"href":"https:\/\/cutismedical.shop\/et\/wp-json\/wp\/v2\/product_cat?post=30627"},{"taxonomy":"product_tag","embeddable":true,"href":"https:\/\/cutismedical.shop\/et\/wp-json\/wp\/v2\/product_tag?post=30627"}],"curies":[{"name":"wp","href":"https:\/\/api.w.org\/{rel}","templated":true}]}}