{"id":30598,"date":"2021-12-07T13:06:10","date_gmt":"2021-12-07T11:06:10","guid":{"rendered":"https:\/\/cutismedical.com\/shop\/maaratlemata\/mc-antiaging-flash-10-2ml\/"},"modified":"2024-11-03T11:38:28","modified_gmt":"2024-11-03T09:38:28","slug":"mc-antiaging-flash-10-2ml","status":"publish","type":"product","link":"https:\/\/cutismedical.shop\/et\/shop-es\/mesoteraapia-et\/nagu-et\/mc-antiaging-flash-10-2ml\/","title":{"rendered":"MC Antiaging Flash (10*2 ml)"},"content":{"rendered":"<p><strong>SOOVITATUD KASUTAMISEKS<\/strong><br \/>\nK\u00fcps nahk<br \/>\n8-tunnine liftingu efekt<\/p>\n<p><strong>AKTIIVSED KOOSTISOSAD<\/strong><br \/>\nElastiin, kollageen, vitamiin C, vitamiin F.<\/p>\n<p><strong>KASUTAMINE<\/strong><br \/>\nElektroporatsioon, iontoforees, ultraheli, termoteraapia, VAC-teraapia, pidev galvaaniline vool, dermaroller jne.<\/p>\n<p><strong>ESITLUS<\/strong><br \/>\n2 ml x 10 ampulli.<\/p>\n<p>&nbsp;<\/p>\n","protected":false},"excerpt":{"rendered":"<h4><span style=\"color: #ed1c24;\"><strong>Ei ole mu\u0308u\u0308giks ELis!<\/strong><\/span><\/h4>\n<p>Antiaging Flash ampullid on m\u00f5eldud miimikakortsude ja n\u00e4ojoonte v\u00e4hendamiseks. Selle koostisosad tugevdavate ja uuendavate omadustega v\u00e4hendavad v\u00e4ikseid kortse ning parandavad naha siledust ja s\u00e4ra. See lahus s\u00e4ilitab h\u00e4sti niisutatud naha ja saavutab kohese pinguldava efekti.<\/p>\n","protected":false},"featured_media":30595,"template":"","meta":{"_seopress_robots_primary_cat":"none","_seopress_titles_title":"","_seopress_titles_desc":"","_seopress_robots_index":""},"item":[1149],"product_cat":[155,1188,1865,1866],"product_tag":[],"class_list":{"0":"post-30598","1":"product","2":"type-product","3":"status-publish","4":"has-post-thumbnail","6":"item-mccosmetics-et","7":"product_cat-mesoteraapia-et","8":"product_cat-nagu-et","9":"product_cat-tugevdamine-naha-pinguldamine","10":"product_cat-liftingu-efekt-pinguldav-toime","12":"first","13":"instock","14":"taxable","15":"shipping-taxable","16":"purchasable","17":"product-type-simple"},"_links":{"self":[{"href":"https:\/\/cutismedical.shop\/et\/wp-json\/wp\/v2\/product\/30598","targetHints":{"allow":["GET"]}}],"collection":[{"href":"https:\/\/cutismedical.shop\/et\/wp-json\/wp\/v2\/product"}],"about":[{"href":"https:\/\/cutismedical.shop\/et\/wp-json\/wp\/v2\/types\/product"}],"wp:featuredmedia":[{"embeddable":true,"href":"https:\/\/cutismedical.shop\/et\/wp-json\/wp\/v2\/media\/30595"}],"wp:attachment":[{"href":"https:\/\/cutismedical.shop\/et\/wp-json\/wp\/v2\/media?parent=30598"}],"wp:term":[{"taxonomy":"item","embeddable":true,"href":"https:\/\/cutismedical.shop\/et\/wp-json\/wp\/v2\/item?post=30598"},{"taxonomy":"product_cat","embeddable":true,"href":"https:\/\/cutismedical.shop\/et\/wp-json\/wp\/v2\/product_cat?post=30598"},{"taxonomy":"product_tag","embeddable":true,"href":"https:\/\/cutismedical.shop\/et\/wp-json\/wp\/v2\/product_tag?post=30598"}],"curies":[{"name":"wp","href":"https:\/\/api.w.org\/{rel}","templated":true}]}}