{"id":29981,"date":"2021-11-15T18:23:18","date_gmt":"2021-11-15T16:23:18","guid":{"rendered":"https:\/\/cutismedical.com\/shop\/maaratlemata\/instytutum-superbiotic-plant-based-ceramide-cream-50ml\/"},"modified":"2024-11-03T12:31:27","modified_gmt":"2024-11-03T10:31:27","slug":"instytutum-superbiotic-plant-based-ceramide-cream-50ml","status":"publish","type":"product","link":"https:\/\/cutismedical.shop\/et\/shop-es\/nahahooldus\/kreem-et-prof\/instytutum-superbiotic-plant-based-ceramide-cream-50ml\/","title":{"rendered":"Instytutum. SuperBiotic Plant-Based Ceramide Cream 50 ml"},"content":{"rendered":"<ul>\n<li>\n<div class=\"flex max-w-full flex-col flex-grow\">\n<div class=\"min-h-8 text-message flex w-full flex-col items-end gap-2 whitespace-normal break-words [.text-message+&amp;]:mt-5\" dir=\"auto\" data-message-author-role=\"assistant\" data-message-id=\"cc462fb0-795b-4225-9db5-f3630d710f82\" data-message-model-slug=\"gpt-4o\">\n<div class=\"flex w-full flex-col gap-1 empty:hidden first:pt-[3px]\">\n<div class=\"markdown prose w-full break-words dark:prose-invert light\">\n<ul>\n<li>Tugevdab ja tasakaalustab nahka.<\/li>\n<li>Toetab naha mikrobioomi.<\/li>\n<li>Sisaldab tseramiide, prebiootikume, probiootikume ja skvalaani.<\/li>\n<\/ul>\n<p><strong>Nahaterapeudi n\u00f5uanne:<\/strong><br \/>\nSee kreem on suurep\u00e4rane kasutamiseks retinoolil p\u00f5hineva seerumiga, et v\u00e4ltida \u00e4rritust.<\/p>\n<p><strong>Kasutamine:<\/strong><br \/>\nMasseerida puhtale kuivale nahale igal hommikul ja \u00f5htul.<\/p>\n<p><strong>Koostis:<\/strong><br \/>\naqua\/water\/eau, gl\u00fctseriin, coco-caprylate, sorbitani stearaat, propandiool, saccharomyces\/xylinum\/black tea ferment, argania spinosa kernel oil, prunus amygdalus dulcis (sweet almond) oil, cetyl alcohol, prunus armeniaca (apricot) kernel oil, butyrospermum parkii (shea) butter, oenothera biennis (evening primrose) oil, skvalaan, decyl oleate, pantenool, alpha-glucan oligosaccharide, chondrus crispus (carrageenan) extract, sodium polyglutamate, hippophae rhamnoides fruit extract, annona cherimola fruit extract, albatrellus confluens (mushroom) extract, phospholipids, chlorella vulgaris extract, undaria pinnatifida extract, sphingolipids, rosa centifolia flower extract, rosa damascena flower oil, rosa damascena flower water, rosmarinus officinalis (rosemary) leaf extract, pantolaktoon, ascorbyl palmitate, letsitiin, ksantaankummi, tokoferool, helianthus annuus (p\u00e4evalille) seemne\u00f5li, sodium hydroxide, sodium citrate, biosaccharide gum-1, sidrunhape, fen\u00fc\u00fclpropanool, hydrogenated palm glycerides citrate, pent\u00fcleengl\u00fckool, karbomeer, fen\u00fc\u00fcletanool, fenoks\u00fcetanool, disodium edta, et\u00fc\u00fclheks\u00fc\u00fclgl\u00fctseriin, potassium sorbate, potassium benzoate, sodium benzoate, sodium dehydroacetate, blue 1 (ci 42090).<\/p>\n<\/div>\n<\/div>\n<\/div>\n<\/div>\n<div class=\"mb-2 flex gap-3 empty:hidden -ml-2\">\n<div class=\"items-center justify-start rounded-xl p-1 flex\">\n<div class=\"flex items-center\">\n<div class=\"flex items-center pb-0\"><\/div>\n<\/div>\n<\/div>\n<\/div>\n<\/li>\n<\/ul>\n","protected":false},"excerpt":{"rendered":"<div class=\"flex max-w-full flex-col flex-grow\">\n<div class=\"min-h-8 text-message flex w-full flex-col items-end gap-2 whitespace-normal break-words [.text-message+&amp;]:mt-5\" dir=\"auto\" data-message-author-role=\"assistant\" data-message-id=\"cc462fb0-795b-4225-9db5-f3630d710f82\" data-message-model-slug=\"gpt-4o\">\n<div class=\"flex w-full flex-col gap-1 empty:hidden first:pt-[3px]\">\n<div class=\"markdown prose w-full break-words dark:prose-invert light\">\n<p><strong>Instytutum SuperBiotic Plant-Based Ceramide Cream<\/strong> kaitseb stressi tekitavate tegurite m\u00f5ju eest, tugevdades naha loomulikku kaitsebarj\u00e4\u00e4ri ja tasakaalustades mikrobioomi. Kerge ja kiiresti imenduv koostis tagab pikaajalise niisutuse ja loob kaitsekihi, mis leevendab kuivust, tuhmust ja \u00e4rritust. Sisaldab biokompatseid tseramiide, omega-rasvhappeid, skvalaani, pol\u00fcglutamiinhapet ja t\u00f5husat prebiootikumide ja probiootikumide kompleksi. Kreem p\u00e4rsib kollageenikiudude n\u00f5rgenemist ja j\u00e4tab naha s\u00e4ravaks.<\/p>\n<\/div>\n<\/div>\n<\/div>\n<\/div>\n<div class=\"mb-2 flex gap-3 empty:hidden -ml-2\"><\/div>\n","protected":false},"featured_media":29976,"template":"","meta":{"_seopress_robots_primary_cat":"none","_seopress_titles_title":"","_seopress_titles_desc":"","_seopress_robots_index":""},"item":[2032],"product_cat":[1813,151,1910,1928,1849,1852,1854],"product_tag":[1882,1888],"class_list":{"0":"post-29981","1":"product","2":"type-product","3":"status-publish","4":"has-post-thumbnail","6":"item-instytutum-et","7":"product_cat-otstarve","8":"product_cat-kreem-et","9":"product_cat-nahahooldus","10":"product_cat-kreem-et-prof","11":"product_cat-nahahooldus-nahatuubi-jargi","12":"product_cat-kuiv-veetustunud-nahk","13":"product_cat-tundlik-nahk","14":"product_tag-kuiv-veetustunud-nahk","15":"product_tag-tundlik-nahk","17":"first","18":"instock","19":"taxable","20":"shipping-taxable","21":"purchasable","22":"product-type-simple"},"_links":{"self":[{"href":"https:\/\/cutismedical.shop\/et\/wp-json\/wp\/v2\/product\/29981","targetHints":{"allow":["GET"]}}],"collection":[{"href":"https:\/\/cutismedical.shop\/et\/wp-json\/wp\/v2\/product"}],"about":[{"href":"https:\/\/cutismedical.shop\/et\/wp-json\/wp\/v2\/types\/product"}],"wp:featuredmedia":[{"embeddable":true,"href":"https:\/\/cutismedical.shop\/et\/wp-json\/wp\/v2\/media\/29976"}],"wp:attachment":[{"href":"https:\/\/cutismedical.shop\/et\/wp-json\/wp\/v2\/media?parent=29981"}],"wp:term":[{"taxonomy":"item","embeddable":true,"href":"https:\/\/cutismedical.shop\/et\/wp-json\/wp\/v2\/item?post=29981"},{"taxonomy":"product_cat","embeddable":true,"href":"https:\/\/cutismedical.shop\/et\/wp-json\/wp\/v2\/product_cat?post=29981"},{"taxonomy":"product_tag","embeddable":true,"href":"https:\/\/cutismedical.shop\/et\/wp-json\/wp\/v2\/product_tag?post=29981"}],"curies":[{"name":"wp","href":"https:\/\/api.w.org\/{rel}","templated":true}]}}