{"id":29628,"date":"2021-11-09T15:25:15","date_gmt":"2021-11-09T13:25:15","guid":{"rendered":"https:\/\/cutismedical.com\/shop\/maaratlemata\/soskin-paris-glyco-c-pigment-wrinkle-corrective-care-50ml\/"},"modified":"2024-11-03T17:54:20","modified_gmt":"2024-11-03T15:54:20","slug":"soskin-paris-glyco-c-pigment-wrinkle-corrective-care-50ml","status":"publish","type":"product","link":"https:\/\/cutismedical.shop\/et\/shop-es\/nahahooldus\/kreem-et-prof\/soskin-paris-glyco-c-pigment-wrinkle-corrective-care-50ml\/","title":{"rendered":"Soskin Paris. Glyco-C Pigment- ja kortsude korrigeeriv hooldus 50 ml"},"content":{"rendered":"<p>Nahk: normaalne nahk, rasune nahk, kuiv nahk, probleemne nahk, tundlik nahk<br \/>\nProbleemi t\u00fc\u00fcp\/Vajadus: Vananemisvastane hooldus ja lifting, h\u00fcperpigmentatsioon\/\u00fchtlane toon, s\u00e4ra<br \/>\nKellele: K\u00f5igile<br \/>\nVanus: Kuni 25, p\u00e4rast 25<\/p>\n","protected":false},"excerpt":{"rendered":"<p>Gl\u00fckoolhappe ja C-vitamiiniga \u00f6\u00f6kreem kortsude ja pigmentatsiooni korrigeerimiseks.<br \/>\n\u00d5rn noorendav \u00f6\u00f6kreem, mille unikaalne aktiivsete koostisosade koostis muudab koheselt naha struktuuri. \u00d6\u00f6 \u00f6\u00f6 j\u00e4rel siluvad s\u00fcgavad kortsud, peened kortsud kaovad.<\/p>\n","protected":false},"featured_media":29624,"template":"","meta":{"_seopress_robots_primary_cat":"none","_seopress_titles_title":"","_seopress_titles_desc":"","_seopress_robots_index":""},"item":[2044],"product_cat":[1813,151,1910,1928,1849,1851,1852,1853,1858],"product_tag":[1885,1882,1900,1879],"class_list":{"0":"post-29628","1":"product","2":"type-product","3":"status-publish","4":"has-post-thumbnail","6":"item-soskin-paris-et","7":"product_cat-otstarve","8":"product_cat-kreem-et","9":"product_cat-nahahooldus","10":"product_cat-kreem-et-prof","11":"product_cat-nahahooldus-nahatuubi-jargi","12":"product_cat-rasune-ja-probleemne-nahk","13":"product_cat-kuiv-veetustunud-nahk","14":"product_cat-kortsud","15":"product_cat-lotvunud-nahk","16":"product_tag-kortsud","17":"product_tag-kuiv-veetustunud-nahk","18":"product_tag-lotvunud-nahk","19":"product_tag-rasune-ja-probleemne-nahk","21":"first","22":"instock","23":"taxable","24":"shipping-taxable","25":"purchasable","26":"product-type-simple"},"_links":{"self":[{"href":"https:\/\/cutismedical.shop\/et\/wp-json\/wp\/v2\/product\/29628","targetHints":{"allow":["GET"]}}],"collection":[{"href":"https:\/\/cutismedical.shop\/et\/wp-json\/wp\/v2\/product"}],"about":[{"href":"https:\/\/cutismedical.shop\/et\/wp-json\/wp\/v2\/types\/product"}],"wp:featuredmedia":[{"embeddable":true,"href":"https:\/\/cutismedical.shop\/et\/wp-json\/wp\/v2\/media\/29624"}],"wp:attachment":[{"href":"https:\/\/cutismedical.shop\/et\/wp-json\/wp\/v2\/media?parent=29628"}],"wp:term":[{"taxonomy":"item","embeddable":true,"href":"https:\/\/cutismedical.shop\/et\/wp-json\/wp\/v2\/item?post=29628"},{"taxonomy":"product_cat","embeddable":true,"href":"https:\/\/cutismedical.shop\/et\/wp-json\/wp\/v2\/product_cat?post=29628"},{"taxonomy":"product_tag","embeddable":true,"href":"https:\/\/cutismedical.shop\/et\/wp-json\/wp\/v2\/product_tag?post=29628"}],"curies":[{"name":"wp","href":"https:\/\/api.w.org\/{rel}","templated":true}]}}