{"id":29546,"date":"2021-11-08T16:35:34","date_gmt":"2021-11-08T14:35:34","guid":{"rendered":"https:\/\/cutismedical.com\/shop\/maaratlemata\/soskin-paris-anti-wrinkle-moisturizer-50ml\/"},"modified":"2024-11-03T18:26:42","modified_gmt":"2024-11-03T16:26:42","slug":"soskin-paris-anti-wrinkle-moisturizer-50ml","status":"publish","type":"product","link":"https:\/\/cutismedical.shop\/et\/shop-es\/nahahooldus\/kreem-et-prof\/soskin-paris-anti-wrinkle-moisturizer-50ml\/","title":{"rendered":"Soskin Paris. Kortsudevastane niisutav kreem 50 ml"},"content":{"rendered":"<div class=\"easytabs-accordion-item\" tabindex=\"0\" role=\"tab\" aria-labelledby=\"easytabs-slide-label-6557817897166-1\" aria-selected=\"true\">\n<div class=\"flex max-w-full flex-col flex-grow\">\n<div class=\"min-h-8 text-message flex w-full flex-col items-end gap-2 whitespace-normal break-words [.text-message+&amp;]:mt-5\" dir=\"auto\" data-message-author-role=\"assistant\" data-message-id=\"810c86d0-0889-42cc-b4f6-317453debd12\" data-message-model-slug=\"gpt-4o\">\n<div class=\"flex w-full flex-col gap-1 empty:hidden first:pt-[3px]\">\n<div class=\"markdown prose w-full break-words dark:prose-invert light\">\n<p><strong>Koostisained:<\/strong><br \/>\nAqua\/Vesi, Propanediol, PPG-15 Stear\u00fc\u00fclether, Tset\u00fc\u00fclalkohol, Oktildodekanool, PEG-100 Stearaat, Gl\u00fctser\u00fc\u00fclstearaat, Sheav\u00f5i (Butyrospermum Parkii), Dimetikoon, Magusa mandli \u00f5li (Prunus Amygdalus Dulcis), Gl\u00fctseriin, Pent\u00fcleengl\u00fckool, Mesilasvaha (Cera Alba), Alcohol Denat., Letsitiin, Kapr\u00fc\u00fclgl\u00fckool, Kloorfeneesin, L\u00f5hnaaine, Dets\u00fcleengl\u00fckool, Trietanoolamiin, Akrylaatide\/C10-30 alk\u00fc\u00fclaak\u00fclaat-krosspol\u00fcmeer, Prop\u00fcleengl\u00fckool, Pantenool, Fenoks\u00fcetanool, Biosahhariidkumm-1, Tokofer\u00fc\u00fclatsetaat, Dinaatrium EDTA, Linoolhape, Retin\u00fc\u00fclpalmitaat, Aasiatikosiid, P\u00e4evalille\u00f5li (Helianthus Annuus), Aasiathape, Madecassikhape, Linoleenhape.<\/p>\n<p>&nbsp;<\/p>\n<\/div>\n<\/div>\n<\/div>\n<\/div>\n<\/div>\n","protected":false},"excerpt":{"rendered":"<p><strong>Hooldus vananevale nahale, dermise maatriksi ja epidermise barj\u00e4\u00e4ri taastamine, foto vananemise ennetamine, niisutamine deh\u00fcdreeritud nahale.<\/strong><br \/>\nKapseldatud Aasia vesinaba ekstrakt soodustab kollageeni, elastiini ja gl\u00fckosaminogl\u00fckaanide s\u00fcnteesi. Kreem parandab naha elastsust ja tugevust, v\u00e4hendab olemasolevate kortsude s\u00fcgavust ja ennetab uute tekkimist.<\/p>\n","protected":false},"featured_media":29594,"template":"","meta":{"_seopress_robots_primary_cat":"none","_seopress_titles_title":"","_seopress_titles_desc":"","_seopress_robots_index":""},"item":[2044],"product_cat":[1813,151,1910,1928,1849,1851,1852,1853,1854,1858],"product_tag":[1885,1882,1879,1888],"class_list":{"0":"post-29546","1":"product","2":"type-product","3":"status-publish","4":"has-post-thumbnail","6":"item-soskin-paris-et","7":"product_cat-otstarve","8":"product_cat-kreem-et","9":"product_cat-nahahooldus","10":"product_cat-kreem-et-prof","11":"product_cat-nahahooldus-nahatuubi-jargi","12":"product_cat-rasune-ja-probleemne-nahk","13":"product_cat-kuiv-veetustunud-nahk","14":"product_cat-kortsud","15":"product_cat-tundlik-nahk","16":"product_cat-lotvunud-nahk","17":"product_tag-kortsud","18":"product_tag-kuiv-veetustunud-nahk","19":"product_tag-rasune-ja-probleemne-nahk","20":"product_tag-tundlik-nahk","22":"first","23":"instock","24":"taxable","25":"shipping-taxable","26":"purchasable","27":"product-type-simple"},"_links":{"self":[{"href":"https:\/\/cutismedical.shop\/et\/wp-json\/wp\/v2\/product\/29546","targetHints":{"allow":["GET"]}}],"collection":[{"href":"https:\/\/cutismedical.shop\/et\/wp-json\/wp\/v2\/product"}],"about":[{"href":"https:\/\/cutismedical.shop\/et\/wp-json\/wp\/v2\/types\/product"}],"wp:featuredmedia":[{"embeddable":true,"href":"https:\/\/cutismedical.shop\/et\/wp-json\/wp\/v2\/media\/29594"}],"wp:attachment":[{"href":"https:\/\/cutismedical.shop\/et\/wp-json\/wp\/v2\/media?parent=29546"}],"wp:term":[{"taxonomy":"item","embeddable":true,"href":"https:\/\/cutismedical.shop\/et\/wp-json\/wp\/v2\/item?post=29546"},{"taxonomy":"product_cat","embeddable":true,"href":"https:\/\/cutismedical.shop\/et\/wp-json\/wp\/v2\/product_cat?post=29546"},{"taxonomy":"product_tag","embeddable":true,"href":"https:\/\/cutismedical.shop\/et\/wp-json\/wp\/v2\/product_tag?post=29546"}],"curies":[{"name":"wp","href":"https:\/\/api.w.org\/{rel}","templated":true}]}}