{"id":29533,"date":"2021-11-08T15:24:52","date_gmt":"2021-11-08T13:24:52","guid":{"rendered":"https:\/\/cutismedical.com\/shop\/maaratlemata\/soskin-paris-n-btx-expression-line-corrector-serum-30ml\/"},"modified":"2024-11-03T18:31:46","modified_gmt":"2024-11-03T16:31:46","slug":"soskin-paris-n-btx-expression-line-corrector-serum-30ml","status":"publish","type":"product","link":"https:\/\/cutismedical.shop\/et\/shop-es\/nahahooldus\/silmaumbruse-hooldus-et\/soskin-paris-n-btx-expression-line-corrector-serum-30ml\/","title":{"rendered":"Soskin Paris. n-BTX Miimiliste Joonte Korrektoorseerum 30 ml"},"content":{"rendered":"<p><strong>Aktiivsed koostisained:<\/strong><\/p>\n<ul>\n<li>H\u00fcaluroonhape<\/li>\n<li>Heksapeptiid-8<\/li>\n<li>&#8220;Pehme fookuse&#8221; pigmendid<\/li>\n<\/ul>\n<p><strong>M\u00e4rgatavad tulemused:<\/strong><\/p>\n<p>Igal hommikul muutuvad miimilised jooned v\u00e4hem m\u00e4rgatavaks, nahk tundub l\u00f5dvestunud ja siledam, n\u00e4ojooned n\u00e4evad nooremad v\u00e4lja. \u00dclimalt siluv ja peaaegu m\u00e4rkamatu tekstuur.<\/p>\n<p><strong>Kasutusjuhised:<\/strong><\/p>\n<p>Enne nahahooldust kandke puhastatud nahale sihtpiirkondadesse hommikul ja\/v\u00f5i \u00f5htul. Patsutage kergelt kuni t\u00e4ieliku imendumiseni.<\/p>\n<p>&nbsp;<\/p>\n","protected":false},"excerpt":{"rendered":"<p>L\u00f5dvestab ja silub kortsude v\u00e4ljan\u00e4gemist, takistades nende p\u00fcsivat tekkimist ning andes nahale pehmendatud mikroreljeefi ja peente joonte ilme.<\/p>\n","protected":false},"featured_media":29528,"template":"","meta":{"_seopress_robots_primary_cat":"none","_seopress_titles_title":"","_seopress_titles_desc":"","_seopress_robots_index":""},"item":[2044],"product_cat":[1813,1845,1846,363,1910,1922,1925,1931,1849,1854],"product_tag":[1888],"class_list":{"0":"post-29533","1":"product","2":"type-product","3":"status-publish","4":"has-post-thumbnail","6":"item-soskin-paris-et","7":"product_cat-otstarve","8":"product_cat-silmaumbruse-hooldus","9":"product_cat-huulte-hooldus","10":"product_cat-seerum-et","11":"product_cat-nahahooldus","12":"product_cat-silmaumbruse-hooldus-et","13":"product_cat-huulte-hooldus-et","14":"product_cat-seerum-et-prof","15":"product_cat-nahahooldus-nahatuubi-jargi","16":"product_cat-tundlik-nahk","17":"product_tag-tundlik-nahk","19":"first","20":"instock","21":"taxable","22":"shipping-taxable","23":"purchasable","24":"product-type-simple"},"_links":{"self":[{"href":"https:\/\/cutismedical.shop\/et\/wp-json\/wp\/v2\/product\/29533","targetHints":{"allow":["GET"]}}],"collection":[{"href":"https:\/\/cutismedical.shop\/et\/wp-json\/wp\/v2\/product"}],"about":[{"href":"https:\/\/cutismedical.shop\/et\/wp-json\/wp\/v2\/types\/product"}],"wp:featuredmedia":[{"embeddable":true,"href":"https:\/\/cutismedical.shop\/et\/wp-json\/wp\/v2\/media\/29528"}],"wp:attachment":[{"href":"https:\/\/cutismedical.shop\/et\/wp-json\/wp\/v2\/media?parent=29533"}],"wp:term":[{"taxonomy":"item","embeddable":true,"href":"https:\/\/cutismedical.shop\/et\/wp-json\/wp\/v2\/item?post=29533"},{"taxonomy":"product_cat","embeddable":true,"href":"https:\/\/cutismedical.shop\/et\/wp-json\/wp\/v2\/product_cat?post=29533"},{"taxonomy":"product_tag","embeddable":true,"href":"https:\/\/cutismedical.shop\/et\/wp-json\/wp\/v2\/product_tag?post=29533"}],"curies":[{"name":"wp","href":"https:\/\/api.w.org\/{rel}","templated":true}]}}