{"id":29437,"date":"2021-11-04T18:04:55","date_gmt":"2021-11-04T16:04:56","guid":{"rendered":"https:\/\/cutismedical.com\/?post_type=product&#038;p=29437"},"modified":"2024-11-03T19:23:55","modified_gmt":"2024-11-03T17:23:55","slug":"twac-3-0-3ml","status":"publish","type":"product","link":"https:\/\/cutismedical.shop\/et\/shop-es\/biorevitalisant-et\/twac-3-0-3ml\/","title":{"rendered":"TwAc 3.0 3 ml. \/ PDRN \/ pol\u00fcnukleotiidid \/"},"content":{"rendered":"<section class=\"sppb-section \">\n<div class=\"sppb-row\">\n<div class=\"sppb-col-sm-6\">\n<div class=\"sppb-addon-container\">\n<div class=\"sppb-addon sppb-addon-raw-html \">\n<div class=\"sppb-addon-content\">\n<a href=\"https:\/\/cutismedical.com\/wp-content\/uploads\/2021\/11\/mlxnha8jlma.jpg\"><img loading=\"lazy\" decoding=\"async\" class=\"alignnone size-full wp-image-29719\" src=\"https:\/\/cutismedical.com\/wp-content\/uploads\/2021\/11\/mlxnha8jlma.jpg\" alt=\"\" width=\"1000\" height=\"537\" srcset=\"https:\/\/cutismedical.shop\/wp-content\/uploads\/2021\/11\/mlxnha8jlma.jpg 1000w, https:\/\/cutismedical.shop\/wp-content\/uploads\/2021\/11\/mlxnha8jlma-150x81.jpg 150w, https:\/\/cutismedical.shop\/wp-content\/uploads\/2021\/11\/mlxnha8jlma-592x318.jpg 592w, https:\/\/cutismedical.shop\/wp-content\/uploads\/2021\/11\/mlxnha8jlma-745x400.jpg 745w, https:\/\/cutismedical.shop\/wp-content\/uploads\/2021\/11\/mlxnha8jlma-768x412.jpg 768w, https:\/\/cutismedical.shop\/wp-content\/uploads\/2021\/11\/mlxnha8jlma-510x274.jpg 510w\" sizes=\"auto, (max-width: 1000px) 100vw, 1000px\" \/><\/a><\/p>\n<p><b>POL\u00dcNUKLEOTIIDID<\/b> on muutunud t\u00f5eliseks sensatsiooniks kosmetoloogia maailmas. Pol\u00fcnukleotiidid on &#8220;ehituskivid&#8221;, mis taastavad nahka seestpoolt, suurendavad kollageeni tootmist ja on tugev kasvufaktorite stimulaator.<\/p>\n<\/div><\/div>\n<div class=\"sppb-addon sppb-addon-raw-html \">\n<div class=\"sppb-addon-content\">\n<b>PDRN<\/b> on &#8220;pro-medicament&#8221;, mis varustab rakke piisava koguse desoks\u00fcribonukleotiidide, desoks\u00fcribonukleosiidide ja l\u00e4mmastikalustega.<\/p>\n<\/div><\/div>\n<\/p><\/div>\n<\/p><\/div>\n<div class=\"sppb-col-sm-6\">\n<div class=\"sppb-addon-containerfunkaddon\">\n<div class=\"sppb-addon sppb-addon-single-image sppb-text-center \">\n<h4 class=\"sppb-addon-content\"><strong><span style=\"font-size: 100%;\">Ohutus ja t\u00f5husus<\/span><\/strong><\/h4>\n<\/p><\/div>\n<\/p><\/div>\n<\/p><\/div>\n<\/p><\/div>\n<\/section>\n<section class=\"sppb-section \">\n<div class=\"sppb-row\">\n<div class=\"sppb-col-sm-6\">\n<div class=\"sppb-addon-container\"><span style=\"color: #555555;\">PDRN-i proliferatiivne aktiivsus on m\u00e4rkimisv\u00e4\u00e4rselt allasurutud A2 antagonisti 3,7-Dimet\u00fc\u00fcl-proparg\u00fc\u00fclksantiini (DMPX) poolt, kuid mitte A1 antagonisti 8-ts\u00fcklopent\u00fc\u00fcl-1,3-diprop\u00fc\u00fclksantiini (PD 116,948, DPCPX) poolt. Vastavalt j\u00e4ljendab PDRN-i troofilist toimet A2 agonist N6-[2-(3,5-Dimetoks\u00fcfen\u00fc\u00fcl)-2-(met\u00fc\u00fclfen\u00fc\u00fcl)-et\u00fc\u00fcl adenosine (DPMA), samas kui A1 agonist N6-ts\u00fcklopent\u00fc\u00fcl-adenosiin (CPA) ei avalda mingit m\u00f5ju. Mikrofloomeetrilistes uuringutes t\u00e4heldasime, et PDRN ja adenosine suurendavad ts\u00fctosoolsete kaltsiumiioonide kontsentratsiooni. PDRN-i esilekutsutud kaltsiumit\u00f5us oli doosist s\u00f5ltuv ja DMPX-i tundlik. Meie tulemused viitavad sellele, et PDRN v\u00f5ib toimida pro-ravimina, pakkudes kasvatatud rakkudele efektiivset kogust mitoogeenseid desoks\u00fcribonukleotiide, desoks\u00fcribonukleosiide ja l\u00e4mmastikaluseid; lisaks n\u00e4ib, et PDRN-i poolt esile kutsutud rakkude paljunemise suurenemine on v\u00e4hemalt osaliselt seotud A2 alat\u00fc\u00fcpi puriinergiliste retseptorite aktiveerimisega.<\/span><\/div>\n<\/p><\/div>\n<\/p><\/div>\n<\/section>\n<section class=\"sppb-section \">\n<div class=\"sppb-row\">\n<div class=\"sppb-col-sm-7\">\n<div class=\"sppb-addon-container\">\n<div class=\"sppb-addon sppb-addon-raw-html \">\n<div><\/div>\n<div class=\"sppb-addon-content\">\nPDRN oma struktuurilt on DNA molekuli fragment, unikaalne pol\u00fcmeerne molekul mitmesuguste positiivsete omadustega, mis m\u00f5jutavad rakuprotsesse inimkehas ja hom\u00f6ostaasi ilma toksilisuse ja vastun\u00e4idustusteta.<\/p>\n<p>Teadusuuringud on n\u00e4idanud, et madala molekulmassiga DNA, mille molekulmass on alla 500 kDa, ei kanna geneetilist teavet. On teada, et selline madala molekulmassiga DNA ei saa p\u00f5hjustada geneetilist transformatsiooni isegi bakteris\u00fcsteemides. Ei ole t\u00e4heldatud allergilisi ega muid k\u00f5rvaltoimeid ega t\u00f5siseid k\u00f5rvaltoimeid.<\/p>\n<p><a href=\"https:\/\/cutismedical.com\/wp-content\/uploads\/2021\/11\/4grfvodhxkq.jpg\"><img loading=\"lazy\" decoding=\"async\" class=\"alignnone size-full wp-image-29704\" src=\"https:\/\/cutismedical.com\/wp-content\/uploads\/2021\/11\/4grfvodhxkq.jpg\" alt=\"\" width=\"787\" height=\"597\" srcset=\"https:\/\/cutismedical.shop\/wp-content\/uploads\/2021\/11\/4grfvodhxkq.jpg 787w, https:\/\/cutismedical.shop\/wp-content\/uploads\/2021\/11\/4grfvodhxkq-150x114.jpg 150w, https:\/\/cutismedical.shop\/wp-content\/uploads\/2021\/11\/4grfvodhxkq-592x449.jpg 592w, https:\/\/cutismedical.shop\/wp-content\/uploads\/2021\/11\/4grfvodhxkq-527x400.jpg 527w, https:\/\/cutismedical.shop\/wp-content\/uploads\/2021\/11\/4grfvodhxkq-768x583.jpg 768w, https:\/\/cutismedical.shop\/wp-content\/uploads\/2021\/11\/4grfvodhxkq-510x387.jpg 510w\" sizes=\"auto, (max-width: 787px) 100vw, 787px\" \/><\/a><\/p>\n<table>\n<tbody>\n<tr>\n<td width=\"467\"><a href=\"https:\/\/cutismedical.com\/wp-content\/uploads\/2021\/11\/unlhix9ewes.jpg\"><img loading=\"lazy\" decoding=\"async\" class=\"alignnone size-full wp-image-29707\" src=\"https:\/\/cutismedical.com\/wp-content\/uploads\/2021\/11\/unlhix9ewes.jpg\" alt=\"\" width=\"959\" height=\"633\" srcset=\"https:\/\/cutismedical.shop\/wp-content\/uploads\/2021\/11\/unlhix9ewes.jpg 959w, https:\/\/cutismedical.shop\/wp-content\/uploads\/2021\/11\/unlhix9ewes-150x99.jpg 150w, https:\/\/cutismedical.shop\/wp-content\/uploads\/2021\/11\/unlhix9ewes-592x391.jpg 592w, https:\/\/cutismedical.shop\/wp-content\/uploads\/2021\/11\/unlhix9ewes-606x400.jpg 606w, https:\/\/cutismedical.shop\/wp-content\/uploads\/2021\/11\/unlhix9ewes-768x507.jpg 768w, https:\/\/cutismedical.shop\/wp-content\/uploads\/2021\/11\/unlhix9ewes-510x337.jpg 510w\" sizes=\"auto, (max-width: 959px) 100vw, 959px\" \/><\/a><\/td>\n<td width=\"467\"><a href=\"https:\/\/cutismedical.com\/wp-content\/uploads\/2021\/11\/pi3qadmiaq-kopija.jpg\"><img loading=\"lazy\" decoding=\"async\" class=\"alignnone size-full wp-image-29710\" src=\"https:\/\/cutismedical.com\/wp-content\/uploads\/2021\/11\/pi3qadmiaq-kopija.jpg\" alt=\"\" width=\"1001\" height=\"437\" srcset=\"https:\/\/cutismedical.shop\/wp-content\/uploads\/2021\/11\/pi3qadmiaq-kopija.jpg 1001w, https:\/\/cutismedical.shop\/wp-content\/uploads\/2021\/11\/pi3qadmiaq-kopija-150x65.jpg 150w, https:\/\/cutismedical.shop\/wp-content\/uploads\/2021\/11\/pi3qadmiaq-kopija-592x258.jpg 592w, https:\/\/cutismedical.shop\/wp-content\/uploads\/2021\/11\/pi3qadmiaq-kopija-800x349.jpg 800w, https:\/\/cutismedical.shop\/wp-content\/uploads\/2021\/11\/pi3qadmiaq-kopija-768x335.jpg 768w, https:\/\/cutismedical.shop\/wp-content\/uploads\/2021\/11\/pi3qadmiaq-kopija-510x223.jpg 510w\" sizes=\"auto, (max-width: 1001px) 100vw, 1001px\" \/><\/a><br \/>\n\u00a0<\/td>\n<\/tr>\n<\/tbody>\n<\/table>\n<div class=\"sppb-addon sppb-addon-raw-html \">\n<div class=\"sppb-addon-content\">\n<h4>Booster s\u00fcsteem TwAc: kolmekordne toime +\u2026<\/h4>\n<h4>Turgori, toonuse ja naha elastsuse suurendamine<\/h4>\n<h4>Pol\u00fcdesoks\u00fcribonukleotiidide v\u00f5ime t\u00f5ttu siduda ja koordineerida veemolekule avaldub kohene niisutav toime, suurendab naha turgorit, toonust ja elastsust. + N\u00e4okudede lifting<\/h4>\n<h4>Vabade radikaalide neutraliseerimine<\/h4>\n<h4>PDRN seob ja neutraliseerib vabad radikaalid. Ekstratsellulaarsete ens\u00fc\u00fcmide m\u00f5jul toimub pol\u00fcnukleotiidide makromolekulide lagunemine, mille tulemusena tekivad metaboliidid, mis omakorda esile kutsuvad antioks\u00fcdantset aktiivsust. + Kliiniline toime kuni 3 kuud<\/h4>\n<h4>Fibroblastide regeneratiivse ja sekretoorse funktsiooni stimuleerimine<\/h4>\n<h4>Loodud on k\u00f5ige soodsamad tingimused dermaalse maatriksi jaoks, stimuleerides ainevahetusaktiivsust ja taastumist. Taastatakse elementide tasakaal, mis moodustavad amorfse maatriksi (gl\u00fckosaminogl\u00fckaanid, gl\u00fckoproteiinid, fibronetiin ja teised valgud), samuti fibrillaarne maatriks (kollageen, retikulaarsed kiud). + Naha tekstuuri parandamine, kudede heledus.<\/h4>\n<\/p><\/div>\n<\/p><\/div>\n<div class=\"sppb-addon sppb-addon-single-image sppb-text-center \">\n<h4 class=\"sppb-addon-title\"><\/h4>\n<\/p><\/div>\n<table>\n<tbody>\n<tr>\n<td width=\"467\"><a href=\"https:\/\/cutismedical.com\/wp-content\/uploads\/2021\/11\/ss8pfpxonho.jpg\"><img loading=\"lazy\" decoding=\"async\" class=\"alignnone size-full wp-image-29713\" src=\"https:\/\/cutismedical.com\/wp-content\/uploads\/2021\/11\/ss8pfpxonho.jpg\" alt=\"\" width=\"635\" height=\"495\" srcset=\"https:\/\/cutismedical.shop\/wp-content\/uploads\/2021\/11\/ss8pfpxonho.jpg 635w, https:\/\/cutismedical.shop\/wp-content\/uploads\/2021\/11\/ss8pfpxonho-150x117.jpg 150w, https:\/\/cutismedical.shop\/wp-content\/uploads\/2021\/11\/ss8pfpxonho-592x461.jpg 592w, https:\/\/cutismedical.shop\/wp-content\/uploads\/2021\/11\/ss8pfpxonho-513x400.jpg 513w, https:\/\/cutismedical.shop\/wp-content\/uploads\/2021\/11\/ss8pfpxonho-510x398.jpg 510w\" sizes=\"auto, (max-width: 635px) 100vw, 635px\" \/><\/a><\/td>\n<td width=\"467\"><a href=\"https:\/\/cutismedical.com\/wp-content\/uploads\/2021\/11\/pi3qadmiaq.jpg\"><img loading=\"lazy\" decoding=\"async\" class=\"alignnone size-full wp-image-29716\" src=\"https:\/\/cutismedical.com\/wp-content\/uploads\/2021\/11\/pi3qadmiaq.jpg\" alt=\"\" width=\"623\" height=\"523\" srcset=\"https:\/\/cutismedical.shop\/wp-content\/uploads\/2021\/11\/pi3qadmiaq.jpg 623w, https:\/\/cutismedical.shop\/wp-content\/uploads\/2021\/11\/pi3qadmiaq-150x126.jpg 150w, https:\/\/cutismedical.shop\/wp-content\/uploads\/2021\/11\/pi3qadmiaq-592x497.jpg 592w, https:\/\/cutismedical.shop\/wp-content\/uploads\/2021\/11\/pi3qadmiaq-476x400.jpg 476w, https:\/\/cutismedical.shop\/wp-content\/uploads\/2021\/11\/pi3qadmiaq-510x428.jpg 510w\" sizes=\"auto, (max-width: 623px) 100vw, 623px\" \/><\/a><\/td>\n<\/tr>\n<\/tbody>\n<\/table>\n<p> &nbsp; <\/p><\/div>\n<\/p><\/div>\n<\/p><\/div>\n<\/p><\/div>\n<\/p><\/div>\n<\/section>\n","protected":false},"excerpt":{"rendered":"<h4><span style=\"color: #ed1c24;\"><strong>Ei ole mu\u0308u\u0308giks ELis!<\/strong><\/span><\/h4>\n<h4><strong>PDRN m\u00f5ju nahale<\/strong><\/h4>\n<ul>\n<li>1 Rakkude kasvu stimuleerimine A2 purinergilise retseptori aktiveerimise kaudu<\/li>\n<li>stimuleerib taastumisprotsesse<\/li>\n<li>kiirendab naha re-epitelisatsiooni ja armistumist<\/li>\n<li>tagab kiire ja harmoonilise granuleerimiskoe moodustumise haava piirkonnas<\/li>\n<li>suurendab rakkude ainevahetusaktiivsust<\/li>\n<li>stimuleerib angiogeneesi<\/li>\n<li>suurendab h\u00fcaluroonhappe niisutavat toimet<\/li>\n<li>v\u00e4hendab proinflammatoorse ts\u00fctokiini TNF-a taset<\/li>\n<li>toimib v\u00e4ga efektiivselt vabade radikaalide p\u00fc\u00fcdurina (kaitseb kahjustuste eest metaboliitide, ksenobiootikumide, temperatuuritegurite jne kaudu);<\/li>\n<li>kaitseb UVB-kiirguse eest.<\/li>\n<\/ul>\n","protected":false},"featured_media":29443,"template":"","meta":{"_seopress_robots_primary_cat":"none","_seopress_titles_title":"","_seopress_titles_desc":"","_seopress_robots_index":""},"item":[2038],"product_cat":[315],"product_tag":[],"class_list":{"0":"post-29437","1":"product","2":"type-product","3":"status-publish","4":"has-post-thumbnail","6":"item-twac-et","7":"product_cat-biorevitalisant-et","9":"first","10":"instock","11":"taxable","12":"shipping-taxable","13":"purchasable","14":"product-type-simple"},"_links":{"self":[{"href":"https:\/\/cutismedical.shop\/et\/wp-json\/wp\/v2\/product\/29437","targetHints":{"allow":["GET"]}}],"collection":[{"href":"https:\/\/cutismedical.shop\/et\/wp-json\/wp\/v2\/product"}],"about":[{"href":"https:\/\/cutismedical.shop\/et\/wp-json\/wp\/v2\/types\/product"}],"wp:featuredmedia":[{"embeddable":true,"href":"https:\/\/cutismedical.shop\/et\/wp-json\/wp\/v2\/media\/29443"}],"wp:attachment":[{"href":"https:\/\/cutismedical.shop\/et\/wp-json\/wp\/v2\/media?parent=29437"}],"wp:term":[{"taxonomy":"item","embeddable":true,"href":"https:\/\/cutismedical.shop\/et\/wp-json\/wp\/v2\/item?post=29437"},{"taxonomy":"product_cat","embeddable":true,"href":"https:\/\/cutismedical.shop\/et\/wp-json\/wp\/v2\/product_cat?post=29437"},{"taxonomy":"product_tag","embeddable":true,"href":"https:\/\/cutismedical.shop\/et\/wp-json\/wp\/v2\/product_tag?post=29437"}],"curies":[{"name":"wp","href":"https:\/\/api.w.org\/{rel}","templated":true}]}}