{"id":29427,"date":"2021-11-04T17:22:35","date_gmt":"2021-11-04T15:22:35","guid":{"rendered":"https:\/\/cutismedical.com\/?post_type=product&#038;p=29427"},"modified":"2024-11-03T19:33:38","modified_gmt":"2024-11-03T17:33:38","slug":"twac-2-0-2ml","status":"publish","type":"product","link":"https:\/\/cutismedical.shop\/et\/shop-es\/biorevitalisant-et\/twac-2-0-2ml\/","title":{"rendered":"TwAc 2.0 2ml. \/ PDRN \/ polynucleotides \/"},"content":{"rendered":"<section class=\"sppb-section \">\n<div class=\"sppb-row\">\n<div class=\"sppb-col-sm-6\">\n<div class=\"sppb-addon-container\">\n<div class=\"sppb-addon sppb-addon-raw-html \">\n<div class=\"sppb-addon-content\">\n<a href=\"https:\/\/cutismedical.com\/wp-content\/uploads\/2021\/11\/mlxnha8jlma.jpg\"><img loading=\"lazy\" decoding=\"async\" class=\"alignnone size-full wp-image-29719\" src=\"https:\/\/cutismedical.com\/wp-content\/uploads\/2021\/11\/mlxnha8jlma.jpg\" alt=\"\" width=\"1000\" height=\"537\" srcset=\"https:\/\/cutismedical.shop\/wp-content\/uploads\/2021\/11\/mlxnha8jlma.jpg 1000w, https:\/\/cutismedical.shop\/wp-content\/uploads\/2021\/11\/mlxnha8jlma-150x81.jpg 150w, https:\/\/cutismedical.shop\/wp-content\/uploads\/2021\/11\/mlxnha8jlma-592x318.jpg 592w, https:\/\/cutismedical.shop\/wp-content\/uploads\/2021\/11\/mlxnha8jlma-745x400.jpg 745w, https:\/\/cutismedical.shop\/wp-content\/uploads\/2021\/11\/mlxnha8jlma-768x412.jpg 768w, https:\/\/cutismedical.shop\/wp-content\/uploads\/2021\/11\/mlxnha8jlma-510x274.jpg 510w\" sizes=\"auto, (max-width: 1000px) 100vw, 1000px\" \/><\/a><\/p>\n<p><b>POL\u00dcNUKLEOTIIDID<\/b> said t\u00f5eliseks sensatsiooniks kosmetoloogia maailmas. Pol\u00fcnukleotiidid on \u201cehituskivid\u201d, mis parandavad nahka seestpoolt, suurendavad kollageeni tootmist ja on tugev kasvufaktorite stimulaator.<\/p>\n<\/div><\/div>\n<div class=\"sppb-addon sppb-addon-raw-html \">\n<div class=\"sppb-addon-content\">\n<b>PDRN<\/b> on \u201cpro-ravim\u201d, mis varustab rakke piisava koguse desoks\u00fcribonukleotiidide, desoks\u00fcribonukleosiidide ja l\u00e4mmastikalustega.<\/p>\n<\/div><\/div>\n<\/p><\/div>\n<\/p><\/div>\n<div class=\"sppb-col-sm-6\">\n<div class=\"sppb-addon-containerfunkaddon\">\n<div class=\"sppb-addon sppb-addon-single-image sppb-text-center \">\n<h4 class=\"sppb-addon-content\"><strong><span style=\"font-size: 100%;\">Ohutus ja t\u00f5husus<\/span><\/strong><\/h4>\n<\/p><\/div>\n<\/p><\/div>\n<\/p><\/div>\n<\/p><\/div>\n<\/section>\n<section class=\"sppb-section \">\n<div class=\"sppb-row\">\n<div class=\"sppb-col-sm-6\">\n<div class=\"sppb-addon-container\"><span style=\"color: #555555;\">PDRN poolt esile kutsutud proliferatiivset aktiivsust v\u00e4hendas oluliselt A2 antagonist 3,7-dimet\u00fc\u00fcl-lpropargsantiin (DMPX), kuid mitte A1 antagonist 8-ts\u00fcklopent\u00fc\u00fcl-1,3-diprop\u00fc\u00fclksantiin (PD 116,948, DPCPX). Vastavalt sellele imiteeriti PDRN troofilist toimet A2 agonisti N6-[2-(3,5-Dimetoks\u00fcfen\u00fc\u00fcl)-2-(met\u00fc\u00fclfen\u00fc\u00fcl)-et\u00fc\u00fcl adenosin (DPMA) abil, samas kui A1 agonist N6-ts\u00fcklopent\u00fc\u00fcladenosiin (CPA) ei n\u00e4idanud mingit toimet. Mikrofotomeetrilistes uuringutes t\u00e4heldasime, et PDRN ja adenosin suurendavad ts\u00fctosoolsete kaltsiumiioonide kontsentratsiooni. PDRN p\u00f5hjustatud kaltsiumit\u00f5us oli doosist s\u00f5ltuv ja DMPX tundlik. Meie tulemused viitavad sellele, et PDRN v\u00f5ib toimida pro-ravimina, pakkudes kultiveeritud rakkudele piisava koguse mitogeenseid desoks\u00fcribonukleotiide, desoks\u00fcribonukleosiide ja aluseid; lisaks tundub, et PDRN-i poolt p\u00f5hjustatud rakkude proliferatsiooni suurenemine on osaliselt seotud A2 alamt\u00fc\u00fcpi purinergiliste retseptorite aktiveerimisega.<\/span><\/div>\n<\/p><\/div>\n<\/p><\/div>\n<\/section>\n<section class=\"sppb-section \">\n<div class=\"sppb-row\">\n<div class=\"sppb-col-sm-7\">\n<div class=\"sppb-addon-container\">\n<div class=\"sppb-addon sppb-addon-raw-html \">\n<div><\/div>\n<div class=\"sppb-addon-content\">\nOma struktuurilt on PDRN DNA molekuli fragment, ainulaadne pol\u00fcmeermolekul, millel on mitmeid positiivseid omadusi, mis m\u00f5jutavad inimese kehas toimuvaid rakuprotsesse ja homeostaasi, ilma toksilisuse ja vastun\u00e4idustusteta.<\/p>\n<p>Teadusuuringud on n\u00e4idanud, et madalmolekulaarne DNA, mille molekulmass on alla 500 kDa, ei kanna geneetilist informatsiooni. On teada, et selline madalmolekulaarne DNA ei suuda p\u00f5hjustada geneetilist transformatsiooni isegi bakteris\u00fcsteemides. Allergilisi v\u00f5i muid k\u00f5rvaltoimeid ega t\u00f5siseid k\u00f5rvaln\u00e4hte ei ole esinenud.<\/p>\n<p><a href=\"https:\/\/cutismedical.com\/wp-content\/uploads\/2021\/11\/4grfvodhxkq.jpg\"><img loading=\"lazy\" decoding=\"async\" class=\"alignnone size-full wp-image-29704\" src=\"https:\/\/cutismedical.com\/wp-content\/uploads\/2021\/11\/4grfvodhxkq.jpg\" alt=\"\" width=\"787\" height=\"597\" srcset=\"https:\/\/cutismedical.shop\/wp-content\/uploads\/2021\/11\/4grfvodhxkq.jpg 787w, https:\/\/cutismedical.shop\/wp-content\/uploads\/2021\/11\/4grfvodhxkq-150x114.jpg 150w, https:\/\/cutismedical.shop\/wp-content\/uploads\/2021\/11\/4grfvodhxkq-592x449.jpg 592w, https:\/\/cutismedical.shop\/wp-content\/uploads\/2021\/11\/4grfvodhxkq-527x400.jpg 527w, https:\/\/cutismedical.shop\/wp-content\/uploads\/2021\/11\/4grfvodhxkq-768x583.jpg 768w, https:\/\/cutismedical.shop\/wp-content\/uploads\/2021\/11\/4grfvodhxkq-510x387.jpg 510w\" sizes=\"auto, (max-width: 787px) 100vw, 787px\" \/><\/a><\/p>\n<table>\n<tbody>\n<tr>\n<td width=\"467\"><a href=\"https:\/\/cutismedical.com\/wp-content\/uploads\/2021\/11\/unlhix9ewes.jpg\"><img loading=\"lazy\" decoding=\"async\" class=\"alignnone size-full wp-image-29707\" src=\"https:\/\/cutismedical.com\/wp-content\/uploads\/2021\/11\/unlhix9ewes.jpg\" alt=\"\" width=\"959\" height=\"633\" srcset=\"https:\/\/cutismedical.shop\/wp-content\/uploads\/2021\/11\/unlhix9ewes.jpg 959w, https:\/\/cutismedical.shop\/wp-content\/uploads\/2021\/11\/unlhix9ewes-150x99.jpg 150w, https:\/\/cutismedical.shop\/wp-content\/uploads\/2021\/11\/unlhix9ewes-592x391.jpg 592w, https:\/\/cutismedical.shop\/wp-content\/uploads\/2021\/11\/unlhix9ewes-606x400.jpg 606w, https:\/\/cutismedical.shop\/wp-content\/uploads\/2021\/11\/unlhix9ewes-768x507.jpg 768w, https:\/\/cutismedical.shop\/wp-content\/uploads\/2021\/11\/unlhix9ewes-510x337.jpg 510w\" sizes=\"auto, (max-width: 959px) 100vw, 959px\" \/><\/a><\/td>\n<td width=\"467\"><a href=\"https:\/\/cutismedical.com\/wp-content\/uploads\/2021\/11\/pi3qadmiaq-kopija.jpg\"><img loading=\"lazy\" decoding=\"async\" class=\"alignnone size-full wp-image-29710\" src=\"https:\/\/cutismedical.com\/wp-content\/uploads\/2021\/11\/pi3qadmiaq-kopija.jpg\" alt=\"\" width=\"1001\" height=\"437\" srcset=\"https:\/\/cutismedical.shop\/wp-content\/uploads\/2021\/11\/pi3qadmiaq-kopija.jpg 1001w, https:\/\/cutismedical.shop\/wp-content\/uploads\/2021\/11\/pi3qadmiaq-kopija-150x65.jpg 150w, https:\/\/cutismedical.shop\/wp-content\/uploads\/2021\/11\/pi3qadmiaq-kopija-592x258.jpg 592w, https:\/\/cutismedical.shop\/wp-content\/uploads\/2021\/11\/pi3qadmiaq-kopija-800x349.jpg 800w, https:\/\/cutismedical.shop\/wp-content\/uploads\/2021\/11\/pi3qadmiaq-kopija-768x335.jpg 768w, https:\/\/cutismedical.shop\/wp-content\/uploads\/2021\/11\/pi3qadmiaq-kopija-510x223.jpg 510w\" sizes=\"auto, (max-width: 1001px) 100vw, 1001px\" \/><\/a><br \/>\n\u00a0<\/td>\n<\/tr>\n<\/tbody>\n<\/table>\n<div class=\"sppb-addon sppb-addon-raw-html \">\n<div class=\"sppb-addon-content\">\n<h4>Booster-s\u00fcsteem TwAc: kolmekordne toime +\u2026<\/h4>\n<h4>Naha turgori, toonuse ja elastsuse suurendamine<\/h4>\n<h4>T\u00e4nu pol\u00fcdoks\u00fcribonukleotiidide v\u00f5imele siduda ja koordineerida veemolekule, on kohene niisutav toime, mis suurendab naha turgorit, toonust ja elastsust. + N\u00e4okudede t\u00f5stmine<\/h4>\n<h4>Vabade radikaalide neutraliseerimine<\/h4>\n<h4>PDRN-id seovad ja neutraliseerivad vabad radikaalid. V\u00e4liste ens\u00fc\u00fcmide m\u00f5jul toimub pol\u00fcnukleotiidmakromolekulide lagunemine, moodustades metaboliite, mis omakorda p\u00f5hjustavad antioks\u00fcdantset aktiivsust. + Kliiniline efekt kuni 3 kuud<\/h4>\n<h4>Fibroblastide regeneratiivse ja sekretoorse funktsiooni stimuleerimine<\/h4>\n<h4>Loob dermises k\u00f5ige soodsamad tingimused, stimuleerides ainevahetuslikku aktiivsust ja regeneratsiooni. Taastab amorfse maatriksi koostisosade tasakaalu (gl\u00fckosaminogl\u00fckaanid, gl\u00fckoproteiinid, fibronetiin ja teised valgud), samuti fibriilmaatriksit (kollageen, retikulaarsed kiud). + Naha tekstuuri parandamine, kudede heledamaks muutmine.<\/h4>\n<\/p><\/div>\n<\/p><\/div>\n<div class=\"sppb-addon sppb-addon-single-image sppb-text-center \">\n<h4 class=\"sppb-addon-title\"><\/h4>\n<\/p><\/div>\n<table>\n<tbody>\n<tr>\n<td width=\"467\"><a href=\"https:\/\/cutismedical.com\/wp-content\/uploads\/2021\/11\/ss8pfpxonho.jpg\"><img loading=\"lazy\" decoding=\"async\" class=\"alignnone size-full wp-image-29713\" src=\"https:\/\/cutismedical.com\/wp-content\/uploads\/2021\/11\/ss8pfpxonho.jpg\" alt=\"\" width=\"635\" height=\"495\" srcset=\"https:\/\/cutismedical.shop\/wp-content\/uploads\/2021\/11\/ss8pfpxonho.jpg 635w, https:\/\/cutismedical.shop\/wp-content\/uploads\/2021\/11\/ss8pfpxonho-150x117.jpg 150w, https:\/\/cutismedical.shop\/wp-content\/uploads\/2021\/11\/ss8pfpxonho-592x461.jpg 592w, https:\/\/cutismedical.shop\/wp-content\/uploads\/2021\/11\/ss8pfpxonho-513x400.jpg 513w, https:\/\/cutismedical.shop\/wp-content\/uploads\/2021\/11\/ss8pfpxonho-510x398.jpg 510w\" sizes=\"auto, (max-width: 635px) 100vw, 635px\" \/><\/a><\/td>\n<td width=\"467\"><a href=\"https:\/\/cutismedical.com\/wp-content\/uploads\/2021\/11\/pi3qadmiaq.jpg\"><img loading=\"lazy\" decoding=\"async\" class=\"alignnone size-full wp-image-29716\" src=\"https:\/\/cutismedical.com\/wp-content\/uploads\/2021\/11\/pi3qadmiaq.jpg\" alt=\"\" width=\"623\" height=\"523\" srcset=\"https:\/\/cutismedical.shop\/wp-content\/uploads\/2021\/11\/pi3qadmiaq.jpg 623w, https:\/\/cutismedical.shop\/wp-content\/uploads\/2021\/11\/pi3qadmiaq-150x126.jpg 150w, https:\/\/cutismedical.shop\/wp-content\/uploads\/2021\/11\/pi3qadmiaq-592x497.jpg 592w, https:\/\/cutismedical.shop\/wp-content\/uploads\/2021\/11\/pi3qadmiaq-476x400.jpg 476w, https:\/\/cutismedical.shop\/wp-content\/uploads\/2021\/11\/pi3qadmiaq-510x428.jpg 510w\" sizes=\"auto, (max-width: 623px) 100vw, 623px\" \/><\/a><\/td>\n<\/tr>\n<\/tbody>\n<\/table>\n<p> &nbsp; <\/p><\/div>\n<\/p><\/div>\n<\/p><\/div>\n<\/p><\/div>\n<\/p><\/div>\n<\/section>\n","protected":false},"excerpt":{"rendered":"<p><span style=\"color: #ed1c24;\"><strong>Ei ole mu\u0308u\u0308giks ELis!<\/strong><\/span><\/p>\n<h4><strong>PDRN m\u00f5ju nahale<\/strong><\/h4>\n<ul>\n<li>1 Rakukasvu soodustamine l\u00e4bi A2 purinergilise retseptori aktiveerimise<\/li>\n<li>taastamisprotsesside stimuleerimine<\/li>\n<li>naha kiire epiteliseerimine ja armistumine<\/li>\n<li>kiire ja harmoonilise granulatsioonkoe moodustumine haava piirkonnas<\/li>\n<li>rakkude ainevahetusliku aktiivsuse suurendamine<\/li>\n<li>angiogeneesi stimuleerimine<\/li>\n<li>h\u00fcaluroonhappe niisutava efekti suurendamine<\/li>\n<li>p\u00f5letikuvastase ts\u00fctokiini TNF-a taseme v\u00e4hendamine<\/li>\n<li>t\u00f5husad vabade radikaalide p\u00fc\u00fcdjad (kaitse kahjustuste eest, mida p\u00f5hjustavad metaboliidid, ksenobiootikumid, temperatuurifaktorid jne);<\/li>\n<li>kaitse UVB-kiirguse eest.<\/li>\n<\/ul>\n","protected":false},"featured_media":29430,"template":"","meta":{"_seopress_robots_primary_cat":"none","_seopress_titles_title":"","_seopress_titles_desc":"","_seopress_robots_index":""},"item":[2038],"product_cat":[315],"product_tag":[],"class_list":{"0":"post-29427","1":"product","2":"type-product","3":"status-publish","4":"has-post-thumbnail","6":"item-twac-et","7":"product_cat-biorevitalisant-et","9":"first","10":"instock","11":"taxable","12":"shipping-taxable","13":"purchasable","14":"product-type-simple"},"_links":{"self":[{"href":"https:\/\/cutismedical.shop\/et\/wp-json\/wp\/v2\/product\/29427","targetHints":{"allow":["GET"]}}],"collection":[{"href":"https:\/\/cutismedical.shop\/et\/wp-json\/wp\/v2\/product"}],"about":[{"href":"https:\/\/cutismedical.shop\/et\/wp-json\/wp\/v2\/types\/product"}],"wp:featuredmedia":[{"embeddable":true,"href":"https:\/\/cutismedical.shop\/et\/wp-json\/wp\/v2\/media\/29430"}],"wp:attachment":[{"href":"https:\/\/cutismedical.shop\/et\/wp-json\/wp\/v2\/media?parent=29427"}],"wp:term":[{"taxonomy":"item","embeddable":true,"href":"https:\/\/cutismedical.shop\/et\/wp-json\/wp\/v2\/item?post=29427"},{"taxonomy":"product_cat","embeddable":true,"href":"https:\/\/cutismedical.shop\/et\/wp-json\/wp\/v2\/product_cat?post=29427"},{"taxonomy":"product_tag","embeddable":true,"href":"https:\/\/cutismedical.shop\/et\/wp-json\/wp\/v2\/product_tag?post=29427"}],"curies":[{"name":"wp","href":"https:\/\/api.w.org\/{rel}","templated":true}]}}