{"id":29421,"date":"2021-11-04T14:57:17","date_gmt":"2021-11-04T12:57:17","guid":{"rendered":"https:\/\/cutismedical.com\/shop\/maaratlemata\/twac-eyes-1ml\/"},"modified":"2025-02-19T14:32:32","modified_gmt":"2025-02-19T12:32:32","slug":"twac-eyes-1ml","status":"publish","type":"product","link":"https:\/\/cutismedical.shop\/et\/shop-es\/biorevitalisant-et\/twac-eyes-1ml\/","title":{"rendered":"TwAc eyes 1 ml. \/ PDRN \/ pol\u00fcnukleotiidid \/"},"content":{"rendered":"<section class=\"sppb-section \">\n<div class=\"sppb-row\">\n<div class=\"sppb-col-sm-6\">\n<div class=\"sppb-addon-container\">\n<div class=\"sppb-addon sppb-addon-raw-html \">\n<div class=\"sppb-addon-content\"><a href=\"https:\/\/cutismedical.com\/wp-content\/uploads\/2021\/11\/mlxnha8jlma.jpg\"><img loading=\"lazy\" decoding=\"async\" class=\"alignnone size-full wp-image-29719\" src=\"https:\/\/cutismedical.com\/wp-content\/uploads\/2021\/11\/mlxnha8jlma.jpg\" alt=\"\" width=\"1000\" height=\"537\" srcset=\"https:\/\/cutismedical.shop\/wp-content\/uploads\/2021\/11\/mlxnha8jlma.jpg 1000w, https:\/\/cutismedical.shop\/wp-content\/uploads\/2021\/11\/mlxnha8jlma-150x81.jpg 150w, https:\/\/cutismedical.shop\/wp-content\/uploads\/2021\/11\/mlxnha8jlma-592x318.jpg 592w, https:\/\/cutismedical.shop\/wp-content\/uploads\/2021\/11\/mlxnha8jlma-745x400.jpg 745w, https:\/\/cutismedical.shop\/wp-content\/uploads\/2021\/11\/mlxnha8jlma-768x412.jpg 768w, https:\/\/cutismedical.shop\/wp-content\/uploads\/2021\/11\/mlxnha8jlma-510x274.jpg 510w\" sizes=\"auto, (max-width: 1000px) 100vw, 1000px\" \/><\/a><b>POL\u00dcNUKLEOTIIDI<\/b>d on muutunud t\u00f5eliseks sensatsiooniks kosmetoloogia maailmas. Pol\u00fcnukleotiidid on &#8220;tellised&#8221;, mis parandavad nahka seestpoolt, suurendavad kollageeni tootmist ja on v\u00f5imas kasvufaktorite stimulaator.<\/p>\n<\/div>\n<\/div>\n<div class=\"sppb-addon sppb-addon-raw-html \">\n<div class=\"sppb-addon-content\"><b>PDRN<\/b> on &#8220;pro-ravim&#8221;, mis varustab rakke piisava koguse desoks\u00fcribonukleotiidide, desoks\u00fcribonukleosiidide ja l\u00e4mmastikalustega.<\/div>\n<\/div>\n<\/div>\n<\/div>\n<div class=\"sppb-col-sm-6\">\n<div class=\"sppb-addon-containerfunkaddon\">\n<div class=\"sppb-addon sppb-addon-single-image sppb-text-center \">\n<h4 class=\"sppb-addon-content\"><strong><span style=\"font-size: 100%;\">Ohutus ja efektiivsus<\/span><\/strong><\/h4>\n<\/div>\n<\/div>\n<\/div>\n<\/div>\n<\/section>\n<section class=\"sppb-section \">\n<div class=\"sppb-row\">\n<div class=\"sppb-col-sm-6\">\n<div class=\"sppb-addon-container\"><span style=\"color: #555555;\">PDRN poolt esile kutsutud proliferatiivne aktiivsus oli m\u00e4rkimisv\u00e4\u00e4rselt vastuolus A2 antagonistiga 3,7-Dimet\u00fc\u00fcl-lproparg\u00fc\u00fclksantiin (DMPX), kuid mitte A1 antagonistiga 8-ts\u00fcklopent\u00fc\u00fcl-1,3-diprop\u00fc\u00fclksantiin (PD 116,948, DPCPX). Seega imiteeris PDRN troofilist toimet A2 agonist N6-[2-(3,5-Dimetoks\u00fcfen\u00fc\u00fcl)-2-(met\u00fc\u00fclfen\u00fc\u00fcl)-et\u00fc\u00fcl adenosine (DPMA), samas kui A1 agonist N6-Ts\u00fcklopent\u00fc\u00fcl adenosine (CPA) ei n\u00e4idanud mingit toimet. Mikroflooromeetrilistes uuringutes t\u00e4heldati, et PDRN ja adenosiin suurendasid ts\u00fctosoolsete kaltsiumioonide kontsentratsiooni. PDRN poolt esile kutsutud kaltsiumi t\u00f5us oli doosist s\u00f5ltuv ja DMPX suhtes tundlik. Meie tulemused viitavad sellele, et PDRN v\u00f5ib toimida pro-ravimina, varustades kultiveeritud rakke efektiivse koguse mitogeensete desoks\u00fcribonukleotiidide, desoks\u00fcribonukleosiidide ja alustega; peale selle tundub, et PDRN poolt esile kutsutud rakkude proliferatsiooni suurendamine on v\u00e4hemalt osaliselt seotud A2 alat\u00fc\u00fcpi purinergiliste retseptorite aktiveerimisega.<\/span><\/div>\n<\/div>\n<\/div>\n<\/section>\n<section class=\"sppb-section \">\n<div class=\"sppb-row\">\n<div class=\"sppb-col-sm-7\">\n<div class=\"sppb-addon-container\">\n<div class=\"sppb-addon sppb-addon-raw-html \">\n<div><\/div>\n<div class=\"sppb-addon-content\">Oma struktuurilt on PDRN DNA molekuli fragment, ainulaadne pol\u00fcmeerne molekul, millel on mitmesuguseid positiivseid omadusi, m\u00f5jutades raku protsesse inimkehas ja homeostaasi ilma toksilisuse ja vastun\u00e4idustusteta.Teaduslikud uuringud on n\u00e4idanud, et madala molekulmassiga DNA, mille molekulmass on alla 500 kDa, ei kanna geneetilist informatsiooni. On teada, et selline madala molekulmassiga DNA ei saa p\u00f5hjustada geneetilist transformatsiooni isegi bakteriaalsetes s\u00fcsteemides. Allergilisi ega muid k\u00f5rvaltoimeid ega t\u00f5siseid k\u00f5rvalm\u00f5jusid ei ole t\u00e4heldatud.<\/p>\n<p><a href=\"https:\/\/cutismedical.com\/wp-content\/uploads\/2021\/11\/4grfvodhxkq.jpg\"><img loading=\"lazy\" decoding=\"async\" class=\"alignnone size-full wp-image-29704\" src=\"https:\/\/cutismedical.com\/wp-content\/uploads\/2021\/11\/4grfvodhxkq.jpg\" alt=\"\" width=\"787\" height=\"597\" srcset=\"https:\/\/cutismedical.shop\/wp-content\/uploads\/2021\/11\/4grfvodhxkq.jpg 787w, https:\/\/cutismedical.shop\/wp-content\/uploads\/2021\/11\/4grfvodhxkq-150x114.jpg 150w, https:\/\/cutismedical.shop\/wp-content\/uploads\/2021\/11\/4grfvodhxkq-592x449.jpg 592w, https:\/\/cutismedical.shop\/wp-content\/uploads\/2021\/11\/4grfvodhxkq-527x400.jpg 527w, https:\/\/cutismedical.shop\/wp-content\/uploads\/2021\/11\/4grfvodhxkq-768x583.jpg 768w, https:\/\/cutismedical.shop\/wp-content\/uploads\/2021\/11\/4grfvodhxkq-510x387.jpg 510w\" sizes=\"auto, (max-width: 787px) 100vw, 787px\" \/><\/a><\/p>\n<table>\n<tbody>\n<tr>\n<td width=\"467\"><a href=\"https:\/\/cutismedical.com\/wp-content\/uploads\/2021\/11\/unlhix9ewes.jpg\"><img loading=\"lazy\" decoding=\"async\" class=\"alignnone size-full wp-image-29707\" src=\"https:\/\/cutismedical.com\/wp-content\/uploads\/2021\/11\/unlhix9ewes.jpg\" alt=\"\" width=\"959\" height=\"633\" srcset=\"https:\/\/cutismedical.shop\/wp-content\/uploads\/2021\/11\/unlhix9ewes.jpg 959w, https:\/\/cutismedical.shop\/wp-content\/uploads\/2021\/11\/unlhix9ewes-150x99.jpg 150w, https:\/\/cutismedical.shop\/wp-content\/uploads\/2021\/11\/unlhix9ewes-592x391.jpg 592w, https:\/\/cutismedical.shop\/wp-content\/uploads\/2021\/11\/unlhix9ewes-606x400.jpg 606w, https:\/\/cutismedical.shop\/wp-content\/uploads\/2021\/11\/unlhix9ewes-768x507.jpg 768w, https:\/\/cutismedical.shop\/wp-content\/uploads\/2021\/11\/unlhix9ewes-510x337.jpg 510w\" sizes=\"auto, (max-width: 959px) 100vw, 959px\" \/><\/a><\/td>\n<td width=\"467\"><a href=\"https:\/\/cutismedical.com\/wp-content\/uploads\/2021\/11\/pi3qadmiaq-kopija.jpg\"><img loading=\"lazy\" decoding=\"async\" class=\"alignnone size-full wp-image-29710\" src=\"https:\/\/cutismedical.com\/wp-content\/uploads\/2021\/11\/pi3qadmiaq-kopija.jpg\" alt=\"\" width=\"1001\" height=\"437\" srcset=\"https:\/\/cutismedical.shop\/wp-content\/uploads\/2021\/11\/pi3qadmiaq-kopija.jpg 1001w, https:\/\/cutismedical.shop\/wp-content\/uploads\/2021\/11\/pi3qadmiaq-kopija-150x65.jpg 150w, https:\/\/cutismedical.shop\/wp-content\/uploads\/2021\/11\/pi3qadmiaq-kopija-592x258.jpg 592w, https:\/\/cutismedical.shop\/wp-content\/uploads\/2021\/11\/pi3qadmiaq-kopija-800x349.jpg 800w, https:\/\/cutismedical.shop\/wp-content\/uploads\/2021\/11\/pi3qadmiaq-kopija-768x335.jpg 768w, https:\/\/cutismedical.shop\/wp-content\/uploads\/2021\/11\/pi3qadmiaq-kopija-510x223.jpg 510w\" sizes=\"auto, (max-width: 1001px) 100vw, 1001px\" \/><\/a><\/td>\n<\/tr>\n<\/tbody>\n<\/table>\n<div class=\"sppb-addon sppb-addon-raw-html \">\n<div class=\"sppb-addon-content\">\n<h4>Booster-s\u00fcsteem TwAc: kolmekordne toime +\u2026<\/h4>\n<h4>Naha turgori, tooni ja elastsuse suurenemine<\/h4>\n<h4>T\u00e4nu pol\u00fcdesoks\u00fcribonukleotiidide v\u00f5imele siduda ja koordineerida veemolekule on kohene niisutav efekt, suurendab naha turgorit, tooni ja elastsust. + N\u00e4okudede lifting<\/h4>\n<h4>Vabade radikaalide neutraliseerimine<\/h4>\n<h4>PDRN-id seovad ja neutraliseerivad vabad radikaalid. V\u00e4lisrakuliste ens\u00fc\u00fcmide m\u00f5jul toimub pol\u00fcnukleotiidide makromolekulide lagunemine metaboliitideks, mis omakorda p\u00f5hjustab antioks\u00fcdantset aktiivsust. + Kliiniline efekt kuni 3 kuud<\/h4>\n<h4>Fibroblastide regeneratiivse ja sekretoorse funktsiooni stimuleerimine<\/h4>\n<h4>Dermise maatriksis luuakse soodsaimad tingimused, stimuleerides metaboolset aktiivsust ja regenereerimist. Taastatakse amorfse maatriksi koostisosade tasakaal (gl\u00fckosaminogl\u00fckaanid, gl\u00fckoproteiinid, fibroniini jt valgud) ja ka fibrillaarne maatriks (kollageen, retikulaarsed kiud). + Naha tekstuuri parendamine, kudede kergendamine.<\/h4>\n<\/div>\n<\/div>\n<div class=\"sppb-addon sppb-addon-single-image sppb-text-center \">\n<h4 class=\"sppb-addon-title\"><\/h4>\n<\/div>\n<table>\n<tbody>\n<tr>\n<td width=\"467\"><a href=\"https:\/\/cutismedical.com\/wp-content\/uploads\/2021\/11\/ss8pfpxonho.jpg\"><img loading=\"lazy\" decoding=\"async\" class=\"alignnone size-full wp-image-29713\" src=\"https:\/\/cutismedical.com\/wp-content\/uploads\/2021\/11\/ss8pfpxonho.jpg\" alt=\"\" width=\"635\" height=\"495\" srcset=\"https:\/\/cutismedical.shop\/wp-content\/uploads\/2021\/11\/ss8pfpxonho.jpg 635w, https:\/\/cutismedical.shop\/wp-content\/uploads\/2021\/11\/ss8pfpxonho-150x117.jpg 150w, https:\/\/cutismedical.shop\/wp-content\/uploads\/2021\/11\/ss8pfpxonho-592x461.jpg 592w, https:\/\/cutismedical.shop\/wp-content\/uploads\/2021\/11\/ss8pfpxonho-513x400.jpg 513w, https:\/\/cutismedical.shop\/wp-content\/uploads\/2021\/11\/ss8pfpxonho-510x398.jpg 510w\" sizes=\"auto, (max-width: 635px) 100vw, 635px\" \/><\/a><\/td>\n<td width=\"467\"><a href=\"https:\/\/cutismedical.com\/wp-content\/uploads\/2021\/11\/pi3qadmiaq.jpg\"><img loading=\"lazy\" decoding=\"async\" class=\"alignnone size-full wp-image-29716\" src=\"https:\/\/cutismedical.com\/wp-content\/uploads\/2021\/11\/pi3qadmiaq.jpg\" alt=\"\" width=\"623\" height=\"523\" srcset=\"https:\/\/cutismedical.shop\/wp-content\/uploads\/2021\/11\/pi3qadmiaq.jpg 623w, https:\/\/cutismedical.shop\/wp-content\/uploads\/2021\/11\/pi3qadmiaq-150x126.jpg 150w, https:\/\/cutismedical.shop\/wp-content\/uploads\/2021\/11\/pi3qadmiaq-592x497.jpg 592w, https:\/\/cutismedical.shop\/wp-content\/uploads\/2021\/11\/pi3qadmiaq-476x400.jpg 476w, https:\/\/cutismedical.shop\/wp-content\/uploads\/2021\/11\/pi3qadmiaq-510x428.jpg 510w\" sizes=\"auto, (max-width: 623px) 100vw, 623px\" \/><\/a><\/td>\n<\/tr>\n<\/tbody>\n<\/table>\n<p>&nbsp;<\/p>\n<\/div>\n<\/div>\n<\/div>\n<\/div>\n<\/div>\n<\/section>\n","protected":false},"excerpt":{"rendered":"<h4><span style=\"color: #ed1c24;\"><strong>Ei ole mu\u0308u\u0308giks ELis!<\/strong><\/span><\/h4>\n<h4><strong>PDRN m\u00f5ju nahale<\/strong><\/h4>\n<ul>\n<li>1 Rakukasvu soodustamine A2 purinergilise retseptori aktiveerimise kaudu<\/li>\n<li>stimuleerib reparatsiooniprotsesse<\/li>\n<li>kiirendab naha re-epitelisatsiooni ja armistumist<\/li>\n<li>tagab kiire ja harmoonilise granuleeruva koe moodustumise haava piirkonnas<\/li>\n<li>suureneb raku metaboolne aktiivsus<\/li>\n<li>stimuleerib angiogeneesi<\/li>\n<li>tugevdab h\u00fcaluroonhappe niisutavat toimet<\/li>\n<li>v\u00e4hendab p\u00f5letikuvastase ts\u00fctokiini TNF-a taset<\/li>\n<li>on t\u00f5husad l\u00f5ksud vabadele radikaalidele (kaitsevad ainevahetuse, ksenobiotikumi, temperatuuri tegurite jms kahjustuste eest);<\/li>\n<li>kaitsevad UVB-kiirguse eest.<\/li>\n<\/ul>\n","protected":false},"featured_media":29418,"template":"","meta":{"_seopress_robots_primary_cat":"none","_seopress_titles_title":"","_seopress_titles_desc":"","_seopress_robots_index":""},"item":[2038],"product_cat":[315],"product_tag":[],"class_list":{"0":"post-29421","1":"product","2":"type-product","3":"status-publish","4":"has-post-thumbnail","6":"item-twac-et","7":"product_cat-biorevitalisant-et","9":"first","10":"instock","11":"taxable","12":"shipping-taxable","13":"purchasable","14":"product-type-simple"},"_links":{"self":[{"href":"https:\/\/cutismedical.shop\/et\/wp-json\/wp\/v2\/product\/29421","targetHints":{"allow":["GET"]}}],"collection":[{"href":"https:\/\/cutismedical.shop\/et\/wp-json\/wp\/v2\/product"}],"about":[{"href":"https:\/\/cutismedical.shop\/et\/wp-json\/wp\/v2\/types\/product"}],"wp:featuredmedia":[{"embeddable":true,"href":"https:\/\/cutismedical.shop\/et\/wp-json\/wp\/v2\/media\/29418"}],"wp:attachment":[{"href":"https:\/\/cutismedical.shop\/et\/wp-json\/wp\/v2\/media?parent=29421"}],"wp:term":[{"taxonomy":"item","embeddable":true,"href":"https:\/\/cutismedical.shop\/et\/wp-json\/wp\/v2\/item?post=29421"},{"taxonomy":"product_cat","embeddable":true,"href":"https:\/\/cutismedical.shop\/et\/wp-json\/wp\/v2\/product_cat?post=29421"},{"taxonomy":"product_tag","embeddable":true,"href":"https:\/\/cutismedical.shop\/et\/wp-json\/wp\/v2\/product_tag?post=29421"}],"curies":[{"name":"wp","href":"https:\/\/api.w.org\/{rel}","templated":true}]}}