{"id":28994,"date":"2021-10-29T14:14:34","date_gmt":"2021-10-29T12:14:34","guid":{"rendered":"https:\/\/cutismedical.com\/shop\/maaratlemata\/sofiderm-wrinkle-fighter-1ml\/"},"modified":"2024-11-04T14:39:40","modified_gmt":"2024-11-04T12:39:40","slug":"sofiderm-wrinkle-fighter-1ml","status":"publish","type":"product","link":"https:\/\/cutismedical.shop\/et\/shop-es\/mesoteraapia-et\/nagu-et\/sofiderm-wrinkle-fighter-1ml\/","title":{"rendered":"Sofiderm. Wrinkle Fighter 1 ml | alates 5 karbist"},"content":{"rendered":"<p><strong>Koostis:<\/strong><\/p>\n<ul>\n<li>Tsitraatpuhverdatud soolalahus<\/li>\n<li>Naatriumh\u00fcaluronaat (0,8%)<\/li>\n<li>Argireliin (&gt;20 ppm)<\/li>\n<li>Pentapeptiid-18 (&gt;20 ppm)<\/li>\n<\/ul>\n","protected":false},"excerpt":{"rendered":"<h4><span style=\"color: #ed1c24;\"><strong>Ei ole mu\u0308u\u0308giks ELis!<\/strong><\/span><\/h4>\n<p><strong>Wrinkle Fighter<\/strong> s\u00fcstitakse dermakihti, et v\u00e4hendada miimiliste kortsude n\u00e4htavust, nagu otsmikukortsud, &#8220;kanavarbad&#8221; ja nasolabiaalsed voldid.<\/p>\n","protected":false},"featured_media":28992,"template":"","meta":{"_seopress_robots_primary_cat":"none","_seopress_titles_title":"","_seopress_titles_desc":"","_seopress_robots_index":""},"item":[1594],"product_cat":[155,1188],"product_tag":[],"class_list":{"0":"post-28994","1":"product","2":"type-product","3":"status-publish","4":"has-post-thumbnail","6":"item-sofiderm-et","7":"product_cat-mesoteraapia-et","8":"product_cat-nagu-et","10":"first","11":"instock","12":"taxable","13":"shipping-taxable","14":"purchasable","15":"product-type-simple"},"_links":{"self":[{"href":"https:\/\/cutismedical.shop\/et\/wp-json\/wp\/v2\/product\/28994","targetHints":{"allow":["GET"]}}],"collection":[{"href":"https:\/\/cutismedical.shop\/et\/wp-json\/wp\/v2\/product"}],"about":[{"href":"https:\/\/cutismedical.shop\/et\/wp-json\/wp\/v2\/types\/product"}],"wp:featuredmedia":[{"embeddable":true,"href":"https:\/\/cutismedical.shop\/et\/wp-json\/wp\/v2\/media\/28992"}],"wp:attachment":[{"href":"https:\/\/cutismedical.shop\/et\/wp-json\/wp\/v2\/media?parent=28994"}],"wp:term":[{"taxonomy":"item","embeddable":true,"href":"https:\/\/cutismedical.shop\/et\/wp-json\/wp\/v2\/item?post=28994"},{"taxonomy":"product_cat","embeddable":true,"href":"https:\/\/cutismedical.shop\/et\/wp-json\/wp\/v2\/product_cat?post=28994"},{"taxonomy":"product_tag","embeddable":true,"href":"https:\/\/cutismedical.shop\/et\/wp-json\/wp\/v2\/product_tag?post=28994"}],"curies":[{"name":"wp","href":"https:\/\/api.w.org\/{rel}","templated":true}]}}