{"id":28775,"date":"2021-10-22T12:33:22","date_gmt":"2021-10-22T10:33:22","guid":{"rendered":"https:\/\/cutismedical.com\/shop\/maaratlemata\/instytutum-super-serum-powerful-anti-aging-concentrate-30-ml\/"},"modified":"2024-11-04T17:43:17","modified_gmt":"2024-11-04T15:43:17","slug":"instytutum-super-serum-powerful-anti-aging-concentrate-30-ml","status":"publish","type":"product","link":"https:\/\/cutismedical.shop\/et\/shop-es\/nahahooldus\/seerum-et-prof\/instytutum-super-serum-powerful-anti-aging-concentrate-30-ml\/","title":{"rendered":"Instytutum. Superseerum V\u00f5imas Vananemisvastane Kontsentraat 30 ml"},"content":{"rendered":"<ul>\n<li>V\u00f5imas seerum, mis v\u00f5itleb vananemisilmingutega.<\/li>\n<li>Niisutab s\u00fcgavuti t\u00e4nu k\u00f5rgele h\u00fcaluroonhappe sisaldusele.<\/li>\n<li>Sisaldab peptiide, kollageeni ja provitamiin B5.<\/li>\n<\/ul>\n<p> <strong>Nahahooldaja n\u00f5uanne:<\/strong> V\u00f5ib kasutada ka k\u00e4eseljal, et ennetada vananemisilminguid.<br \/>\nKasutamine:<\/p>\n<p>Kandke paar tilka puhastatud n\u00e4ole, silma\u00fcmbrusele, kaelale ja dekolteepiirkonnale.<\/p>\n<p>Koostis:<\/p>\n<p><em>aqua\/vesi\/eau, gl\u00fctseriin, betaiin, pantenool, fenoks\u00fcetanool, ksantaankumm, et\u00fc\u00fclheks\u00fc\u00fclgl\u00fctseriin, karbomeer, dinaatrium EDTA, pent\u00fcleengl\u00fckool, biosahhariid kumm-1, naatriumh\u00fcdroksiid, lahustuv kollageen, atset\u00fc\u00fclitud naatriumh\u00fcaluronaat, naatriumh\u00fcaluronaat, naatriumbensoaat, naatriumh\u00fcaluronaadi krosspol\u00fcmeer, pantolaktoon, h\u00fcdrol\u00fc\u00fcsitud naatriumh\u00fcaluronaat, palmito\u00fc\u00fcl tripeptiid-5, tetradets\u00fc\u00fcl aminobut\u00fcro\u00fc\u00fclval\u00fc\u00fclamiinobut\u00fc\u00fcrhape, trifluor\u00e4\u00e4dikhape, sidrunhape, magneesiumkloriid<\/em><\/p>\n","protected":false},"excerpt":{"rendered":"<p>Superseerum V\u00f5imas Vananemisvastane Kontsentraat sisaldab k\u00f5rgeid kontsentratsioone erinevatest h\u00fcaluroonhappe t\u00fc\u00fcpidest, pakkudes 24-tunnist mitmekihilist niisutust, mis loob kolmem\u00f5\u00f5tmelise t\u00e4idlase niisutava efekti. Peptiidide, tripeptiid-5, kollageeni, provitamiin B5 ja pol\u00fcsahhariidide kombinatsioon suurendab naha toonust ja tugevust ning v\u00e4hendab kortsude ja joonte s\u00fcgavust. Seerum stimuleerib kollageeni tootmist, soodustab kollageenikiudude arengut ning parandab naha elastsust ja \u00fchtlustab selle tekstuuri.<\/p>\n","protected":false},"featured_media":28771,"template":"","meta":{"_seopress_robots_primary_cat":"none","_seopress_titles_title":"","_seopress_titles_desc":"","_seopress_robots_index":""},"item":[2032],"product_cat":[1813,363,1910,1931,1849,1853,1857,1858],"product_tag":[1885,1900,1897],"class_list":{"0":"post-28775","1":"product","2":"type-product","3":"status-publish","4":"has-post-thumbnail","6":"item-instytutum-et","7":"product_cat-otstarve","8":"product_cat-seerum-et","9":"product_cat-nahahooldus","10":"product_cat-seerum-et-prof","11":"product_cat-nahahooldus-nahatuubi-jargi","12":"product_cat-kortsud","13":"product_cat-pigmendilaigud","14":"product_cat-lotvunud-nahk","15":"product_tag-kortsud","16":"product_tag-lotvunud-nahk","17":"product_tag-pigmendilaigud","19":"first","20":"instock","21":"taxable","22":"shipping-taxable","23":"purchasable","24":"product-type-simple"},"_links":{"self":[{"href":"https:\/\/cutismedical.shop\/et\/wp-json\/wp\/v2\/product\/28775","targetHints":{"allow":["GET"]}}],"collection":[{"href":"https:\/\/cutismedical.shop\/et\/wp-json\/wp\/v2\/product"}],"about":[{"href":"https:\/\/cutismedical.shop\/et\/wp-json\/wp\/v2\/types\/product"}],"wp:featuredmedia":[{"embeddable":true,"href":"https:\/\/cutismedical.shop\/et\/wp-json\/wp\/v2\/media\/28771"}],"wp:attachment":[{"href":"https:\/\/cutismedical.shop\/et\/wp-json\/wp\/v2\/media?parent=28775"}],"wp:term":[{"taxonomy":"item","embeddable":true,"href":"https:\/\/cutismedical.shop\/et\/wp-json\/wp\/v2\/item?post=28775"},{"taxonomy":"product_cat","embeddable":true,"href":"https:\/\/cutismedical.shop\/et\/wp-json\/wp\/v2\/product_cat?post=28775"},{"taxonomy":"product_tag","embeddable":true,"href":"https:\/\/cutismedical.shop\/et\/wp-json\/wp\/v2\/product_tag?post=28775"}],"curies":[{"name":"wp","href":"https:\/\/api.w.org\/{rel}","templated":true}]}}