{"id":28762,"date":"2021-10-22T11:33:01","date_gmt":"2021-10-22T09:33:01","guid":{"rendered":"https:\/\/cutismedical.com\/shop\/maaratlemata\/instytutum-anti-wrinkle-brightening-c-erum-30ml\/"},"modified":"2024-11-04T17:47:55","modified_gmt":"2024-11-04T15:47:55","slug":"instytutum-anti-wrinkle-brightening-c-erum-30ml","status":"publish","type":"product","link":"https:\/\/cutismedical.shop\/et\/shop-es\/nahahooldus\/seerum-et-prof\/instytutum-anti-wrinkle-brightening-c-erum-30ml\/","title":{"rendered":"Instytutum. Vananemisvastane C-ERUM Heledav Seerum 30 ml"},"content":{"rendered":"<ul>\n<li>V\u00e4ga t\u00f5hus C-vitamiini seerum k\u00f5ikidele nahat\u00fc\u00fcpidele.<\/li>\n<li>\u00dchtlustab nahatooni ja stimuleerib kollageeni tootmist.<\/li>\n<li>Niisutav ja pinguldav koostis.<\/li>\n<\/ul>\n<p> V\u00f5ib kasutada ainsa niisutava tootena, kui nahk on kombineeritud v\u00f5i rasune.<br \/>\nKasutamine:<\/p>\n<p>P\u00e4rast puhastamist ja toonikut kandke n\u00e4ole (sh silmade alla), kaelale ja dekolteepiirkonnale. Vajadusel j\u00e4tkake niisutava kreemiga.<\/p>\n<p>Koostis:<\/p>\n<p><em>Aqua (vesi), tetrahreks\u00fc\u00fcl-dek\u00fc\u00fclaskorbaat, prop\u00fc\u00fclhept\u00fc\u00fcl kaprilaat, gl\u00fctseriin, pent\u00fcleengl\u00fckool, dikapril\u00fc\u00fcleetar, niatsiinamiid, skvalaan, but\u00fcleengl\u00fckool, sahharoospol\u00fcstearaat, undekaan, tsetear\u00fc\u00fclalkohol, dinaatriumtsetear\u00fc\u00fclsulfosuktsinaat, fenoks\u00fcetanool, tridekaan, p\u00e4evalille\u00f5li, tset\u00fc\u00fclpalmitaat, alkohol, tokoferool, ksantaankumm, sidrunhape, dinaatrium-EDTA, Enantia Chlorantha kooreekstrakt, et\u00fc\u00fclheks\u00fc\u00fclgl\u00fctseriin, gl\u00fctser\u00fc\u00fcltsitraat\/ laktaat\/ linoleaat\/ oleaat, pol\u00fcgl\u00fctser\u00fc\u00fcl-2 oleaat, kapr\u00fc\u00fclkapriin-trigl\u00fctseriid, naatriumatset\u00fc\u00fclitud h\u00fcaluronaat, naatriumh\u00fcaluronaat, naatriumh\u00fcaluronaadi krosspol\u00fcmeer, askorb\u00fc\u00fclpalmitaat, h\u00fcdrol\u00fc\u00fcsitud naatriumh\u00fcaluronaat, palmio\u00fc\u00fclttripeptiid-5, askorbiinhape, oleanoolhape, dimet\u00fc\u00fclmetoks\u00fckromanool.<\/em><\/p>\n","protected":false},"excerpt":{"rendered":"<p>V\u00e4ga t\u00f5hus seerum, mis sisaldab 15% rasvlahustuvat C-vitamiini ja 3% niatsiinamiidi, helendab nahka ja stimuleerib kollageeni tootmist. V\u00e4hendab melaniini tootmist, et v\u00e4hendada tumedate laikude ja pigmendi n\u00e4htavust, ning taastab naha UV-kiirguse m\u00f5jude eest. Mitmetasandiline h\u00fcaluroonhappe kompleks tagab s\u00fcgava niisutuse ja skvalaan pehmendab ning hoiab \u00e4ra niiskuse kadu, taastades elastsuse ja painduvuse. Kooreekstrakt ja oleanoolhape v\u00e4hendavad liigset rasutootmist ja pooride l\u00e4bim\u00f5\u00f5tu, andes nahale siledama pinna. Tripeptiid-5 suurendab kollageeni tootmist, v\u00e4hendab n\u00e4htavalt peeneid jooni ja kortse, parandab naha tugevust ja elastsust, v\u00e4hendab pooride suurust ning v\u00e4hendab fotovananemise n\u00e4htavaid m\u00e4rke.<\/p>\n","protected":false},"featured_media":28759,"template":"","meta":{"_seopress_robots_primary_cat":"none","_seopress_titles_title":"","_seopress_titles_desc":"","_seopress_robots_index":""},"item":[2032],"product_cat":[1813,363,1910,1931,1849,1852,1853,1857,1858,1859],"product_tag":[1885,1882,1903,1900,1897],"class_list":{"0":"post-28762","1":"product","2":"type-product","3":"status-publish","4":"has-post-thumbnail","6":"item-instytutum-et","7":"product_cat-otstarve","8":"product_cat-seerum-et","9":"product_cat-nahahooldus","10":"product_cat-seerum-et-prof","11":"product_cat-nahahooldus-nahatuubi-jargi","12":"product_cat-kuiv-veetustunud-nahk","13":"product_cat-kortsud","14":"product_cat-pigmendilaigud","15":"product_cat-lotvunud-nahk","16":"product_cat-laienenud-poorid-ja-mustpead","17":"product_tag-kortsud","18":"product_tag-kuiv-veetustunud-nahk","19":"product_tag-laienenud-poorid-ja-mustpead","20":"product_tag-lotvunud-nahk","21":"product_tag-pigmendilaigud","23":"first","24":"instock","25":"taxable","26":"shipping-taxable","27":"purchasable","28":"product-type-simple"},"_links":{"self":[{"href":"https:\/\/cutismedical.shop\/et\/wp-json\/wp\/v2\/product\/28762","targetHints":{"allow":["GET"]}}],"collection":[{"href":"https:\/\/cutismedical.shop\/et\/wp-json\/wp\/v2\/product"}],"about":[{"href":"https:\/\/cutismedical.shop\/et\/wp-json\/wp\/v2\/types\/product"}],"wp:featuredmedia":[{"embeddable":true,"href":"https:\/\/cutismedical.shop\/et\/wp-json\/wp\/v2\/media\/28759"}],"wp:attachment":[{"href":"https:\/\/cutismedical.shop\/et\/wp-json\/wp\/v2\/media?parent=28762"}],"wp:term":[{"taxonomy":"item","embeddable":true,"href":"https:\/\/cutismedical.shop\/et\/wp-json\/wp\/v2\/item?post=28762"},{"taxonomy":"product_cat","embeddable":true,"href":"https:\/\/cutismedical.shop\/et\/wp-json\/wp\/v2\/product_cat?post=28762"},{"taxonomy":"product_tag","embeddable":true,"href":"https:\/\/cutismedical.shop\/et\/wp-json\/wp\/v2\/product_tag?post=28762"}],"curies":[{"name":"wp","href":"https:\/\/api.w.org\/{rel}","templated":true}]}}