{"id":28115,"date":"2021-10-06T13:07:37","date_gmt":"2021-10-06T11:07:37","guid":{"rendered":"https:\/\/cutismedical.com\/shop\/maaratlemata\/biorepeelcl3-body-12-ml\/"},"modified":"2024-12-25T14:01:17","modified_gmt":"2024-12-25T12:01:17","slug":"biorepeelcl3-body-12-ml","status":"publish","type":"product","link":"https:\/\/cutismedical.shop\/et\/shop-es\/keemilised-piilingud-et\/biorepeelcl3-body-12-ml\/","title":{"rendered":"BioRePeelCl3 BODY (1tk x 12ml)"},"content":{"rendered":"<p>Ravimpreparaat sisaldab mitmeid komponente, mis tagavad maksimaalse efektiivsuse, olles samas \u00f5rn nahale. Oluline koostisosa on 3-kloro\u00e4\u00e4dikhape, mis stimuleerib kudesid pikemaajaliseks uuenemiseks. Salits\u00fc\u00fcl-, viinhape ja sidrunhape ei j\u00e4\u00e4 oma efektiivsuses alla. Preparaat sisaldab ka laktoobioonhapet, millel on silendav ja taastav toime.<\/p>\n<p>Toode sisaldab aminohapete kompleksi (gl\u00fctsiin, arginiin, proliin jt) ja vitamiine B2 ja C. Koorijal on nii pindmine kui s\u00fcgav toime, puhastades nahka, koorides seda ja k\u00e4ivitades nahas taastumisprotsessid, mille tulemusena on nahk tervem ja s\u00e4ravam. \u00c4rrituse v\u00e4ltimiseks on koostisesse lisatud vitamiinilisandid, mist\u00f5ttu on koorija piisavalt ohutu k\u00f5ikidele nahat\u00fc\u00fcpidele.<\/p>\n<p><em>BioRePeelCl3 BODY sisaldab 50% TCA-d ja sobib kogu kehale.<\/em><\/p>\n<p>BioRePeelCl3 BODY sisaldab:<\/p>\n<p>6 hapet: TCA (50%), laktoobioonhape, salits\u00fc\u00fclhape, viinhape, sidrunhape ja gamma-aminobut\u00fc\u00fcrhape (GABA).<\/p>\n<p>4 aminohapet: gl\u00fctsiin, proliin, h\u00fcdroks\u00fcproliin ja arginiin.<\/p>\n<p>Vitamiinid: C, B2<\/p>\n<p>\u2264 2 ml \u00fche protseduuri kohta<\/p>\n<p>\u2264 6 sessiooni<\/p>\n<p>Lipofiilne faas:<\/p>\n<p>Selle biostimuleerivad ja elustavad toimed tagavad fibroblastide aktiivsuse, aktiveerivad naha proliferatsiooni ja bios\u00fcnteetilisi protsesse, samuti suurendavad rakulist uuendust ja kollageeni ning elastiini tootmist. Lisaks soodustab h\u00fcdrofiilne faas koorimist, v\u00e4hendab peeneid jooni neutraliseerides vabu radikaale ning aitab v\u00f5idelda akne, laienenud pooride ja komedoonidega.<\/p>\n<p>H\u00fcdrofiilne faas:<\/p>\n<p>Omab stabiliseerivat ja kaitsvat toimet, v\u00e4hendab vee aurustumist l\u00e4bi epidermise ja aitab toimeainetel tungida s\u00fcgavamale. Taastab ja hoiab naha h\u00fcdrolipiidkile ning suurendab niisutuse \u00fcldist taset.<\/p>\n<p>BioRePeelCl3 koorimise eelised h\u00f5lmavad j\u00e4rgmisi punkte:<\/p>\n<p>\u2013 p\u00e4rast protseduuri pole j\u00e4lgi;<\/p>\n<p>\u2013 tulemus on kohe n\u00e4htav;<\/p>\n<p>\u2013 anesteesiat pole vaja;<\/p>\n<p>\u2013 koorijat saab kasutada kogu kehal;<\/p>\n<p>\u2013 protseduur ei kesta kaua;<\/p>\n<p>\u2013 ei s\u00f5ltu hooajast: protseduuri saab teha igal ajal aastas.<\/p>\n<p>Koorimise mitmek\u00fclgsus, mitme protseduuri omaduste kombinatsioon \u00fches, efektiivsus ja kestvus m\u00e4\u00e4ravad selle manipuleerimise kasvava n\u00f5udluse patsientide seas.<\/p>\n<p>Kuidas see t\u00f6\u00f6tab:<\/p>\n<p>Selle keemilise koorija peamine komponent on trikloro\u00e4\u00e4dikhape, tugev professionaalse kvaliteediga hape, mis suurendab naha kollageeni tootmist ja heledab p\u00e4ikesekahjustustest p\u00f5hjustatud pigmentatsiooni. Tumedad laigud ja aknej\u00e4rgsed m\u00e4rgid eemaldatakse ning vabad radikaalid elimineeritakse. P\u00fcsivad vistrikud, mustpead ja isegi hormonaalsed ts\u00fcstid reageerivad sellele biostimuleerivale keemilisele koorijale, mis puhastab poore, koorib surnud naharakke ja parandab naha tekstuuri. Erinevalt enamikust teistest koorijatest saab seda kasutada igal ajal aastas ja k\u00f5igi nahat\u00fc\u00fcpide jaoks.<\/p>\n<p>Vitamiinid ja aminohapped rikastavad nahka kasulike elementidega, olles samas rahustavate koostisosadega, mis niisutavad ja rahustavad nahka. Kohe p\u00e4rast koorimist on patsientidel pehmem ja siledam nahk. BioRePeelCl3 koorimine parandab jumet. Vitamiinid annavad nahale parema tekstuuri ja muudavad suured poorid v\u00e4iksemaks.<\/p>\n<p>Salits\u00fc\u00fclhape ja muud koorija komponendid on eriti kasulikud akne ja mustpeade raviks. Salits\u00fc\u00fclhape on tugev komedol\u00fc\u00fctiline aine, mis t\u00e4hendab, et see aitab poore puhastada. Happed aitavad reguleerida naha \u00f5lisust. Regulaarne BioRePeelCl3 koorimine aitab parandada nii p\u00f5letikulisi kui ka komedoone p\u00f5hjustavaid mustp\u00e4id. Sidrun- ja salits\u00fc\u00fclhappega happelisi koorimisi kasutatakse ka vananemisvastase ravina. Kuigi need ei suuda k\u00f5rvaldada s\u00fcgavaid kortse, v\u00f5ivad need pehmendada peeneid jooni ja taastada kaotatud naha tooni.<\/p>\n<p>Manipulatsioon sobib kokku teiste hooldustega. See on veel \u00fcks BioRePeelCl3 koorimise kindel eelis, kuna patsiendid soovivad protseduuridest k\u00f5ige m\u00e4rgatavamat efekti v\u00f5imalikult l\u00fchikese aja jooksul. Kombineerides korraga mitut hooldust, on v\u00f5imalik saavutada t\u00f5husamaid ja pikaajalisemaid tulemusi.<\/p>\n<p>Koorimine, mida me kaalume, sobib suurep\u00e4raselt isegi h\u00fcaluroonhappel p\u00f5hinevate invasiivsete tehnikatega. Koorimisprodukt toimib h\u00e4sti ka botuliinteraapia k\u00f5rval.<\/p>\n<p>Protseduuri protokoll:<\/p>\n<p>Protseduur on peaaegu valutu, tundlikul nahal on tunda kerget p\u00f5letustunnet. See viiakse l\u00e4bi ilma rehabilitatsioonita, ei p\u00f5hjusta n\u00e4htavat naha koorumist. Saab kasutada aastaringselt ja vanusepiiranguteta.<\/p>\n<p>Kandke nitrilkindaid;<\/p>\n<p>Raputage pudelit paar sekundit, kuni vedelik muutub \u00fchtlaselt roheliseks;<\/p>\n<p>Korrake loksutamist enne iga kasutuskorda;<\/p>\n<p>T\u00f5mmake protseduuri jaoks vajalik kogus toodet (kork ei ole eemaldatav, kasutage steriilset s\u00fcstalt n\u00f5elaga 18G);<\/p>\n<p>Eemaldage n\u00f5el ja p\u00e4rast sihtpiirkonna p\u00f5hjalikku puhastamist kandke koorimisprodukt nahale (v\u00e4ikeste portsjonitena);<\/p>\n<p>H\u00f5\u00f5ruge toodet sisse, kuni see on t\u00e4ielikult imendunud (3 kuni 10 minutit, s\u00f5ltuvalt naha t\u00fc\u00fcbist, vanusest ja probleemidest);<\/p>\n<p>P\u00e4rast kokkupuuteaega puhastage nahk veega niisutatud marli (tampooniga).<\/p>\n<p>Protseduuri tuleks l\u00e4bi viia 4\u20136 korda, iga 10\u201315 p\u00e4eva tagant. Koorimise efekti tugevdamiseks saate protseduuri kombineerida mesorolleriga.<\/p>\n<p>Soovitatavad kogused:<\/p>\n<p>K\u00e4ed 2 ml;<\/p>\n<p>K\u00fc\u00fcnarnukid 1\u20132 ml;<\/p>\n<p>Tuharad 4\u20138 ml;<\/p>\n<p>P\u00f5lved 2 ml;<\/p>\n<p>Jalad 1,5\u20133 ml.<\/p>\n<p>N\u00e4idustused ja soovitused:<\/p>\n<p>Maksimaalse koorimise efekti saavutamiseks on oluline teada protseduuri n\u00e4idustusi ja vastun\u00e4idustusi. Manipulatsiooni n\u00e4idustused on:<\/p>\n<p>\u2013 naha h\u00fcperpigmentatsioon;<\/p>\n<p>\u2013 eba\u00fchtlane naha toon;<\/p>\n<p>\u2013 aknej\u00e4rgsed j\u00e4ljed;<\/p>\n<p>\u2013 vananemisega seotud naha muutused: elastsuse ja tugevuse kaotus;<\/p>\n<p>\u2013 p\u00e4ikese k\u00e4es viibimisest p\u00f5hjustatud naha muutused;<\/p>\n<p>Protseduuri vastun\u00e4idustused on v\u00e4ike loetelu teguritest, mida tuleb enne manipuleerimise otsustamist samuti arvesse v\u00f5tta. Vastun\u00e4idustuste hulka kuuluvad:<\/p>\n<p>\u2013 koostisosade individuaalne talumatus;<\/p>\n<p>\u2013 allergia salits\u00fclaatide suhtes;<\/p>\n<p>\u2013 rasedus ja imetamine;<\/p>\n<p>\u2013 sihtpiirkonna p\u00f5letikulised protsessid;<\/p>\n<p>\u2013 naha terviklikkuse rikkumine sihtpiirkonnas.<\/p>\n<p>Samuti tasub kaaluda teatud ravimite v\u00f5tmist. Kui patsient on isotretinoiini kuuril, ei ole soovitatav manipuleerimist l\u00e4bi viia kuni 6 kuud p\u00e4rast ravimi \u00e4raj\u00e4tmist.<\/p>\n<p>Lisaks m\u00f5ned retseptiravimid, eriti akne v\u00f5i vananemisvastase toimega, nagu retinoidid, p\u00f5hjustavad juba naha kiiret koorumist. Koos sidrun- ja salits\u00fc\u00fclhapetega v\u00f5ib tekkida naha\u00e4rritus. Hea rusikareegel: kui olete arsti j\u00e4relevalve all, saage arsti luba BioRePeelCl3 koorimise ja kasutatavate toodete kombineerimiseks.<\/p>\n<p>Oluline on m\u00f5ista, et ainult kvalifitseeritud ja meditsiinilise v\u00e4lja\u00f5ppega spetsialist aitab v\u00e4ltida p\u00f5letuste ja \u00e4rrituse ohtu. Kompetentne arst tagab toote \u00f5ige pealekandmise ja valib tehnikat, mis sobib teie konkreetse nahat\u00fc\u00fcbi v\u00f5i seisundiga.<\/p>\n","protected":false},"excerpt":{"rendered":"<div class=\"wpb_text_column wpb_content_element vc_custom_1618904445281\">\n<div class=\"wpb_wrapper\">\n<p><span style=\"color: #ed1c24;\"><strong>Ei ole mu\u0308u\u0308giks ELis!<\/strong><\/span><\/p>\n<div class=\"wpb_text_column wpb_content_element vc_custom_1618904445281\">\n<div class=\"wpb_wrapper\">\n<p><span class=\"extra-bold\">BioRePeelCl3<\/span> on uuenduslik kahefaasiline meditsiiniseade, millel on biostimuleerivad, elustavad ja koorivad omadused, kus peamiseks koostisosaks on trikloro\u00e4\u00e4dikhape (TCA).Toode tungib s\u00fcgavale nahka, koorides surnud naharakke ja taastades kudede regeneratiivset v\u00f5imekust.<\/p>\n<\/div>\n<\/div>\n<\/div>\n<\/div>\n","protected":false},"featured_media":28113,"template":"","meta":{"_seopress_robots_primary_cat":"none","_seopress_titles_title":"","_seopress_titles_desc":"","_seopress_robots_index":""},"item":[1253],"product_cat":[153],"product_tag":[1900,1897,1906],"class_list":{"0":"post-28115","1":"product","2":"type-product","3":"status-publish","4":"has-post-thumbnail","6":"item-biorepeel-et-2","7":"product_cat-keemilised-piilingud-et","8":"product_tag-lotvunud-nahk","9":"product_tag-pigmendilaigud","10":"product_tag-tselluliit","12":"first","13":"instock","14":"taxable","15":"shipping-taxable","16":"purchasable","17":"product-type-simple"},"_links":{"self":[{"href":"https:\/\/cutismedical.shop\/et\/wp-json\/wp\/v2\/product\/28115","targetHints":{"allow":["GET"]}}],"collection":[{"href":"https:\/\/cutismedical.shop\/et\/wp-json\/wp\/v2\/product"}],"about":[{"href":"https:\/\/cutismedical.shop\/et\/wp-json\/wp\/v2\/types\/product"}],"wp:featuredmedia":[{"embeddable":true,"href":"https:\/\/cutismedical.shop\/et\/wp-json\/wp\/v2\/media\/28113"}],"wp:attachment":[{"href":"https:\/\/cutismedical.shop\/et\/wp-json\/wp\/v2\/media?parent=28115"}],"wp:term":[{"taxonomy":"item","embeddable":true,"href":"https:\/\/cutismedical.shop\/et\/wp-json\/wp\/v2\/item?post=28115"},{"taxonomy":"product_cat","embeddable":true,"href":"https:\/\/cutismedical.shop\/et\/wp-json\/wp\/v2\/product_cat?post=28115"},{"taxonomy":"product_tag","embeddable":true,"href":"https:\/\/cutismedical.shop\/et\/wp-json\/wp\/v2\/product_tag?post=28115"}],"curies":[{"name":"wp","href":"https:\/\/api.w.org\/{rel}","templated":true}]}}