{"id":26798,"date":"2021-07-30T17:05:43","date_gmt":"2021-07-30T15:05:43","guid":{"rendered":"https:\/\/cutismedical.com\/shop\/maaratlemata\/promoitalia-proshock-shape-1-ampoule-x-10ml-5pcs-in-box\/"},"modified":"2025-03-10T18:41:34","modified_gmt":"2025-03-10T16:41:34","slug":"promoitalia-proshock-shape-1-ampoule-x-10ml-5pcs-in-box","status":"publish","type":"product","link":"https:\/\/cutismedical.shop\/et\/shop-es\/mesoteraapia-et\/body-mesotherapy-et\/promoitalia-proshock-shape-1-ampoule-x-10ml-5pcs-in-box\/","title":{"rendered":"Promoitalia. ProShock Shape \/ 1 ampull x 10 ml (5 tk karbis)"},"content":{"rendered":"<div><span style=\"color: #282828;\">ProShock Shape on v\u00f5imas toode, mille erakordne koostis sisaldab taimseid kasvufaktoreid ja metaboolseid aktivaatoraid, mis lagundavad nahaalustesse kihtidesse kinnitunud tselluliiti.<\/span><\/div>\n<div>\n<p><span style=\"color: #282828;\">ProShock Shape v\u00e4hendab kiiresti ja t\u00f5husalt &#8220;apelsinikoorenahka&#8221;. Kehapiirkonnad, kus v\u00f5ib kasutada ProShock Shape&#8217;i: reite sisemine ja v\u00e4limine k\u00fclg, jalad, p\u00f5lved, k\u00e4ed, k\u00f5ht, tuharad ja reied.<\/span><\/p>\n<p><span style=\"color: #282828;\"><strong><em>ProShock Shape \u00fcksikasjad:<\/em><\/strong><\/span><\/p>\n<\/div>\n<div><span style=\"color: #282828;\">Protseduuride sagedus: protseduuride arv s\u00f5ltub tselluliidi staadiumist.<\/span><\/div>\n<div><span style=\"color: #282828;\">Tulemused on n\u00e4htavad juba esimestest seanssidest.<\/span><\/div>\n<div><span style=\"color: #282828;\">Koostis: steriilne kosmeetiline lahus professionaalseks kasutamiseks. 5 ampulli, iga\u00fcks 10 ml, piisab kuni 10 seansiks.<\/span><\/div>\n<div><span style=\"color: #282828;\">S\u00e4ilitamine: hoidke toodet alla 25 \u00b0C temperatuuril.<\/span><\/div>\n<div>\n<p><span style=\"color: #282828;\">\u00c4rge hoidke toodet otsese p\u00e4ikesevalguse k\u00e4es.<\/span><\/p>\n<p><span style=\"color: #282828;\"><em><strong>N\u00e4idustused:<\/strong><\/em><\/span><\/p>\n<div>\n<p><span style=\"color: #282828;\">Fibroosse tselluliidi k\u00f5igi staadiumite ravi, lipod\u00fcstroofia, lokaalsed rasva kogumid.<\/span><\/p>\n<p><em><strong>Rakendamine ja kasutamine:<\/strong><\/em><\/p>\n<\/div>\n<div>\n<p><span style=\"color: #282828;\">Protseduuride arv s\u00f5ltub patsiendi probleemsete piirkondade tselluliidi seisundist. Soovitatav on \u00fcks protseduur n\u00e4dalas (kokku 4\u20136 protseduuri). S\u00e4ilitusteraapia: kaks seanssi aastas.<\/span><\/p>\n<p><em><strong>Koostisosad:<\/strong><\/em><\/p>\n<\/div>\n<div><span style=\"color: #282828;\">Naatriumkloriid, dinaatriumkloriid, kaltsiumkloriid, naatriumfosfaat, naatriumh\u00fcdroksiid, papaiaekstrakt, kofeiin, rosmariiniekstrakt, dimet\u00fc\u00fclpalmitaat, naatriumdooks\u00fckoolaat, linoleenhape.<\/span><\/div>\n<\/div>\n","protected":false},"excerpt":{"rendered":"<p><span style=\"color: #ed1c24;\"><strong>Ei ole mu\u0308u\u0308giks ELis!<\/strong><\/span><br \/>\nK\u00f5ige v\u00f5imsam ja eksklusiivne koostis, mis sisaldab taimset p\u00e4ritolu proteol\u00fc\u00fctilisi ens\u00fc\u00fcme ja metaboolseid aktivaatoraid, et v\u00f5idelda fibroosse tselluliidiga.<\/p>\n","protected":false},"featured_media":26792,"template":"","meta":{"_seopress_robots_primary_cat":"none","_seopress_titles_title":"","_seopress_titles_desc":"","_seopress_robots_index":""},"item":[1194],"product_cat":[155,1131],"product_tag":[],"class_list":{"0":"post-26798","1":"product","2":"type-product","3":"status-publish","4":"has-post-thumbnail","6":"item-promoitalia-et-2","7":"product_cat-mesoteraapia-et","8":"product_cat-body-mesotherapy-et","10":"first","11":"instock","12":"taxable","13":"shipping-taxable","14":"purchasable","15":"product-type-simple"},"_links":{"self":[{"href":"https:\/\/cutismedical.shop\/et\/wp-json\/wp\/v2\/product\/26798","targetHints":{"allow":["GET"]}}],"collection":[{"href":"https:\/\/cutismedical.shop\/et\/wp-json\/wp\/v2\/product"}],"about":[{"href":"https:\/\/cutismedical.shop\/et\/wp-json\/wp\/v2\/types\/product"}],"wp:featuredmedia":[{"embeddable":true,"href":"https:\/\/cutismedical.shop\/et\/wp-json\/wp\/v2\/media\/26792"}],"wp:attachment":[{"href":"https:\/\/cutismedical.shop\/et\/wp-json\/wp\/v2\/media?parent=26798"}],"wp:term":[{"taxonomy":"item","embeddable":true,"href":"https:\/\/cutismedical.shop\/et\/wp-json\/wp\/v2\/item?post=26798"},{"taxonomy":"product_cat","embeddable":true,"href":"https:\/\/cutismedical.shop\/et\/wp-json\/wp\/v2\/product_cat?post=26798"},{"taxonomy":"product_tag","embeddable":true,"href":"https:\/\/cutismedical.shop\/et\/wp-json\/wp\/v2\/product_tag?post=26798"}],"curies":[{"name":"wp","href":"https:\/\/api.w.org\/{rel}","templated":true}]}}