{"id":26644,"date":"2021-07-15T12:15:47","date_gmt":"2021-07-15T10:15:47","guid":{"rendered":"https:\/\/cutismedical.com\/shop\/maaratlemata\/hyacorp-bioscience-face-1-1ml\/"},"modified":"2022-04-25T14:43:08","modified_gmt":"2022-04-25T12:43:08","slug":"hyacorp-bioscience-face-1-1ml","status":"publish","type":"product","link":"https:\/\/cutismedical.shop\/et\/shop-es\/fillerid-et\/hyacorp-bioscience-face-1-1ml\/","title":{"rendered":"HYAcorp (Bioscience) Face (1*1ml)"},"content":{"rendered":"<h4><strong><em>Kasutamine:<\/em><\/strong><\/h4>\n<p>HYAcorp Face on m\u00f5eldud n\u00e4o mahu ja piirjoonte taastamiseks: see asendab h\u00fcaluroonhappe kadu nahas, seda kasutatakse mahu taastamiseks (korstude t\u00e4itmine \u2013 alates keskmistest kuni s\u00fcgavateni,\u00a0 nasolabiaalsed voldid, p\u00f5skede piirkond, gabellaartsoon). Ei kasutata periorbitaalses piirkonnas (silmalaugudel, varesejalgade korral, silmadealuste ringidega). T\u00e4iteefekti kestvus v\u00f5ib olenevalt s\u00fcsti s\u00fcgavusest ja piirkonnast varieeruda. Saavutatavad tulemused olenevad nahat\u00fc\u00fcbist ja soovitavatest muutustest.<\/p>\n<h4><strong><em>Koostis:<\/em><\/strong><\/h4>\n<p><strong>1\u00a0<\/strong><strong>ml<\/strong><strong>\u00a0HYAcorp Face\u00a0<\/strong><strong>sisaldab:<\/strong><\/p>\n<ul>\n<li>\u00a0H\u00fcaluroonhape \u2013 2 mg<\/li>\n<li>\u00a0Ristseotud h\u00fcaluroonhape \u2013 20 mg<\/li>\n<li>\u00a0Naatriumkloriid \u2013 6.9 mg<\/li>\n<li>\u00a0S\u00fcstimiseks vajalik vesi \u2013 1 mg<\/li>\n<\/ul>\n<p>Kasutatakse ainult kvaliteetset testitud ja litsentseeritud tootjate toorainet.<\/p>\n<p>Valmistatud Saksamaa firma poolt, kellel on enam kui k\u00fcmneaastane t\u00f6\u00f6kogemus ning kes on selle haru maailmakuulus tootem\u00e4rk.<\/p>\n<p>Pretsedenditu kvaliteedikontroll: toodet on sertifitseeritud s\u00f5ltumatute laboratooriumite poolt hoolikalt testitud.<\/p>\n<p>Puhas mitteloomset p\u00e4ritolu h\u00fcaluroonhape tagab pikaajalise t\u00e4iteefekti ilma kahjulike soovimatute reaktsioonideta.<\/p>\n","protected":false},"excerpt":{"rendered":"<p><span style=\"color: #d83131;\"><strong>Ei ole mu\u0308u\u0308giks ELis!<\/strong><\/span><\/p>\n<p>HYAcorp Face \u2014see on k\u00f5rge puhtuseastmega imav nahaimplantaat. See on mitteloomset p\u00e4ritolu h\u00fcaluroonhappest meditsiiniline preparaat.<\/p>\n","protected":false},"featured_media":26642,"template":"","meta":{"_seopress_robots_primary_cat":"","_seopress_titles_title":"","_seopress_titles_desc":"","_seopress_robots_index":""},"item":[1661],"product_cat":[154],"product_tag":[],"class_list":{"0":"post-26644","1":"product","2":"type-product","3":"status-publish","4":"has-post-thumbnail","6":"item-hyacorp-et","7":"product_cat-fillerid-et","9":"first","10":"instock","11":"taxable","12":"shipping-taxable","13":"purchasable","14":"product-type-simple"},"_links":{"self":[{"href":"https:\/\/cutismedical.shop\/et\/wp-json\/wp\/v2\/product\/26644","targetHints":{"allow":["GET"]}}],"collection":[{"href":"https:\/\/cutismedical.shop\/et\/wp-json\/wp\/v2\/product"}],"about":[{"href":"https:\/\/cutismedical.shop\/et\/wp-json\/wp\/v2\/types\/product"}],"wp:featuredmedia":[{"embeddable":true,"href":"https:\/\/cutismedical.shop\/et\/wp-json\/wp\/v2\/media\/26642"}],"wp:attachment":[{"href":"https:\/\/cutismedical.shop\/et\/wp-json\/wp\/v2\/media?parent=26644"}],"wp:term":[{"taxonomy":"item","embeddable":true,"href":"https:\/\/cutismedical.shop\/et\/wp-json\/wp\/v2\/item?post=26644"},{"taxonomy":"product_cat","embeddable":true,"href":"https:\/\/cutismedical.shop\/et\/wp-json\/wp\/v2\/product_cat?post=26644"},{"taxonomy":"product_tag","embeddable":true,"href":"https:\/\/cutismedical.shop\/et\/wp-json\/wp\/v2\/product_tag?post=26644"}],"curies":[{"name":"wp","href":"https:\/\/api.w.org\/{rel}","templated":true}]}}