{"id":26634,"date":"2021-07-15T12:04:43","date_gmt":"2021-07-15T10:04:43","guid":{"rendered":"https:\/\/cutismedical.com\/shop\/maaratlemata\/hyacorp-bioscience-lips-1-1ml\/"},"modified":"2021-07-29T19:02:27","modified_gmt":"2021-07-29T17:02:27","slug":"hyacorp-bioscience-lips-1-1ml","status":"publish","type":"product","link":"https:\/\/cutismedical.shop\/et\/shop-es\/fillerid-et\/hyacorp-bioscience-lips-1-1ml\/","title":{"rendered":"HYAcorp (Bioscience) Lips (1*1ml)"},"content":{"rendered":"<h4><strong><em>Toote kasutamine:<\/em><\/strong><\/h4>\n<p>HYAcorp Lips on m\u00f5eldud huulte mahu ja piirjoonte taastamiseks. T\u00e4iteefekti kestvus v\u00f5ib varieeruda ning oleneb nahat\u00fc\u00fcbist ja soovitavatest muutustest. Innovatsiooniline huulte t\u00e4iteaine HYAcorp Lips on valmistatud kontrollitud, puhastatud ja k\u00f5rgekvaliteedilisest h\u00fcaluroonhappest, millel on unikaalsed viskoelastsed omadused, mis lubavad sel \u00fchtlaselt t\u00f6\u00f6deldavasse piirkonda jaguneda. See on spetsiaalselt v\u00e4lja t\u00f6\u00f6tatud huultesse s\u00fcstimiseks; taastab kiiresti, v\u00e4rskendab ja kontuurib seda n\u00e4o osa.<\/p>\n<h4><strong><em>Koostis:<\/em><\/strong><\/h4>\n<p>1 ml HYAcorp Lips sisaldab:<br \/>\n\u2022\u00a0 \u00a0H\u00fcaluroonhape &#8211; 2.0 mg<br \/>\n\u2022\u00a0 \u00a0Ristseotud h\u00fcaluroonhape &#8211; 16.0 mg<br \/>\n\u2022\u00a0 \u00a0Naatriumkloriid &#8211; 6.9 mg<br \/>\n\u2022\u00a0 \u00a0S\u00fcstmiseks m\u00f5eldud vesi ad &#8211; 1.0 ml<\/p>\n<p>Kasutatakse ainult kontrollitud ja litsentseeritud tootjatega kvaliteetset toorainet.<\/p>\n<p>Valmistatud Saksamaa firma poolt, kellel on enam kui k\u00fcmneaastane t\u00f6\u00f6kogemus ning kes on selle haru maailmakuulus tootem\u00e4rk.<\/p>\n<p>Pretsedenditu kvaliteedikontroll: toodet on sertifitseeritud s\u00f5ltumatute laboratooriumite poolt hoolikalt testitud.<\/p>\n<p>Puhas mitteloomset p\u00e4ritolu h\u00fcaluroonhape tagab pikaajalise t\u00e4iteefekti ilma kahjulike soovimatute reaktsioonideta.<\/p>\n","protected":false},"excerpt":{"rendered":"<p><span style=\"color: #d83131;\"><strong>Ei ole mu\u0308u\u0308giks ELis!<\/strong><\/span><\/p>\n<p>HYAcorp Lips \u2014see on imenduv k\u00f5rge puhtusastmega nahaimplantaat. See on meditsiiniline seade, mis on ette n\u00e4htud \u00fchekordseks kasutamiseks ja toodetud mitteloomset p\u00e4ritolu h\u00fcaluroonhappest.<\/p>\n<p>HYAcorp Lips &#8211; suurep\u00e4rane valik huulte suurendamiseks.<\/p>\n","protected":false},"featured_media":26632,"template":"","meta":{"_seopress_robots_primary_cat":"","_seopress_titles_title":"","_seopress_titles_desc":"","_seopress_robots_index":""},"item":[1661],"product_cat":[154],"product_tag":[],"class_list":{"0":"post-26634","1":"product","2":"type-product","3":"status-publish","4":"has-post-thumbnail","6":"item-hyacorp-et","7":"product_cat-fillerid-et","9":"first","10":"instock","11":"taxable","12":"shipping-taxable","13":"purchasable","14":"product-type-simple"},"_links":{"self":[{"href":"https:\/\/cutismedical.shop\/et\/wp-json\/wp\/v2\/product\/26634","targetHints":{"allow":["GET"]}}],"collection":[{"href":"https:\/\/cutismedical.shop\/et\/wp-json\/wp\/v2\/product"}],"about":[{"href":"https:\/\/cutismedical.shop\/et\/wp-json\/wp\/v2\/types\/product"}],"wp:featuredmedia":[{"embeddable":true,"href":"https:\/\/cutismedical.shop\/et\/wp-json\/wp\/v2\/media\/26632"}],"wp:attachment":[{"href":"https:\/\/cutismedical.shop\/et\/wp-json\/wp\/v2\/media?parent=26634"}],"wp:term":[{"taxonomy":"item","embeddable":true,"href":"https:\/\/cutismedical.shop\/et\/wp-json\/wp\/v2\/item?post=26634"},{"taxonomy":"product_cat","embeddable":true,"href":"https:\/\/cutismedical.shop\/et\/wp-json\/wp\/v2\/product_cat?post=26634"},{"taxonomy":"product_tag","embeddable":true,"href":"https:\/\/cutismedical.shop\/et\/wp-json\/wp\/v2\/product_tag?post=26634"}],"curies":[{"name":"wp","href":"https:\/\/api.w.org\/{rel}","templated":true}]}}