{"id":26626,"date":"2021-07-14T20:55:56","date_gmt":"2021-07-14T18:55:56","guid":{"rendered":"https:\/\/cutismedical.com\/shop\/maaratlemata\/hyacorp-bioscience-fine-1-1ml\/"},"modified":"2021-07-29T19:02:47","modified_gmt":"2021-07-29T17:02:47","slug":"hyacorp-bioscience-fine-1-1ml","status":"publish","type":"product","link":"https:\/\/cutismedical.shop\/et\/shop-es\/fillerid-et\/hyacorp-bioscience-fine-1-1ml\/","title":{"rendered":"HYAcorp (Bioscience) Fine (1*1ml)"},"content":{"rendered":"<h4><strong><em>N\u00e4idustused kasutamiseks:<\/em><\/strong><\/h4>\n<ul>\n<li>fotovananemine;<\/li>\n<li>veeta olek ja naha kuivus;<\/li>\n<li>h\u00fcperpigmentatsioon;<\/li>\n<li>naha n\u00e4rtsimine;<\/li>\n<li>rasvane nahk koos laienenud pooridega;<\/li>\n<li>kuperroos;<\/li>\n<li>naha ette valmistamine aparaadi- ja laserm\u00f5judeks, plastilisteks operatsioonideks;<\/li>\n<li>naha l\u00f5tvus, v\u00e4henenud turgor \u00f5lgade, \u00f5la seesmise pealispinna, reite, k\u00f5hu eesmise seina piirkonnas;<\/li>\n<li>v\u00e4ikeste kortsude prof\u00fclaktika (dekoltee, silmade ja kaela piirkond), naha vananemine noores eas.<\/li>\n<\/ul>\n<h4><strong><em>Koostis:<\/em><\/strong><\/h4>\n<p><strong>1 <\/strong><strong>ml<\/strong><strong> HYAcorp Fine <\/strong><strong>sisaldab<\/strong><strong>:<\/strong><\/p>\n<ul>\n<li>Natiivne h\u00fcaluroonhape 14,0 mg<\/li>\n<li>Naatriumkloriid 6,9 mg<\/li>\n<li>S\u00fcstimise veis kuni 1,0 ml<\/li>\n<\/ul>\n<p><strong>Korrigeeritav piirkond: <\/strong>n\u00e4gu, kael, dekoltee, k\u00e4elabad, \u00f5lgade ja reite sisemine pealispind, k\u00fc\u00fcnarvarred, k\u00fc\u00fcnarnukid, rinnanahk, k\u00f5ht.<\/p>\n<h4><strong><em>HYAcorp Fine<\/em><\/strong><strong><em> preparaadi eelised:<\/em><\/strong><\/h4>\n<ul>\n<li>sisaldab h\u00fcaluroonhapet kontsentratsiooniga 14 mg\/ml;<\/li>\n<li>valmis kasutamiseks s\u00fcstalde komplektiga klaasist s\u00fcstlaga;<\/li>\n<li>pikendatud liftinguefekt t\u00e4nu pikendatud naha niisutusfaasile;<\/li>\n<li>muudatused naha mikro- ja makrostruktuuris juba p\u00e4rast esimest protseduuri;<\/li>\n<li>protseduuride arvu v\u00e4hendamine pikendatud, p\u00fcsiva noorendusefekti saavutamiseks.<\/li>\n<\/ul>\n<p>&nbsp;<\/p>\n<p>&nbsp;<\/p>\n","protected":false},"excerpt":{"rendered":"<p><span style=\"color: #d83131;\"><strong>Ei ole mu\u0308u\u0308giks ELis!<\/strong><\/span><\/p>\n<p>HYAcorp \u2013 k\u00f5rgekvaliteediline implantaat, mis saab efektiivselt hakkame \u00fclesandega t\u00e4ita vaba h\u00fcaluroonhappe puudus nahas. See on loodud bios\u00fcnteetilisest mittestabiliseeritud h\u00fcaluroonhappest molekulaarmassiga 2.8 milj Da. Preparaat l\u00e4bib k\u00f5ik biodegradatsiooni etapid nahas, tagades n\u00e4htava noorendava toime.<\/p>\n","protected":false},"featured_media":26624,"template":"","meta":{"_seopress_robots_primary_cat":"","_seopress_titles_title":"","_seopress_titles_desc":"","_seopress_robots_index":""},"item":[1661],"product_cat":[154],"product_tag":[],"class_list":{"0":"post-26626","1":"product","2":"type-product","3":"status-publish","4":"has-post-thumbnail","6":"item-hyacorp-et","7":"product_cat-fillerid-et","9":"first","10":"instock","11":"taxable","12":"shipping-taxable","13":"purchasable","14":"product-type-simple"},"_links":{"self":[{"href":"https:\/\/cutismedical.shop\/et\/wp-json\/wp\/v2\/product\/26626","targetHints":{"allow":["GET"]}}],"collection":[{"href":"https:\/\/cutismedical.shop\/et\/wp-json\/wp\/v2\/product"}],"about":[{"href":"https:\/\/cutismedical.shop\/et\/wp-json\/wp\/v2\/types\/product"}],"wp:featuredmedia":[{"embeddable":true,"href":"https:\/\/cutismedical.shop\/et\/wp-json\/wp\/v2\/media\/26624"}],"wp:attachment":[{"href":"https:\/\/cutismedical.shop\/et\/wp-json\/wp\/v2\/media?parent=26626"}],"wp:term":[{"taxonomy":"item","embeddable":true,"href":"https:\/\/cutismedical.shop\/et\/wp-json\/wp\/v2\/item?post=26626"},{"taxonomy":"product_cat","embeddable":true,"href":"https:\/\/cutismedical.shop\/et\/wp-json\/wp\/v2\/product_cat?post=26626"},{"taxonomy":"product_tag","embeddable":true,"href":"https:\/\/cutismedical.shop\/et\/wp-json\/wp\/v2\/product_tag?post=26626"}],"curies":[{"name":"wp","href":"https:\/\/api.w.org\/{rel}","templated":true}]}}