{"id":26402,"date":"2021-07-07T11:31:16","date_gmt":"2021-07-07T09:31:16","guid":{"rendered":"https:\/\/cutismedical.com\/shop\/maaratlemata\/alsavique-apoptosis-fat-m-20-ml\/"},"modified":"2025-04-23T13:53:45","modified_gmt":"2025-04-23T11:53:45","slug":"alsavique-apoptosis-fat-m-20-ml","status":"publish","type":"product","link":"https:\/\/cutismedical.shop\/et\/shop-es\/mesoteraapia-et\/body-mesotherapy-et\/alsavique-apoptosis-fat-m-20-ml\/","title":{"rendered":"Alsavique. Apoptosis Fat M \/ 2 viaali*(18 ml + 2 ml)"},"content":{"rendered":"<p><em><strong>TOOTEINFO<\/strong><\/em><\/p>\n<div class=\"product__slider-info-text\">\nLokaalne rasvkude t\u00e4hendab teatud kehapiirkondade suuremat rasvarakkude sisaldust v\u00f5rreldes teiste piirkondadega, mis p\u00f5hjustab kosmeetilisi ebak\u00f5lasid. Seda n\u00e4htust m\u00f5jutavad mitmed tegurid, mis koos loovad h\u00e4ireid. FAT APOPTOSIS M on innovaatiline valem, mis t\u00e4nu erilisele antioks\u00fcdantide kontsentratsioonile aitab v\u00e4hendada liigse rasvkoe kogunemisest tingitud ebak\u00f5lasid teatud kehapiirkondades.<\/p>\n<p><em><strong>KOOSTIS<\/strong><\/em><\/p>\n<p>Faas 1 KOOSTIS: Aqua, naatriumaskorbaat, dinaatrium-EDTA. Faas 2 KOOSTIS: Aqua, sahharoos, bens\u00fc\u00fclalkohol, vesinikkloriidhape, naatriumh\u00fcdroksiid, raua gl\u00fckonaat.<\/p>\n<\/div>\n<h4 class=\"product__title-block\"><em><strong>KASUTUSALAD<\/strong><\/em><\/h4>\n<div class=\"product__slider-info-text\">Teatud kehapiirkonnad.<\/div>\n<div><\/div>\n<div><em><strong>PAKEND<\/strong><\/em><\/div>\n<div>\n<div class=\"product__slider-info-text\">\nPakend sisaldab kahte (2) viaali (18 ml + 2 ml).<\/p>\n<\/div><\/div>\n<div id=\"product-instruction\" class=\"product__slider-info-instruction hidden fadeInDown full-visible\">\n<h4 class=\"product__title-block\"><em><strong>KASUTUSJUHEND<\/strong><\/em><\/h4>\n<div class=\"product__slider-info-text\">Segage viaalide sisu vahetult enne pealekandmist m\u00f5jutatud nahapiirkondadele. Korrake protseduuri kahe n\u00e4dala p\u00e4rast.<\/div>\n<\/p><\/div>\n","protected":false},"excerpt":{"rendered":"<p><span data-text-color=\"alert\"><strong>Exp: 10.2025<\/strong><\/span><\/p>\n<p><span style=\"color: #ed1c24;\"><strong>Ei ole mu\u0308u\u0308giks ELis!<\/strong><\/span><\/p>\n<p>C-vitamiini ja raua sisaldav valem aitab v\u00e4hendada rasva ladestumist m\u00f5jutatud nahapiirkondades.<\/p>\n","protected":false},"featured_media":26400,"template":"","meta":{"_seopress_robots_primary_cat":"none","_seopress_titles_title":"","_seopress_titles_desc":"","_seopress_robots_index":""},"item":[1977],"product_cat":[155,1131],"product_tag":[1906],"class_list":{"0":"post-26402","1":"product","2":"type-product","3":"status-publish","4":"has-post-thumbnail","6":"item-alsavique-et","7":"product_cat-mesoteraapia-et","8":"product_cat-body-mesotherapy-et","9":"product_tag-tselluliit","10":"pa_register_only-register_price","11":"pa_register_only-new_regular_price","13":"first","14":"instock","15":"taxable","16":"shipping-taxable","17":"purchasable","18":"product-type-simple"},"_links":{"self":[{"href":"https:\/\/cutismedical.shop\/et\/wp-json\/wp\/v2\/product\/26402","targetHints":{"allow":["GET"]}}],"collection":[{"href":"https:\/\/cutismedical.shop\/et\/wp-json\/wp\/v2\/product"}],"about":[{"href":"https:\/\/cutismedical.shop\/et\/wp-json\/wp\/v2\/types\/product"}],"wp:featuredmedia":[{"embeddable":true,"href":"https:\/\/cutismedical.shop\/et\/wp-json\/wp\/v2\/media\/26400"}],"wp:attachment":[{"href":"https:\/\/cutismedical.shop\/et\/wp-json\/wp\/v2\/media?parent=26402"}],"wp:term":[{"taxonomy":"item","embeddable":true,"href":"https:\/\/cutismedical.shop\/et\/wp-json\/wp\/v2\/item?post=26402"},{"taxonomy":"product_cat","embeddable":true,"href":"https:\/\/cutismedical.shop\/et\/wp-json\/wp\/v2\/product_cat?post=26402"},{"taxonomy":"product_tag","embeddable":true,"href":"https:\/\/cutismedical.shop\/et\/wp-json\/wp\/v2\/product_tag?post=26402"}],"curies":[{"name":"wp","href":"https:\/\/api.w.org\/{rel}","templated":true}]}}