{"id":26112,"date":"2021-07-02T12:16:34","date_gmt":"2021-07-02T10:16:34","guid":{"rendered":"https:\/\/cutismedical.com\/shop\/maaratlemata\/utsukusy-citrus-homeopathiques-daily-care-kit\/"},"modified":"2024-11-10T00:39:26","modified_gmt":"2024-11-09T22:39:26","slug":"utsukusy-citrus-homeopathiques-daily-care-kit","status":"publish","type":"product","link":"https:\/\/cutismedical.shop\/et\/shop-es\/nahahooldus\/naopuhastus-et-prof\/utsukusy-citrus-homeopathiques-daily-care-kit\/","title":{"rendered":"Utsukusy. Citrus Homeopathiques. Igap\u00e4evane Hoolduskomplekt"},"content":{"rendered":"<p><a href=\"https:\/\/cutismedical.com\/wp-content\/uploads\/2021\/07\/serumcitrus.jpg\"><img loading=\"lazy\" decoding=\"async\" class=\"alignnone size-medium wp-image-26107\" src=\"https:\/\/cutismedical.com\/wp-content\/uploads\/2021\/07\/serumcitrus-800x376.jpg\" alt=\"\" width=\"800\" height=\"376\" srcset=\"https:\/\/cutismedical.shop\/wp-content\/uploads\/2021\/07\/serumcitrus-800x376.jpg 800w, https:\/\/cutismedical.shop\/wp-content\/uploads\/2021\/07\/serumcitrus-150x71.jpg 150w, https:\/\/cutismedical.shop\/wp-content\/uploads\/2021\/07\/serumcitrus-592x278.jpg 592w, https:\/\/cutismedical.shop\/wp-content\/uploads\/2021\/07\/serumcitrus-768x361.jpg 768w, https:\/\/cutismedical.shop\/wp-content\/uploads\/2021\/07\/serumcitrus-510x240.jpg 510w, https:\/\/cutismedical.shop\/wp-content\/uploads\/2021\/07\/serumcitrus.jpg 1200w\" sizes=\"auto, (max-width: 800px) 100vw, 800px\" \/><\/a><\/p>\n<p><strong>CITRUS HOMEOPHATIQUES SEERUM<\/strong><br \/>\nIGAP\u00c4EVANE NAHAHOOLDUS \u2013 TAASTAV SEERUM<\/p>\n<p>KORRIGEERIMINE JA ENNETAMINE<br \/>\nKIIVI + PUNANE KAPSAS + MEREEKSTRAKTID + MIMOOS TENUIFLORA + 10% C-VITAMIIN<br \/>\n\u2022 Taastav hooldus kahjustatud nahale, 70% aktiivseid koostisosi.<br \/>\n\u2022 Suurep\u00e4rane kudede rekonstrueerimine.<br \/>\n\u2022 Ideaalne seerum p\u00e4rast laserravi, s\u00fcstimisi, keemilisi koorimisi ja \u00e4rritusi.<\/p>\n<p>ESITLUS: 35 ml<\/p>\n<p><strong>KASUTUSJUHEND:<\/strong> (p\u00e4eval ja \u00f6\u00f6sel)<\/p>\n<p>Puhastage n\u00e4gu mustusest ja meigist.<br \/>\nKandke Bijin puhastuskreem ja loputage veega.<br \/>\nKandke seerum n\u00e4ole, kaelale ja dekolteele ning masseerige kuni t\u00e4ieliku imendumiseni.<br \/>\nKandke kreem \u00f5rnalt \u00fclespoole suunatud liigutustega.<br \/>\n<a href=\"https:\/\/cutismedical.com\/wp-content\/uploads\/2021\/07\/cremacitrusvp.jpg\"><img loading=\"lazy\" decoding=\"async\" class=\"alignnone size-medium wp-image-26110\" src=\"https:\/\/cutismedical.com\/wp-content\/uploads\/2021\/07\/cremacitrusvp-800x376.jpg\" alt=\"\" width=\"800\" height=\"376\" srcset=\"https:\/\/cutismedical.shop\/wp-content\/uploads\/2021\/07\/cremacitrusvp-800x376.jpg 800w, https:\/\/cutismedical.shop\/wp-content\/uploads\/2021\/07\/cremacitrusvp-150x71.jpg 150w, https:\/\/cutismedical.shop\/wp-content\/uploads\/2021\/07\/cremacitrusvp-592x278.jpg 592w, https:\/\/cutismedical.shop\/wp-content\/uploads\/2021\/07\/cremacitrusvp-768x361.jpg 768w, https:\/\/cutismedical.shop\/wp-content\/uploads\/2021\/07\/cremacitrusvp-510x240.jpg 510w, https:\/\/cutismedical.shop\/wp-content\/uploads\/2021\/07\/cremacitrusvp.jpg 1200w\" sizes=\"auto, (max-width: 800px) 100vw, 800px\" \/><\/a><\/p>\n<p><strong>T\u00c4PNE TAASTAV KREEM<\/strong><\/p>\n<p>KORRIGEERIMINE JA KAITSE<br \/>\n10% C-VITAMIIN + 1% E-VITAMIIN + 0,5% FERUULHAPE + \u00d5UN + KIIVI + BANAAN<br \/>\nKORRIGEERIMISTEHNOLOOGIA:<br \/>\nSpetsiaalselt formuleeritud, et ravida plekke ja ennetada nende teket.<br \/>\nEFEKTID: \u00dchtlustab jumet, eemaldab ja v\u00e4hendab kortse. Korrigeerib kortse, l\u00f5tvust ja n\u00e4onaha paksuse kadu. Pikaajaline, tugev rakukaitse efekt. SPF 20 UVA\/UVB kaitseks p\u00e4ikese eest.<br \/>\nT\u00d6\u00d6TLEMISVIISID: vananev nahk, pigmendih\u00e4ired ja elastsuse kadu.<br \/>\nVORMISTUS: Igap\u00e4evane hooldus: 50 ml<\/p>\n","protected":false},"excerpt":{"rendered":"<p><strong>KASUTUSJUHEND:<\/strong> (p\u00e4eval ja \u00f6\u00f6sel)<\/p>\n<p>Puhastage n\u00e4gu mustusest ja meigist.<br \/>\nKandke Bijin puhastuskreem ja loputage veega.<br \/>\nKandke seerum n\u00e4ole, kaelale ja dekolteele ning masseerige kuni t\u00e4ieliku imendumiseni.<br \/>\nKandke kreem \u00f5rnalt \u00fclespoole suunatud liigutustega.<br \/>\nIGAP\u00c4EVANE NAHAHOOLDUSKOMPLEKT<\/p>\n<p>SISALDAB:<br \/>\n\u2022 N\u00e4opuhastuskreem Bijin 50 ml.<br \/>\n\u2022 SPF15 kreem 50 ml<br \/>\n\u2022 Seerum 35 ml<\/p>\n<p><strong>KASUTUSJUHEND:<\/strong> (p\u00e4eval ja \u00f6\u00f6sel)<\/p>\n<p>Puhastage n\u00e4gu mustusest ja meigist.<br \/>\nKandke Bijin puhastuskreem ja loputage veega.<br \/>\nKandke seerum n\u00e4ole, kaelale ja dekolteele ning masseerige kuni t\u00e4ieliku imendumiseni.<br \/>\nKandke kreem \u00f5rnalt \u00fclespoole suunatud liigutustega.<\/p>\n","protected":false},"featured_media":26104,"template":"","meta":{"_seopress_robots_primary_cat":"none","_seopress_titles_title":"","_seopress_titles_desc":"","_seopress_robots_index":""},"item":[],"product_cat":[1813,195,151,363,1910,1913,1928,1931],"product_tag":[],"class_list":{"0":"post-26112","1":"product","2":"type-product","3":"status-publish","4":"has-post-thumbnail","6":"product_cat-otstarve","7":"product_cat-naopuhastus-et","8":"product_cat-kreem-et","9":"product_cat-seerum-et","10":"product_cat-nahahooldus","11":"product_cat-naopuhastus-et-prof","12":"product_cat-kreem-et-prof","13":"product_cat-seerum-et-prof","15":"first","16":"instock","17":"taxable","18":"shipping-taxable","19":"purchasable","20":"product-type-simple"},"_links":{"self":[{"href":"https:\/\/cutismedical.shop\/et\/wp-json\/wp\/v2\/product\/26112","targetHints":{"allow":["GET"]}}],"collection":[{"href":"https:\/\/cutismedical.shop\/et\/wp-json\/wp\/v2\/product"}],"about":[{"href":"https:\/\/cutismedical.shop\/et\/wp-json\/wp\/v2\/types\/product"}],"wp:featuredmedia":[{"embeddable":true,"href":"https:\/\/cutismedical.shop\/et\/wp-json\/wp\/v2\/media\/26104"}],"wp:attachment":[{"href":"https:\/\/cutismedical.shop\/et\/wp-json\/wp\/v2\/media?parent=26112"}],"wp:term":[{"taxonomy":"item","embeddable":true,"href":"https:\/\/cutismedical.shop\/et\/wp-json\/wp\/v2\/item?post=26112"},{"taxonomy":"product_cat","embeddable":true,"href":"https:\/\/cutismedical.shop\/et\/wp-json\/wp\/v2\/product_cat?post=26112"},{"taxonomy":"product_tag","embeddable":true,"href":"https:\/\/cutismedical.shop\/et\/wp-json\/wp\/v2\/product_tag?post=26112"}],"curies":[{"name":"wp","href":"https:\/\/api.w.org\/{rel}","templated":true}]}}