{"id":26033,"date":"2021-07-01T10:24:42","date_gmt":"2021-07-01T08:24:42","guid":{"rendered":"https:\/\/cutismedical.com\/shop\/maaratlemata\/utsukusy-laser-body-laser-cream-spf30-100ml\/"},"modified":"2024-11-10T01:02:18","modified_gmt":"2024-11-09T23:02:18","slug":"utsukusy-laser-body-laser-cream-spf30-100ml","status":"publish","type":"product","link":"https:\/\/cutismedical.shop\/et\/shop-es\/nahahooldus\/paikesekaitsekreem-et\/utsukusy-laser-body-laser-cream-spf30-100ml\/","title":{"rendered":"Utsukusy. Laser. Keha Laser-kreem SPF30 100 ml"},"content":{"rendered":"<p><b>N\u00c4IDUSTUSED:<\/b><\/p>\n<ul>\n<li>H\u00fcperpigmenteeritud nahk<\/li>\n<li>Pruunid laigud<\/li>\n<li>Nahk enne ja p\u00e4rast laserit v\u00f5i p\u00e4rast dermatoloogilist sekkumist<\/li>\n<li>Armid<\/li>\n<\/ul>\n<p> <b>KASUTAMISJUHEND:<\/b><br \/>\nKandke Laser-kreemi p\u00e4ikese k\u00e4es olevale nahale ja kordage iga 2 tunni j\u00e4rel, kui p\u00e4ikese k\u00e4es viibimine on pikem.<\/p>\n<p><b>KOOSTISOSAD:<\/b> AQUA (VESI), OKTOKR\u00dcLEEN, C12-15 ALK\u00dc\u00dcLBENZOAAT, PROPANDIOOL, ET\u00dc\u00dcLHEKS\u00dc\u00dcL METOKS\u00dcTSINAMAAT, ALOE BARBADENSIS LEHE EKSTRAKT (ALOE BARBADENSIS LEHEMAHL), ET\u00dc\u00dcLHEKS\u00dc\u00dcL SALITS\u00dcLAAT, PROP\u00dcLHEPT\u00dc\u00dcL KAPR\u00dcLAAT, B\u00dc\u00dcT\u00dcL METOKS\u00dcDIBENZO\u00dc\u00dcLMETAAN, POL\u00dcURETAAN-34, C12-20 HAPETE PEG-8 EETER, GL\u00dcTSERIIN, PROP\u00dcLEENGL\u00dcKOL, TS\u00dcKLOPENTASILOKSAAN, DIMET\u00dc\u00dcLKAPRAMI, DIMET\u00dc\u00dcLMETOKSIKROMANOL, GL\u00dcTSIINI SOJA (SOJA) \u00d5LI, TOKOFEROOL, ALLANTOIIN, TETRAZODAADIGLUTAAM DIATSETAAT, ALUMIINIUMT\u00c4RKLISOKTENIILSUKSINAAT, LAURET-7, NAATRIUMH\u00dcDROKSIID, TITAANDIOKSIID, POL\u00dcAKR\u00dc\u00dcLAMI, C13-14 ISOPARAFFIN, BHT, MET\u00dc\u00dcLPROPANDIOOL, SILIKA, KAPR\u00dc\u00dcL METHIKON, AKR\u00dcLAADID\/C10-30 ALK\u00dc\u00dcL AKR\u00dcLAADI RISTPOL\u00dcMEER, ET\u00dc\u00dcLHEKS\u00dc\u00dcLGL\u00dcTSERIIN, KAPR\u00dc\u00dcLGL\u00dcKOL, FEN\u00dc\u00dcLPROPANOOL, FENOOKS\u00dcETAAN, PARF\u00dc\u00dcM (L\u00d5HNAINE).<\/p>\n","protected":false},"excerpt":{"rendered":"<p><b>FOTOKAITSEKREEMID SPF 30<\/b><\/p>\n<ul>\n<li>Aloe veraga koostis, kaitsev p\u00e4ikesekaitsetoime.<\/li>\n<li>Piirab h\u00fcperpigmentatsiooni ja kaitseb arme.<\/li>\n<li>Garanteerib optimaalse UVA ja UVB kaitse p\u00e4ikese kahjulike m\u00f5jude eest (p\u00e4ikesep\u00f5letus, p\u00e4ikese talumatus jne).<\/li>\n<li>Aktiveerib naha loomuliku kaitse, kaitseb rakukahjustuste eest ja v\u00f5itleb naha enneaegse vananemise vastu.<\/li>\n<\/ul>\n","protected":false},"featured_media":26029,"template":"","meta":{"_seopress_robots_primary_cat":"none","_seopress_titles_title":"","_seopress_titles_desc":"","_seopress_robots_index":""},"item":[],"product_cat":[1813,1847,366,1910,1934,1940],"product_tag":[],"class_list":{"0":"post-26033","1":"product","2":"type-product","3":"status-publish","4":"has-post-thumbnail","6":"product_cat-otstarve","7":"product_cat-paikesekaitsekreem","8":"product_cat-keha-et","9":"product_cat-nahahooldus","10":"product_cat-paikesekaitsekreem-et","11":"product_cat-keha-et-prof","13":"first","14":"instock","15":"taxable","16":"shipping-taxable","17":"purchasable","18":"product-type-simple"},"_links":{"self":[{"href":"https:\/\/cutismedical.shop\/et\/wp-json\/wp\/v2\/product\/26033","targetHints":{"allow":["GET"]}}],"collection":[{"href":"https:\/\/cutismedical.shop\/et\/wp-json\/wp\/v2\/product"}],"about":[{"href":"https:\/\/cutismedical.shop\/et\/wp-json\/wp\/v2\/types\/product"}],"wp:featuredmedia":[{"embeddable":true,"href":"https:\/\/cutismedical.shop\/et\/wp-json\/wp\/v2\/media\/26029"}],"wp:attachment":[{"href":"https:\/\/cutismedical.shop\/et\/wp-json\/wp\/v2\/media?parent=26033"}],"wp:term":[{"taxonomy":"item","embeddable":true,"href":"https:\/\/cutismedical.shop\/et\/wp-json\/wp\/v2\/item?post=26033"},{"taxonomy":"product_cat","embeddable":true,"href":"https:\/\/cutismedical.shop\/et\/wp-json\/wp\/v2\/product_cat?post=26033"},{"taxonomy":"product_tag","embeddable":true,"href":"https:\/\/cutismedical.shop\/et\/wp-json\/wp\/v2\/product_tag?post=26033"}],"curies":[{"name":"wp","href":"https:\/\/api.w.org\/{rel}","templated":true}]}}