{"id":26021,"date":"2021-07-01T10:17:14","date_gmt":"2021-07-01T08:17:14","guid":{"rendered":"https:\/\/cutismedical.com\/shop\/maaratlemata\/utsukusy-laser-facial-laser-cream-spf50\/"},"modified":"2024-11-10T11:02:52","modified_gmt":"2024-11-10T09:02:52","slug":"utsukusy-laser-facial-laser-cream-spf50","status":"publish","type":"product","link":"https:\/\/cutismedical.shop\/et\/shop-es\/nahahooldus\/kreem-et-prof\/utsukusy-laser-facial-laser-cream-spf50\/","title":{"rendered":"Utsukusy. Laser. N\u00e4okreem SPF50 50 ml"},"content":{"rendered":"<p><b>N\u00c4IDUSTUSED:<\/b><\/p>\n<p>H\u00fcperpigmenteeritud nahk<\/p>\n<p>Pruunid laigud<\/p>\n<p>Nahk enne ja p\u00e4rast laserit v\u00f5i p\u00e4rast dermatoloogilist sekkumist<\/p>\n<p>Armid<\/p>\n<p><b>KASUTAMISJUHEND:<\/b><\/p>\n<p>Kandke Laser-kreemi p\u00e4ikese k\u00e4es olevale nahale ja kordage iga 2 tunni j\u00e4rel, kui p\u00e4ikese k\u00e4es viibimine on pikem.<\/p>\n<p><b>KOOSTISOSAD:<\/b> AQUA (VESI), OKTOKR\u00dcLEEN, ET\u00dc\u00dcLHEKS\u00dc\u00dcL METOKS\u00dcTSINAMAAT, ALOE BARBADENSIS LEHE EKSTRAKT, C12-15 ALK\u00dc\u00dcLBENZOAAT, ET\u00dc\u00dcLHEKS\u00dc\u00dcL SALITS\u00dcLAAT, PROP\u00dcLHEPT\u00dc\u00dcL KAPR\u00dcLAAT, B\u00dc\u00dcT\u00dcL METOKSIDIBENZO\u00dc\u00dcLMETAAN, POL\u00dcURETAAN-14, MET\u00dcLEEN BENSOTRIAASOOLI TETRAMET\u00dc\u00dcLB\u00dcT\u00dc\u00dcLFENOOL, KAPR\u00dc\u00dcLMETIKON, ALUMIINIUM T\u00c4RKLIS OKTENIILSUKSINAAT, DIMET\u00dc\u00dcL KAPRAMI, DIMET\u00dc\u00dcLMETOKSI KROMANOL, TOKOFEROOL, ALLANTOIIN, TETRAZODAADI GLUTAMAAT DITS\u00c4TAAT, KSANTAANKUMM, PROP\u00dcLEENGL\u00dcKOL, NAATRIUMH\u00dcDROKSIID, BHT, DETS\u00dc\u00dcLGL\u00dcKOOSIID, AKR\u00dcLAADID\/C10-30 ALK\u00dc\u00dcL AKR\u00dcLAADI RISTPOL\u00dcMEER, ET\u00dc\u00dcLHEKS\u00dc\u00dcLGL\u00dcTSERIIN, H\u00dcDROKS\u00dcATSETOFENON, FENOOKS\u00dcETAAN, PARF\u00dc\u00dcM (L\u00d5HNAINE).<\/p>\n","protected":false},"excerpt":{"rendered":"<p><b>FOTOKAITSEKREEMID SPF 50<\/b><\/p>\n<ul>\n<li>Aloe veraga koostis, tagab t\u00e4ieliku p\u00e4ikesekaitse.<\/li>\n<li>Piirab h\u00fcperpigmentatsiooni ja kaitseb arme.<\/li>\n<li>Tagab optimaalse UVA ja UVB kaitse, kaitstes p\u00e4ikese kahjulike m\u00f5jude eest (p\u00e4ikesep\u00f5letus, p\u00e4ikese talumatus jne).<\/li>\n<li>Aktiveerib naha loomuliku kaitse, kaitseb rakukahjustuste eest ja v\u00f5itleb naha enneaegse vananemise vastu.<\/li>\n<\/ul>\n","protected":false},"featured_media":26017,"template":"","meta":{"_seopress_robots_primary_cat":"none","_seopress_titles_title":"","_seopress_titles_desc":"","_seopress_robots_index":""},"item":[],"product_cat":[1813,151,1847,1910,1928,1934],"product_tag":[],"class_list":{"0":"post-26021","1":"product","2":"type-product","3":"status-publish","4":"has-post-thumbnail","6":"product_cat-otstarve","7":"product_cat-kreem-et","8":"product_cat-paikesekaitsekreem","9":"product_cat-nahahooldus","10":"product_cat-kreem-et-prof","11":"product_cat-paikesekaitsekreem-et","13":"first","14":"instock","15":"taxable","16":"shipping-taxable","17":"purchasable","18":"product-type-simple"},"_links":{"self":[{"href":"https:\/\/cutismedical.shop\/et\/wp-json\/wp\/v2\/product\/26021","targetHints":{"allow":["GET"]}}],"collection":[{"href":"https:\/\/cutismedical.shop\/et\/wp-json\/wp\/v2\/product"}],"about":[{"href":"https:\/\/cutismedical.shop\/et\/wp-json\/wp\/v2\/types\/product"}],"wp:featuredmedia":[{"embeddable":true,"href":"https:\/\/cutismedical.shop\/et\/wp-json\/wp\/v2\/media\/26017"}],"wp:attachment":[{"href":"https:\/\/cutismedical.shop\/et\/wp-json\/wp\/v2\/media?parent=26021"}],"wp:term":[{"taxonomy":"item","embeddable":true,"href":"https:\/\/cutismedical.shop\/et\/wp-json\/wp\/v2\/item?post=26021"},{"taxonomy":"product_cat","embeddable":true,"href":"https:\/\/cutismedical.shop\/et\/wp-json\/wp\/v2\/product_cat?post=26021"},{"taxonomy":"product_tag","embeddable":true,"href":"https:\/\/cutismedical.shop\/et\/wp-json\/wp\/v2\/product_tag?post=26021"}],"curies":[{"name":"wp","href":"https:\/\/api.w.org\/{rel}","templated":true}]}}