{"id":26009,"date":"2021-07-01T10:09:52","date_gmt":"2021-07-01T08:09:52","guid":{"rendered":"https:\/\/cutismedical.com\/shop\/maaratlemata\/utsukusy-color-creams-bb-gel-200ml\/"},"modified":"2024-11-10T11:07:46","modified_gmt":"2024-11-10T09:07:46","slug":"utsukusy-color-creams-bb-gel-200ml","status":"publish","type":"product","link":"https:\/\/cutismedical.shop\/et\/shop-es\/nahahooldus\/keha-et-prof\/utsukusy-color-creams-bb-gel-200ml\/","title":{"rendered":"Utsukusy. V\u00e4rvikreemid: BB-geel. 200 ml"},"content":{"rendered":"<p><b>PEAMISED KOOSTISOSAD:<\/b><\/p>\n<p>5% ACTIVALOE: 99,9% puhas. Pehmendav, niisutav, toitainetega rikastatud, p\u00f5letikuvastane ja epiteliseeriv aine. Tagab vajalikud toitained naha loomuliku tasakaalu saavutamiseks ja terve naha s\u00e4ilitamiseks. Ideaalne kuivale ja niiskust kaotanud nahale.<\/p>\n<p>3% PANTENOL PROVIT B5: rahustav ja niisutav toime.<\/p>\n<p>4% INOSITOL VITAMIIN B8: parandab naha kvaliteeti, tugevust ja s\u00e4ra. Selle puudumine v\u00f5ib p\u00f5hjustada dermatiiti. Aitab rikastada naharakke hapnikuga, parandades nende ainevahetust. Oluline naha heas korras hoidmiseks.<\/p>\n<p>5% GRANAAT\u00d5UNA EKSTRAKT koos mikrosf\u00e4\u00e4ridega, mis massaa\u017ei ajal lagunevad ja annavad nahale p\u00e4evitunud tooni.<\/p>\n<p><b>N\u00c4IDUSTUSED:<\/b><\/p>\n<p>V\u00e4rvi ja niisutav geel.<\/p>\n<p><b>KASUTAMINE:<\/b><\/p>\n<p>1: Raputage enne kasutamist.<\/p>\n<p>2: Kandke puhtale nahale kergete massaa\u017eiliigutustega.<\/p>\n<p>Kui soovite suurendada v\u00e4rvi intensiivsust, kandke teine kiht peale esimese kihi.<\/p>\n<p><b>KOOSTISOSAD:<\/b> ALOE BARBADENSIS LEHE EKSTRAKT (ALOE BARBADENSIS LEHEMAHL), VESI (AQUA), ETOKS\u00dcDIGL\u00dcKOL, PEG-40 H\u00dcDROGEENITUD KASTOOR\u00d5LI, TOKOFER\u00dc\u00dcLASETAAT, PUNICA GRANATUM PUUVILJA EKSTRAKT, PANTENOL, MIKA, KARBOMEER, DINAATRIUM EDTA, AKR\u00dcLAATIDE KOPOL\u00dcMEER, KAPR\u00dc\u00dcL\/KAPRIK TRIGL\u00dcTSERIIDI, KALTSIUMNAATRIUMBOROSILIKAAT, BAARIUMSULFAAT, R\u00c4NI, H\u00dcDROKS\u00dcPROPIILMET\u00dc\u00dcLTSELLULOOS, TSELLULOOS, GL\u00dcTSERIIN, TINAOKSIID, KAALIUMH\u00dcDROKSIID, MANNITOOL, NAATRIUM METABISULFIIT, KAALIUMSORBAAT, NAATRIUMBENSOAAT, TROPOLON, ET\u00dc\u00dcLHEKS\u00dc\u00dcLGL\u00dcTSERIIN, FENOKS\u00dcETANOOL, 1,2-HEKSANDIOL, KAPR\u00dc\u00dcLGL\u00dcKOL, PARF\u00dc\u00dcM (L\u00d5HN), CITRONELLOL, LINALOOL, GERANIOL, CI 77480 (KULD), CI 77492 (RAUAOKSIIDID), CI 77491 (RAUAOKSIIDID), CI 77499 (RAUAOKSIIDID).<\/p>\n","protected":false},"excerpt":{"rendered":"<p><b>T\u00c4IUSTAV KEHAGEEL<\/b><\/p>\n<p>Kehageel, mis t\u00e4iustab naha v\u00e4ljan\u00e4gemist. Annab kohese p\u00e4evitunud naha efekti, ilma et m\u00e4\u00e4riks riideid.<\/p>\n<p><b>KATSETAVAD PIIRKONNAD:<\/b> jalad, k\u00f5ht, tuharad, k\u00e4ed ja selg.<\/p>\n<p><b>PAKEND:<\/b> 200 ml<\/p>\n<p>Sobib k\u00f5ikidele nahat\u00fc\u00fcpidele. Dermatoloogiliselt testitud.<\/p>\n<p>Alkoholi vaba. \u00d5livaba.<\/p>\n","protected":false},"featured_media":26005,"template":"","meta":{"_seopress_robots_primary_cat":"none","_seopress_titles_title":"","_seopress_titles_desc":"","_seopress_robots_index":""},"item":[],"product_cat":[1813,366,1910,1940],"product_tag":[],"class_list":{"0":"post-26009","1":"product","2":"type-product","3":"status-publish","4":"has-post-thumbnail","6":"product_cat-otstarve","7":"product_cat-keha-et","8":"product_cat-nahahooldus","9":"product_cat-keha-et-prof","11":"first","12":"instock","13":"taxable","14":"shipping-taxable","15":"purchasable","16":"product-type-simple"},"_links":{"self":[{"href":"https:\/\/cutismedical.shop\/et\/wp-json\/wp\/v2\/product\/26009","targetHints":{"allow":["GET"]}}],"collection":[{"href":"https:\/\/cutismedical.shop\/et\/wp-json\/wp\/v2\/product"}],"about":[{"href":"https:\/\/cutismedical.shop\/et\/wp-json\/wp\/v2\/types\/product"}],"wp:featuredmedia":[{"embeddable":true,"href":"https:\/\/cutismedical.shop\/et\/wp-json\/wp\/v2\/media\/26005"}],"wp:attachment":[{"href":"https:\/\/cutismedical.shop\/et\/wp-json\/wp\/v2\/media?parent=26009"}],"wp:term":[{"taxonomy":"item","embeddable":true,"href":"https:\/\/cutismedical.shop\/et\/wp-json\/wp\/v2\/item?post=26009"},{"taxonomy":"product_cat","embeddable":true,"href":"https:\/\/cutismedical.shop\/et\/wp-json\/wp\/v2\/product_cat?post=26009"},{"taxonomy":"product_tag","embeddable":true,"href":"https:\/\/cutismedical.shop\/et\/wp-json\/wp\/v2\/product_tag?post=26009"}],"curies":[{"name":"wp","href":"https:\/\/api.w.org\/{rel}","templated":true}]}}