{"id":25911,"date":"2021-06-26T15:41:57","date_gmt":"2021-06-26T13:41:57","guid":{"rendered":"https:\/\/cutismedical.com\/shop\/maaratlemata\/utsukusy-color-cream-cc-50ml\/"},"modified":"2024-12-16T18:48:32","modified_gmt":"2024-12-16T16:48:32","slug":"utsukusy-color-cream-cc-50ml","status":"publish","type":"product","link":"https:\/\/cutismedical.shop\/et\/shop-es\/nahahooldus\/kreem-et-prof\/utsukusy-color-cream-cc-50ml\/","title":{"rendered":"Utsukusy. V\u00e4rvikreem CC 50 ml"},"content":{"rendered":"<p><b>N\u00c4IDUSTUSED:<\/b><\/p>\n<p>Hooldus, mis automaatselt parandab naha seisundit.<br \/>\nKombineerib vananemisvastase kreemi parimad omadused ja meigi korrigeerivad efektid. See on kohese ja kauakestva s\u00e4ra saladus.<br \/>\n<b>KASUTAMINE:<\/b><\/p>\n<p>Kandke Colour Cream \u00f5rnalt n\u00e4ole ja kaelale enne p\u00e4ikese k\u00e4tte minekut, et saavutada kohene katvus, korrigeerimine ja kaitse. Vajadusel korrake.<\/p>\n<p>Soovitused:<\/p>\n<ul>\n<li>Kandke probleemsetele kohtadele lisakogus kergete liigutustega.<\/li>\n<li>Rasusele nahale kasutage koos Perfect Skin sarja toodetega.<\/li>\n<li>K\u00fcpsenud nahale kasutage koos Bijin sarja toodetega.<\/li>\n<\/ul>\n<p><b>KOOSTISOSAD:<\/b><br \/>\nAQUA\/WATER, CETEARYL ETHYLHEXANOATE, CYCLOPENTASILOXANE, C12-20 ACID PEG-8, ETHYLEXYLMETHOXYCINNAMATE, GLYCERIN, ETHYLEXYL COCOATE, GLYCERYL ESTEARATE, PROPYLENE GLYCOL, TITANIUM DIOXIDE, BENZOPHENONE-3, CI 77492, ALUMINIUM STARCH OCTENYLSUCCINATE, CI77499\/CI77491\/CI77891, SODIUM HYALURONTE, PUNICA GRANATUM FRUIT EXTRACT, TOCOPHERYL ACETATE, ALLANTOIN, DISODIUM EDTA, CARBOMER, TRIETHANOLAMINE, CETYL PHOSPHATE, HYDROXYETHYL CELLULOSE, DIMETHICONE, BHT, TROPOLONE, 1,2-HEXADENIOL, CAPRYLYL GLYCOL, IMIDAZOLIDINYL UREA, SODIUM BENZOATE, POTASSIUM SORBATE, PARF\u00dc\u00dcM, ALPHA-ISOMETHYL, LINALOOL, HEXYL CINNAMAL, LIMONEEN, CITRONELLOL, BENZ\u00dc\u00dcLSALITS\u00dcLAAT, BENZ\u00dc\u00dcLBENSOAAT.<\/p>\n","protected":false},"excerpt":{"rendered":"<p><b>CC KREEM<\/b><\/p>\n<p>KESKMINE TOON &#8211; SPF 50<\/p>\n<p><b>PEAMISED KOOSTISOSAD:<\/b><\/p>\n<p>Allantoiin: soodustab rakkude kasvu ja paranemist.<br \/>\nGranaat\u00f5una ekstrakt: kokkut\u00f5mbav ja rasueritust reguleeriv toime.<br \/>\nE-vitamiin: antioks\u00fcdant, vananemisvastane toime, rahustab tundlikku nahka.<br \/>\nLooduslikud mineraalpigmendid: \u00fchtlustavad tooni ja annavad nahale kerge v\u00e4rvi.<br \/>\nH\u00fcaluroonhape: v\u00f5imaldab rakuv\u00e4lise maatriksi komponentide kolmem\u00f5\u00f5tmelist korraldust.<\/p>\n","protected":false},"featured_media":29916,"template":"","meta":{"_seopress_robots_primary_cat":"none","_seopress_titles_title":"","_seopress_titles_desc":"","_seopress_robots_index":""},"item":[],"product_cat":[1813,151,1910,1928],"product_tag":[],"class_list":{"0":"post-25911","1":"product","2":"type-product","3":"status-publish","4":"has-post-thumbnail","6":"product_cat-otstarve","7":"product_cat-kreem-et","8":"product_cat-nahahooldus","9":"product_cat-kreem-et-prof","11":"first","12":"instock","13":"taxable","14":"shipping-taxable","15":"purchasable","16":"product-type-simple"},"_links":{"self":[{"href":"https:\/\/cutismedical.shop\/et\/wp-json\/wp\/v2\/product\/25911","targetHints":{"allow":["GET"]}}],"collection":[{"href":"https:\/\/cutismedical.shop\/et\/wp-json\/wp\/v2\/product"}],"about":[{"href":"https:\/\/cutismedical.shop\/et\/wp-json\/wp\/v2\/types\/product"}],"wp:featuredmedia":[{"embeddable":true,"href":"https:\/\/cutismedical.shop\/et\/wp-json\/wp\/v2\/media\/29916"}],"wp:attachment":[{"href":"https:\/\/cutismedical.shop\/et\/wp-json\/wp\/v2\/media?parent=25911"}],"wp:term":[{"taxonomy":"item","embeddable":true,"href":"https:\/\/cutismedical.shop\/et\/wp-json\/wp\/v2\/item?post=25911"},{"taxonomy":"product_cat","embeddable":true,"href":"https:\/\/cutismedical.shop\/et\/wp-json\/wp\/v2\/product_cat?post=25911"},{"taxonomy":"product_tag","embeddable":true,"href":"https:\/\/cutismedical.shop\/et\/wp-json\/wp\/v2\/product_tag?post=25911"}],"curies":[{"name":"wp","href":"https:\/\/api.w.org\/{rel}","templated":true}]}}