{"id":25902,"date":"2021-06-26T15:20:43","date_gmt":"2021-06-26T13:20:43","guid":{"rendered":"https:\/\/cutismedical.com\/shop\/maaratlemata\/utsukusy-nouvelle-aromatherapy-base-oils-obtained-from-the-seed-of-the-plant-150-ml\/"},"modified":"2024-11-10T11:46:44","modified_gmt":"2024-11-10T09:46:44","slug":"utsukusy-nouvelle-aromatherapy-base-oils-obtained-from-the-seed-of-the-plant-150-ml","status":"publish","type":"product","link":"https:\/\/cutismedical.shop\/et\/shop-es\/uncategorized-et-2\/utsukusy-nouvelle-aromatherapy-base-oils-obtained-from-the-seed-of-the-plant-150-ml\/","title":{"rendered":"Utsukusy. Nouvelle Aromatherapy. Baas\u00f5lid, saadud taime seemnetest \/ 150 ml"},"content":{"rendered":"<p><b>MANDLI\u00d5LI<\/b><\/p>\n<p><b>KOOSTISOSAD:<\/b><\/p>\n<p>Prunus amigdalus dulcis<\/p>\n<p><b>N\u00c4IDUSTUSED:<\/b><\/p>\n<p>Toitev ja taastav toime. Annab nahale elastsust ja siledust, aitab kuivade ja n\u00f5rkade juuste korral. Aitab v\u00e4hendada naha p\u00f5letikku.<\/p>\n","protected":false},"excerpt":{"rendered":"<p><b>LOODUSLIK KOOSTIS<\/b><\/p>\n<p>100% looduslikud koostisosad, ilma silikoonide, parabeenide, mineraal\u00f5lide, prop\u00fcleengl\u00fckooli, pol\u00fcts\u00fckliliste muskus\u00fchendite ja nitromuskuste ning teiste kahjulike tervise v\u00f5i keskkonnam\u00f5juga ainete kasutamiseta.<\/p>\n<p><b>T\u00d5HUSUS<\/b><\/p>\n<p>Aroomiteraapia p\u00f5hineb eeterlike \u00f5lide terapeutilisel m\u00f5jul, mis on lenduvad \u00f5lised ained \u2013 kontsentreeritud taimeekstraktid, mis sisaldavad suurel hulgal t\u00f5husaid toimeaineid.<\/p>\n<p><b>HOLISTILINE L\u00c4HENEMINE<\/b><\/p>\n<p>Aroomiteraapia on holistiline distsipliin, mis t\u00e4hendab, et iga s\u00fcmptomit k\u00e4sitletakse terviku (keha-meel-vaim) kontekstis. See t\u00e4hendab, et arvestatakse mitte ainult f\u00fc\u00fcsilisi s\u00fcmptomeid, vaid ka emotsioone, mis sageli on paljude haiguste p\u00f5hjuseks.<\/p>\n<p><b>KASUTAMINE:<\/b><\/p>\n<ol>\n<li><b>L\u00f5hna kaudu.<\/b><\/li>\n<\/ol>\n<p> Seda nimetatakse eeterlike \u00f5lide \u201earomaatseks\u201c kasutamiseks. See h\u00f5lmab k\u00f5iki meetodeid, mis aitavad kogeda \u00f5li l\u00f5hna. Eeterlikke \u00f5lisid saab kasutada aromaatselt j\u00e4rgmistel viisidel:<br \/>\nDiffuuseris \u00f5hu v\u00e4rskendamiseks<br \/>\nKandke tilk k\u00e4tele ja hingake sisse<br \/>\nKasutage isikliku l\u00f5hnana<\/p>\n<ol start=\"2\">\n<li><b>Nahal.<\/b><\/li>\n<\/ol>\n<p> \u201eTropiline\u201c eeterlike \u00f5lide kasutamine v\u00f5imaldab \u00f5lil imenduda nahka. M\u00f5ned viisid, kuidas eeterlikke \u00f5lisid nahal kasutada:<br \/>\nMassaa\u017e<br \/>\nKandke soovitud aladele ja h\u00f5\u00f5ruge sisse<br \/>\nLisage kreemidesse v\u00f5i niisutajatesse<\/p>\n","protected":false},"featured_media":25899,"template":"","meta":{"_seopress_robots_primary_cat":"","_seopress_titles_title":"","_seopress_titles_desc":"","_seopress_robots_index":""},"item":[],"product_cat":[1747],"product_tag":[],"class_list":{"0":"post-25902","1":"product","2":"type-product","3":"status-publish","4":"has-post-thumbnail","6":"product_cat-uncategorized-et-2","7":"pa_product_main_cat-kodune-hooldus","8":"pa_product_main_cat-professionaalne-hooldus","10":"first","11":"instock","12":"taxable","13":"shipping-taxable","14":"purchasable","15":"product-type-variable"},"_links":{"self":[{"href":"https:\/\/cutismedical.shop\/et\/wp-json\/wp\/v2\/product\/25902","targetHints":{"allow":["GET"]}}],"collection":[{"href":"https:\/\/cutismedical.shop\/et\/wp-json\/wp\/v2\/product"}],"about":[{"href":"https:\/\/cutismedical.shop\/et\/wp-json\/wp\/v2\/types\/product"}],"wp:featuredmedia":[{"embeddable":true,"href":"https:\/\/cutismedical.shop\/et\/wp-json\/wp\/v2\/media\/25899"}],"wp:attachment":[{"href":"https:\/\/cutismedical.shop\/et\/wp-json\/wp\/v2\/media?parent=25902"}],"wp:term":[{"taxonomy":"item","embeddable":true,"href":"https:\/\/cutismedical.shop\/et\/wp-json\/wp\/v2\/item?post=25902"},{"taxonomy":"product_cat","embeddable":true,"href":"https:\/\/cutismedical.shop\/et\/wp-json\/wp\/v2\/product_cat?post=25902"},{"taxonomy":"product_tag","embeddable":true,"href":"https:\/\/cutismedical.shop\/et\/wp-json\/wp\/v2\/product_tag?post=25902"}],"curies":[{"name":"wp","href":"https:\/\/api.w.org\/{rel}","templated":true}]}}