{"id":25838,"date":"2021-06-26T13:12:18","date_gmt":"2021-06-26T11:12:18","guid":{"rendered":"https:\/\/cutismedical.com\/shop\/maaratlemata\/utsukusy-bitaminshi-facial-serum-10pcs-2ml-2\/"},"modified":"2024-11-10T22:33:10","modified_gmt":"2024-11-10T20:33:10","slug":"utsukusy-bitaminshi-facial-serum-10pcs-2ml-2","status":"publish","type":"product","link":"https:\/\/cutismedical.shop\/et\/shop-es\/nahahooldus\/seerum-et-prof\/utsukusy-bitaminshi-facial-serum-10pcs-2ml-2\/","title":{"rendered":"Utsukusy. N\u00e4oseerum Bitaminshi (10 tk * 2 ml)"},"content":{"rendered":"<p><strong>P\u00d5HIKOOSTISOSAD:<\/strong><\/p>\n<p><strong>VITAMIIN C<\/strong> \u2013 M\u00f5jutab pigmentatsiooni algmehhanisme, v\u00e4hendades melanogeneesi aktiivsust ja seel\u00e4bi nahaplekke.<\/p>\n<p><strong>MELAVOID:<\/strong> \u2013 M\u00f5jub melaniini ainevahetuse etappidele. \u2013 V\u00e4hendab samal ajal plekkide arvu ja intensiivsust. Helendab \u00fchtlaselt ja \u00fchtlaselt nahatooni.<\/p>\n<p><strong>N\u00c4IDUSTUSED:<\/strong><\/p>\n<ul>\n<li>Pigmentatsioonilaigud<\/li>\n<li>Tuhm, elutu nahk<\/li>\n<\/ul>\n<p><strong>KASUTUSJUHEND:<\/strong><\/p>\n<ol>\n<li>Puhastage n\u00e4gu lisanditest ja meigist.<\/li>\n<li>Kandke Bijin puhastuskreem.<\/li>\n<li>Seej\u00e4rel kandke seerum n\u00e4ole, kaelale ja dekolteele.<\/li>\n<li>Kandke kreem \u00f5rnade t\u00f5steliigutustega \u00fclespoole.<\/li>\n<\/ol>\n","protected":false},"excerpt":{"rendered":"<p><strong>PLEKKE V\u00c4HENDAV \u2013 KOORIV<\/strong><\/p>\n<p>Bioloogiliselt ultra-kontsentreeritud toime, mis v\u00e4hendab laike, ennetab nende tekkimist ja valgendab nahka.<\/p>\n","protected":false},"featured_media":29925,"template":"","meta":{"_seopress_robots_primary_cat":"none","_seopress_titles_title":"","_seopress_titles_desc":"","_seopress_robots_index":""},"item":[],"product_cat":[1813,363,1910,1931,1849,1857],"product_tag":[1897],"class_list":{"0":"post-25838","1":"product","2":"type-product","3":"status-publish","4":"has-post-thumbnail","6":"product_cat-otstarve","7":"product_cat-seerum-et","8":"product_cat-nahahooldus","9":"product_cat-seerum-et-prof","10":"product_cat-nahahooldus-nahatuubi-jargi","11":"product_cat-pigmendilaigud","12":"product_tag-pigmendilaigud","14":"first","15":"instock","16":"taxable","17":"shipping-taxable","18":"purchasable","19":"product-type-simple"},"_links":{"self":[{"href":"https:\/\/cutismedical.shop\/et\/wp-json\/wp\/v2\/product\/25838","targetHints":{"allow":["GET"]}}],"collection":[{"href":"https:\/\/cutismedical.shop\/et\/wp-json\/wp\/v2\/product"}],"about":[{"href":"https:\/\/cutismedical.shop\/et\/wp-json\/wp\/v2\/types\/product"}],"wp:featuredmedia":[{"embeddable":true,"href":"https:\/\/cutismedical.shop\/et\/wp-json\/wp\/v2\/media\/29925"}],"wp:attachment":[{"href":"https:\/\/cutismedical.shop\/et\/wp-json\/wp\/v2\/media?parent=25838"}],"wp:term":[{"taxonomy":"item","embeddable":true,"href":"https:\/\/cutismedical.shop\/et\/wp-json\/wp\/v2\/item?post=25838"},{"taxonomy":"product_cat","embeddable":true,"href":"https:\/\/cutismedical.shop\/et\/wp-json\/wp\/v2\/product_cat?post=25838"},{"taxonomy":"product_tag","embeddable":true,"href":"https:\/\/cutismedical.shop\/et\/wp-json\/wp\/v2\/product_tag?post=25838"}],"curies":[{"name":"wp","href":"https:\/\/api.w.org\/{rel}","templated":true}]}}