{"id":24187,"date":"2021-06-10T13:43:22","date_gmt":"2021-06-10T11:43:22","guid":{"rendered":"https:\/\/cutismedical.com\/shop\/maaratlemata\/utsukusy-basic-line-professional-kit\/"},"modified":"2024-11-11T00:13:26","modified_gmt":"2024-11-10T22:13:26","slug":"utsukusy-basic-line-professional-kit","status":"publish","type":"product","link":"https:\/\/cutismedical.shop\/et\/shop-es\/nahahooldus\/naopuhastus-et-prof\/utsukusy-basic-line-professional-kit\/","title":{"rendered":"Utsukusy. Basic Line Professionaalne Komplekt"},"content":{"rendered":"<p><b>BASIC LINE KREEM.<\/b><b>Niisutav massaa\u017eikreem<\/b><\/p>\n<p>Nahat\u00fc\u00fcp: K\u00f5ik nahat\u00fc\u00fcbid. Vanus: k\u00f5ik<\/p>\n<p><b>TOOTE KIRJELDUS:<\/b><\/p>\n<p><b>KREEM<\/b><\/p>\n<p>\u00d5rn pinguldav, vananemisvastane kreem. N\u00e4idustatud l\u00f5tvunud ja kortsudega nahale. Parandab naha s\u00e4ra. Pinguldav hooldus, mis taaselustab vananenud kudesid. Seda kasutatakse n\u00e4omassaa\u017eikreemina professionaalsete hoolduste jaoks.<\/p>\n<p><b>P\u00d5HIVARAD:<\/b><\/p>\n<p>Nisuidu\u00f5li: v\u00e4ga rikas E-vitamiini poolest, sisaldab ka kergesti omastatavaid mineraale, s\u00fcsivesikuid ja valke. Sisaldab v\u00e4ikeses koguses oomega 3 t\u00fc\u00fcpi rasvhappeid, oomega 6 oktakosanooli, linoolhapet, oleiinhapet, palmitiinhapet, provitamiini A, F-vitamiini ja steariini.<\/p>\n<p><b>KUIDAS KASUTADA: <\/b><\/p>\n<p>Kandke peale bioloogilist hooldust massaa\u017eiga, et tagada toimeaine tungimine.<\/p>\n<p>Sobib kombineerimiseks teiste Utsukusy hooldustega massaa\u017eikreemina.<\/p>\n<p><b>KOOSTISOSAD: <\/b>AQUA (VESI) PARAFFIIN LIQUIDUM (MINERAAL\u00d5LI) TSETEAR\u00dcLALKOHOOL GL\u00dcTSERIIN TRITICUM VULGARE (NISU) IDU\u00d5LI ASKORB\u00dc\u00dcLPALMITAAT TOKOFEER\u00dcLATSETAAT TRIETANOLULAAMIIN TSIOULLAAMIIN BSIOOTLAAMIIN Fosfaat dinaatriumfosfaat TROPOLOON IMIDASOLIDIN\u00dc\u00dcLUREA KAPR\u00dc\u00dcL\u00dcLGL\u00dcKOOL 1,2-HEKSAANDIOOL<\/p>\n<p><b>BASIC LINE MASK.<\/b><b>N\u00e4o rahustav ja tervendav mask.<\/b><\/p>\n<p>Nahat\u00fc\u00fcp: K\u00f5ik nahat\u00fc\u00fcbid. Vanus: k\u00f5ik<\/p>\n<p><b>TOOTE KIRJELDUS:<\/b><\/p>\n<p><b>MASK<\/b><\/p>\n<p>Niisutab ja toidab nahka s\u00fcgavuti. Annab s\u00e4ra.<\/p>\n<p><b>P\u00d5HIVARAD:<\/b><\/p>\n<p><b>Hiina savi (valge savi): <\/b>see on desinfitseeriv, elustav, remineraliseeriv ja rahustav. Imab pooridest ja nahalt \u00fcldiselt mustuse v\u00f5i rasvaj\u00e4\u00e4gi.<\/p>\n<p><b>E-vitamiin<\/b>: see on n\u00e4idustatud kui \u00fcks parimaid vitamiine nahahoolduseks, selle antioks\u00fcdantse, noorendava ja vananemist p\u00f5hjustavate vabade radikaalide eest kaitsva toime t\u00f5ttu.<\/p>\n<p><b>Alantoiin<\/b><b>: <\/b>see on looduslik tervendav aine. Seda iseloomustab naha protsessi kiirendamine surnud v\u00f5i vananenud rakkude eemaldamiseks ja nende asendamiseks uute, tervete rakkudega.<\/p>\n<p><b>KUIDAS KASUTADA: <\/b><\/p>\n<p>KASUTAMINE: kandke viimase ravietapina. Laske m\u00f5juda 10 kuni 15 minutit ja eemaldage veega.<\/p>\n<p><b>KOOSTISOSAD: <\/b>VESI (VESI) KAPR\u00dc\u00dcLI\/KAPRIKU TRIGL\u00dcTSERIID OKT\u00dcLDODEKANOOL GL\u00dcTSERIINTITAANDIOKSIID GL\u00dcTSER\u00dc\u00dcLSTEARAAT SE TSETEAR\u00dc\u00dcLET\u00dc\u00dcLHEKSANOAAT TSETEAR\u00dcALALKOOL KAOLIN ARAHOHOHOLDIALDIPEPEAT\u00dcLIARAHOHIDIAAL BENS\u00dcLAMIIDDIATSETAATTOKOFER\u00dc\u00dcLATSETAAT ALLANTOIIN dinaatrium-EDTA KARBOMEER ARAHID\u00dc\u00dcLGLUKOSIID BEHEN\u00dc\u00dcLALKOHOL GL\u00dcKOOS TSET\u00dc\u00dcLFOSFAAT TRIETANOLAAMIIN KSAANTAKUMM BHT TSETEAR\u00dc\u00dcLGL\u00dcKONEL\u00dcKOSIDE\u00dcLI 1,2-HEKSAANDIOOLFENOKS\u00dcETANOOLPARFUM (L\u00d5HNAAINE) TSITRONELLOOL LINALOOL.<\/p>\n<p><b>BASIC LINE MITSELLAARVESI.<\/b><b>Micellar<\/b><b>-tooner<\/b><\/p>\n<p>Nahat\u00fc\u00fcp: K\u00f5ik nahat\u00fc\u00fcbid. Vanus: k\u00f5ik<\/p>\n<p><b>TOOTE KIRJELDUS:<\/b><\/p>\n<p><b>MITSELLAARVESI<\/b><\/p>\n<p>Vesipiim, mida v\u00f5ib kasutada ka toniseeriva ja puhastava veena, koostises on leedri\u00f5ie vesi (4%), saialille\u00f5ite vesi (0,3%) ja aaloe ekstrakt (0,3%), mis on m\u00f5eldud nahale kogunenud mustuse ja ebapuhtuste eemaldamiseks. p\u00e4eval ja \u00f6\u00f6sel. See aitab eemaldada meigij\u00e4\u00e4gid ilma loputamist vajamata. J\u00e4tab naha puhtaks ja v\u00e4rskeks ning on valmis kosmeetilisteks hooldusteks.<\/p>\n<p><b>P\u00d5HIVARAD:<\/b><\/p>\n<p>SAMBUCUS NIGRA \u00d5IEVESI: aitab puhastada, niisutab ja rahustab, v\u00e4hendab punetust ja \u00e4rritust. Kaitseb kuivuse eest.<\/p>\n<p>SAAIALLI \u00d5IEVESI: rahustab koheselt nahka.<\/p>\n<p>ALEOEKSTRAKT: annab nahale mugavuse, pehmuse ja elastsuse.<\/p>\n<p><b>KUIDAS KASUTADA: <\/b><\/p>\n<p>P\u00e4rast Basic Line&#8217;i piima kandke nahale, kaelale, dekolteepiirkonnale meigieemaldajana puuvillase ja ringjate liigutustega v\u00f5i pihustades.V\u00f5ib kasutada ka meigieemaldajana.<\/p>\n<p><b>KOOSTISOSAD: <\/b>AQUA (VESI), SAMBUCUS NIGRA \u00d5IEVESI, PROP\u00dcLEENGLYKOOL, ALOE BARBADENSISE LEHTEMAHL, SAALIL\u00d6\u00d6L OFFICINALISE LILLEVESI, KAPR\u00dc\u00dcL\/KAPR\u00dc\u00dcLGLUKOSIID, NAATTRIUMPOLOOTRIUMATSID SORBAAT, NAATRIUMBENSOAAT, IMIDASOLIDIN\u00dc\u00dcLUREA, KAPR\u00dc\u00dcLGL\u00dcKOOL, 1,2-HEKSAANDIOOL, PARFUM.<\/p>\n<p><b>P\u00d5HIPIIM.<\/b><b>Puhastuspiim<\/b><\/p>\n<p>Nahat\u00fc\u00fcp: K\u00f5ik nahat\u00fc\u00fcbid. Vanus: k\u00f5ik<\/p>\n<p><b>TOOTE KIRJELDUS:<\/b><\/p>\n<p>P\u00f5hitoode, mis on loodud n\u00e4onaha puhastamiseks ja mustuse eemaldamiseks. See v\u00f5ib olla meik, liigne rasu ja surnud naharakud. Nii lihtne asi nagu n\u00e4o puhastamine on esimene samm naha kvaliteedi parandamiseks. See t\u00f6\u00f6tab epidermise tasemel, sellel on madal molekulmass, sile, v\u00e4rske ja meeldiv tekstuur. See piim ei sisalda aroome ega eeterlikke \u00f5lisid eeterlikke \u00f5lisid, mist\u00f5ttu on see ideaalne esteetilise meditsiini protseduuride jaoks, kuna naha tasakaal ei muutu.<\/p>\n<p><b>P\u00d5HIVARAD:<\/b><\/p>\n<p>Magusad mandlid: pehmendav, rahustav, niisutav ja p\u00f5letikuvastane.<\/p>\n<p>Aloe vera: see on oluline rakkude taastaja, tervendav, toniseeriv aine, mis tungib h\u00e4sti nahka; selle regulaarne kasutamine hoiab \u00e4ra enneaegsete kortsude teket ja aeglustab vananemist. See v\u00e4hendab avatud pooride suurust ja seda saab kasutada meigi all.<\/p>\n<p><b>KUIDAS KASUTADA? <\/b><\/p>\n<p>Peale mitsellaarvet kanna puhastuspiim nahale, kaelale, dekolteele meigieemaldajaks ringmootusega.<\/p>\n","protected":false},"excerpt":{"rendered":"<p><em><strong>(Puhastuspiim 250 ml + mitsellaarvesi 250 ml + koorija 200 ml + kreem 200 ml + mask 200 ml)<\/strong><\/em><\/p>\n","protected":false},"featured_media":24169,"template":"","meta":{"_seopress_robots_primary_cat":"none","_seopress_titles_title":"","_seopress_titles_desc":"","_seopress_robots_index":""},"item":[],"product_cat":[1813,195,152,151,1910,1913,1919,1928],"product_tag":[],"class_list":{"0":"post-24187","1":"product","2":"type-product","3":"status-publish","4":"has-post-thumbnail","6":"product_cat-otstarve","7":"product_cat-naopuhastus-et","8":"product_cat-maskid-et","9":"product_cat-kreem-et","10":"product_cat-nahahooldus","11":"product_cat-naopuhastus-et-prof","12":"product_cat-maskid-et-prof","13":"product_cat-kreem-et-prof","14":"pa_product_main_cat-professionaalne-hooldus","16":"first","17":"instock","18":"taxable","19":"shipping-taxable","20":"purchasable","21":"product-type-simple"},"_links":{"self":[{"href":"https:\/\/cutismedical.shop\/et\/wp-json\/wp\/v2\/product\/24187","targetHints":{"allow":["GET"]}}],"collection":[{"href":"https:\/\/cutismedical.shop\/et\/wp-json\/wp\/v2\/product"}],"about":[{"href":"https:\/\/cutismedical.shop\/et\/wp-json\/wp\/v2\/types\/product"}],"wp:featuredmedia":[{"embeddable":true,"href":"https:\/\/cutismedical.shop\/et\/wp-json\/wp\/v2\/media\/24169"}],"wp:attachment":[{"href":"https:\/\/cutismedical.shop\/et\/wp-json\/wp\/v2\/media?parent=24187"}],"wp:term":[{"taxonomy":"item","embeddable":true,"href":"https:\/\/cutismedical.shop\/et\/wp-json\/wp\/v2\/item?post=24187"},{"taxonomy":"product_cat","embeddable":true,"href":"https:\/\/cutismedical.shop\/et\/wp-json\/wp\/v2\/product_cat?post=24187"},{"taxonomy":"product_tag","embeddable":true,"href":"https:\/\/cutismedical.shop\/et\/wp-json\/wp\/v2\/product_tag?post=24187"}],"curies":[{"name":"wp","href":"https:\/\/api.w.org\/{rel}","templated":true}]}}