{"id":24131,"date":"2021-06-06T09:59:41","date_gmt":"2021-06-06T07:59:41","guid":{"rendered":"https:\/\/cutismedical.com\/shop\/maaratlemata\/utsukusy-carboxderm-body-treatment-firming-professional-kit\/"},"modified":"2024-11-11T00:26:03","modified_gmt":"2024-11-10T22:26:03","slug":"utsukusy-carboxderm-body-treatment-firming-professional-kit","status":"publish","type":"product","link":"https:\/\/cutismedical.shop\/et\/shop-es\/nahahooldus\/keha-et-prof\/utsukusy-carboxderm-body-treatment-firming-professional-kit\/","title":{"rendered":"Utsukusy. Carboxderm kehahooldus. Professionaalne nahka pinguldav komplekt"},"content":{"rendered":"<p><strong>CARBOXDERM SEERUM<\/strong><\/p>\n<p>Professionaalne kehasseerum<br \/>\nAktiivne CO2 transdermaalseks l\u00e4bitungimiseks.<\/p>\n<p><strong>PEAMISED KOOSTISOSAD:<\/strong><br \/>\n1% Aasia centella<br \/>\n1% Zirhafirm (pinguldav aktiiv)<\/p>\n<p><strong>N\u00c4IDUSTUSED:<\/strong><\/p>\n<ul>\n<li>Tugevdab naha sisemist struktuuri<\/li>\n<li>Erinevad aktiivained t\u00f6\u00f6tavad koos, et parandada naha ja epidermise vahelist sidet, v\u00f5ideldes l\u00f5tvumise vastu<\/li>\n<li>Taastab ja s\u00e4ilitab naha pinguldatuse<\/li>\n<\/ul>\n<p><strong>CARBOXDERM PINGULDAV<\/strong><\/p>\n<p><strong>GEEL + KEHAPLAASTER<\/strong><\/p>\n<p><strong>PEAMISED KOOSTISOSAD:<\/strong><\/p>\n<ul>\n<li>1% Kofeiin<\/li>\n<li>0,5% Mentool<\/li>\n<li>0,5% Priovislim<\/li>\n<\/ul>\n<p><strong>N\u00c4IDUSTUSED:<\/strong><\/p>\n<ul>\n<li>Aktiveerib lipol\u00fc\u00fcsi puhkeolekus (trigl\u00fctseriidide lagunemine).<\/li>\n<li>Parandab adrenaliini poolt esile kutsutud lipol\u00fc\u00fcsi f\u00fc\u00fcsilise koormuse v\u00f5i stressi ajal<\/li>\n<li>Inhibeerib lipogeneesi (trigl\u00fctseriidide moodustumist) p\u00e4rast toidukorra tarbimist<\/li>\n<li>Inhibeerib adipogeneesi (muundumist k\u00fcpseteks rasvarakkudeks), tagades \u00fcle\u00fcldise ennetava efekti<\/li>\n<\/ul>\n<p><strong>KASUTAMINE:<\/strong><\/p>\n<ul>\n<li>Kandke CARBOXDERM PINGULDAV SEERUM soovitud alale. \u00c4rge eemaldage.<\/li>\n<li>Tehke 10-15 minutit kestev massaa\u017e K\u00dcLMA EFEKTIGA KEHAVAHUDAGA. \u00c4rge eemaldage.<\/li>\n<li>Kandke CARBOXDERM GEEL ja seej\u00e4rel paigaldage PLAASTER. J\u00e4tke 5-10 minutiks.<\/li>\n<li>L\u00f5petage protseduur, kandes K\u00dcLMA EFEKTIGA KEHAVAHUDAG massaa\u017eiga.<\/li>\n<\/ul>\n<p><strong>SEERUMI KOOSTIS:<\/strong> Aqua\/Water, Kapr\u00fc\u00fcl-\/Kapriintrigl\u00fctseriidid, Fenoks\u00fcetanool, Lutsitiin, Gotu Kola ekstrakt, Zizifuse seemneekstrakt, Fitoekd\u00fcsteroidid, Gl\u00fctseriin, Propandiool, Naatriumak\u00fclaatide kopol\u00fcmeer, BHT, L\u00f5hnaaine, Dinaatrium EDTA, Ksantaankummi, Imidasolidiin\u00fc\u00fcluurea, Etilheks\u00fc\u00fclgl\u00fctseriin, Kaaliumsorbaat, Naatriumbensoaat, Limonene.<\/p>\n<p><strong>GEELI KOOSTIS:<\/strong> Aqua\/Water, Naatriumvesinikkarbonaat, Gl\u00fctseriin, Propandiool, Kofeiin, Sidrunikoore ekstrakt, Jodeeritud h\u00fcdrol\u00fc\u00fcsitud zeiin, Guaraana seemneekstrakt, Ruskuse juure ekstrakt, Met\u00fc\u00fclnikotinaat, Ksantaankummi, L\u00f5hnaaine, Fenoks\u00fcetanool, Imidasolidiin\u00fc\u00fcluurea, Etilheks\u00fc\u00fclgl\u00fctseriin, Linalool, Sidrunellool, Limoneen, Heks\u00fc\u00fclkinnamaal, Bens\u00fc\u00fclsalits\u00fclaat.<\/p>\n<p><strong>LOORI KOOSTIS:<\/strong> Aqua\/Water, Sidrunhape, Sidruni viljaliha ekstrakt, Ananassi viljaliha ekstrakt, Passiflora viljaliha ekstrakt, Viinamarja viljaliha ekstrakt, Ksantaankummi, Denatureeritud alkohol, Fenoks\u00fcetanool, Imidasolidiin\u00fc\u00fcluurea, Etilheks\u00fc\u00fclgl\u00fctseriin, Kaaliumsorbaat, Dinaatrium EDTA, Naatriummetabisulfit.<\/p>\n","protected":false},"excerpt":{"rendered":"<p><em>(10&#215;10 ml pinguldav seerum, 10 pinguldavat loori, 10 pinguldavat geeli)<\/em><\/p>\n<p>Parandab nahakahjustusi, mis on tingitud kehakaalu k\u00f5ikumistest, tselluliidist v\u00f5i vananemisest; pinguldab l\u00f5tvunud alasid. Aktiivainete kombinatsioon restruktureeriva toimega.<\/p>\n","protected":false},"featured_media":24129,"template":"","meta":{"_seopress_robots_primary_cat":"none","_seopress_titles_title":"","_seopress_titles_desc":"","_seopress_robots_index":""},"item":[],"product_cat":[1813,366,1910,1940,1860],"product_tag":[1906],"class_list":{"0":"post-24131","1":"product","2":"type-product","3":"status-publish","4":"has-post-thumbnail","6":"product_cat-otstarve","7":"product_cat-keha-et","8":"product_cat-nahahooldus","9":"product_cat-keha-et-prof","10":"product_cat-tselluliit","11":"product_tag-tselluliit","13":"first","14":"instock","15":"taxable","16":"shipping-taxable","17":"purchasable","18":"product-type-simple"},"_links":{"self":[{"href":"https:\/\/cutismedical.shop\/et\/wp-json\/wp\/v2\/product\/24131","targetHints":{"allow":["GET"]}}],"collection":[{"href":"https:\/\/cutismedical.shop\/et\/wp-json\/wp\/v2\/product"}],"about":[{"href":"https:\/\/cutismedical.shop\/et\/wp-json\/wp\/v2\/types\/product"}],"wp:featuredmedia":[{"embeddable":true,"href":"https:\/\/cutismedical.shop\/et\/wp-json\/wp\/v2\/media\/24129"}],"wp:attachment":[{"href":"https:\/\/cutismedical.shop\/et\/wp-json\/wp\/v2\/media?parent=24131"}],"wp:term":[{"taxonomy":"item","embeddable":true,"href":"https:\/\/cutismedical.shop\/et\/wp-json\/wp\/v2\/item?post=24131"},{"taxonomy":"product_cat","embeddable":true,"href":"https:\/\/cutismedical.shop\/et\/wp-json\/wp\/v2\/product_cat?post=24131"},{"taxonomy":"product_tag","embeddable":true,"href":"https:\/\/cutismedical.shop\/et\/wp-json\/wp\/v2\/product_tag?post=24131"}],"curies":[{"name":"wp","href":"https:\/\/api.w.org\/{rel}","templated":true}]}}