{"id":24125,"date":"2021-06-06T09:31:46","date_gmt":"2021-06-06T07:31:46","guid":{"rendered":"https:\/\/cutismedical.com\/shop\/maaratlemata\/utsukusy-ko-himan-professional-kit\/"},"modified":"2024-11-11T00:43:30","modified_gmt":"2024-11-10T22:43:30","slug":"utsukusy-ko-himan-professional-kit","status":"publish","type":"product","link":"https:\/\/cutismedical.shop\/et\/shop-es\/nahahooldus\/keha-et-prof\/utsukusy-ko-himan-professional-kit\/","title":{"rendered":"Utsukusy. Ko-Himan. Professionaalne komplekt"},"content":{"rendered":"<p><strong>KAHEFAASILINE LIPOL\u00dc\u00dcTILINE HOOLDUS<\/strong><\/p>\n<p>Toimib raku membraanides, et h\u00e4vitada tahkeid rasvkoesid, soodustab kehakujundust ja v\u00e4hendab lokaliseeritud rasva.<\/p>\n<p><strong>PEAMISED KOOSTISOSAD:<\/strong><\/p>\n<p>Kofeiin: osaleb otseselt s\u00f5lmede lahustumisel.<br \/>\nKarnitiin: soodustab rasvas\u00f5lmede lahustumist.<br \/>\nFosfatid\u00fc\u00fclkoliin: toimib raku membraanides, h\u00e4vitades tahkeid rasvkoesid. Aitab keha kontuure kujundada ja v\u00e4hendab lokaliseeritud rasva.<\/p>\n<p><strong>N\u00c4IDUSTUSED:<\/strong><\/p>\n<ul>\n<li>V\u00f5imaldab t\u00f6\u00f6tada k\u00f5igi kehaosadega, eriti p\u00fcsiva ja lokaliseeritud rasvaga.<\/li>\n<li>Stimuleerib kudede drenaa\u017ei.<\/li>\n<li>N\u00e4htavad tulemused juba esimesest kasutuskorrast.<\/li>\n<\/ul>\n<p><strong>KOSHIMI DRENA\u017dI SOOL<\/strong><\/p>\n<p>Mere soola f\u00fc\u00fcsiline koorija<\/p>\n<p><strong>PEAMISED KOOSTISOSAD:<\/strong><\/p>\n<p>Sool ja seemned<\/p>\n<p><strong>N\u00c4IDUSTUSED:<\/strong><\/p>\n<ul>\n<li>Tugev drenaa\u017eiefekt<\/li>\n<li>Modelleerimisvahend, mis soodustab t\u00f5husat drenaa\u017ei<\/li>\n<\/ul>\n<p><strong>KOHASI LIPIIDIDE DRENA\u017dI PULBER<\/strong><\/p>\n<p>Dermatoloogiliselt inertsed, taimse p\u00e4ritoluga ja v\u00e4hendatud mineraalosakesed kokkut\u00f5mbavate omadustega.<\/p>\n<p><strong>PEAMISED KOOSTISOSAD:<\/strong><\/p>\n<p>Vetikas: pehmendav, pinguldav, salendav ja v\u00e4hendav toime.<br \/>\nFucus: suurendab elastsust ja stimuleerib mikrotsirkulatsiooni.<\/p>\n<p><strong>N\u00c4IDUSTUSED:<\/strong><\/p>\n<ul>\n<li>Suurendab naha higistamist.<\/li>\n<li>Seborr\u00f6avastane efekt, eemaldades naha rasvased ja \u00f5lised tunded.<\/li>\n<\/ul>\n<p>&nbsp;<\/p>\n<p><em>(20 ampulli x 10 ml iga\u00fcks \/ LIPIIDIDE DRENA\u017dI PULBER 1000 ml \/ LIPOL\u00dc\u00dcTILINE GEEL 1 kg \/ DRENA\u017dIKREEM 1 kg \/ DRENA\u017dI SOOL 1200 gr.)<\/em><\/p>\n","protected":false},"excerpt":{"rendered":"<p><strong>EFEKTIIVNE JA INNOVAATILINE SALEDAKS MUUTMISE LAHENDUS<\/strong><\/p>\n<p>V\u00f5imsaimate toimeainete parim s\u00fcnergia, et kujundada figuuri, v\u00e4hendada mahtu, p\u00f5letada lokaliseeritud rasva, t\u00fchjendada ja toniseerida nahka. M\u00f5jub raku membraanidele, h\u00e4vitades tahkeid rasvkoesid ja soodustades keha kontuuride modelleerimist ning rasvkoe v\u00e4henemist. Soovitatav kasutamiseks enne ja p\u00e4rast kavitatsiooni. Sisaldab karnitiini, kofeiini, fosfatid\u00fc\u00fclkoliini, vetikaid, fucust, ruksi ekstrakti ja guaraanat. 100% naturaalne ja vegan.<\/p>\n","protected":false},"featured_media":24123,"template":"","meta":{"_seopress_robots_primary_cat":"none","_seopress_titles_title":"","_seopress_titles_desc":"","_seopress_robots_index":""},"item":[],"product_cat":[1813,366,1910,1940,1860],"product_tag":[1906],"class_list":{"0":"post-24125","1":"product","2":"type-product","3":"status-publish","4":"has-post-thumbnail","6":"product_cat-otstarve","7":"product_cat-keha-et","8":"product_cat-nahahooldus","9":"product_cat-keha-et-prof","10":"product_cat-tselluliit","11":"product_tag-tselluliit","13":"first","14":"instock","15":"taxable","16":"shipping-taxable","17":"purchasable","18":"product-type-simple"},"_links":{"self":[{"href":"https:\/\/cutismedical.shop\/et\/wp-json\/wp\/v2\/product\/24125","targetHints":{"allow":["GET"]}}],"collection":[{"href":"https:\/\/cutismedical.shop\/et\/wp-json\/wp\/v2\/product"}],"about":[{"href":"https:\/\/cutismedical.shop\/et\/wp-json\/wp\/v2\/types\/product"}],"wp:featuredmedia":[{"embeddable":true,"href":"https:\/\/cutismedical.shop\/et\/wp-json\/wp\/v2\/media\/24123"}],"wp:attachment":[{"href":"https:\/\/cutismedical.shop\/et\/wp-json\/wp\/v2\/media?parent=24125"}],"wp:term":[{"taxonomy":"item","embeddable":true,"href":"https:\/\/cutismedical.shop\/et\/wp-json\/wp\/v2\/item?post=24125"},{"taxonomy":"product_cat","embeddable":true,"href":"https:\/\/cutismedical.shop\/et\/wp-json\/wp\/v2\/product_cat?post=24125"},{"taxonomy":"product_tag","embeddable":true,"href":"https:\/\/cutismedical.shop\/et\/wp-json\/wp\/v2\/product_tag?post=24125"}],"curies":[{"name":"wp","href":"https:\/\/api.w.org\/{rel}","templated":true}]}}