{"id":24118,"date":"2021-06-05T22:11:21","date_gmt":"2021-06-05T20:11:21","guid":{"rendered":"https:\/\/cutismedical.com\/shop\/maaratlemata\/utsukusy-kami-professional-kit\/"},"modified":"2024-11-11T00:59:44","modified_gmt":"2024-11-10T22:59:44","slug":"utsukusy-kami-professional-kit","status":"publish","type":"product","link":"https:\/\/cutismedical.shop\/et\/shop-es\/nahahooldus\/juuksehooldus-prof\/utsukusy-kami-professional-kit\/","title":{"rendered":"Utsukusy. Kami. Professionaalne komplekt \/ Juustele"},"content":{"rendered":"<p><strong>KAMI KOORIJA<\/strong><\/p>\n<p>JUUSTE KOORIJA<\/p>\n<p><strong>PEAMISED KOOSTISOSAD:<\/strong><br \/>\nPuuviljahapped, salits\u00fc\u00fclhape, taimeekstraktid ja aprikoosikivi pulber.<\/p>\n<p><strong>N\u00c4IDUSTUSED:<\/strong><\/p>\n<ul>\n<li>S\u00fcgav puhastav toime<\/li>\n<li>Rasuerituse reguleerimine<\/li>\n<li>Aitab k\u00f5rvaldada parakeratoosi<\/li>\n<li>V\u00e4hendab juuste v\u00e4ljalangemist<\/li>\n<li>Ennetab k\u00f5\u00f5ma tekkimist<\/li>\n<\/ul>\n<p><strong>KASUTAMISVIIS:<\/strong><br \/>\nKandke kreemjas koostis niisketele juustele ja peanahale, masseerige \u00f5rnalt, p\u00f6\u00f6rates erilist t\u00e4helepanu peanahale. Kammige l\u00e4bi ja j\u00e4tke 5-15 minutiks. Loputage rohke veega.<br \/>\nKasutage kord n\u00e4dalas v\u00f5i vastavalt spetsialisti soovitusele.<\/p>\n<p><strong>KAMI \u0160AMPOON<\/strong><\/p>\n<p>Spetsiaalselt v\u00e4lja t\u00f6\u00f6tatud juuste puhastamiseks.<\/p>\n<p><strong>PEAMISED KOOSTISOSAD:<\/strong><br \/>\nErineva molekulmassiga h\u00fcaluroonhape ja meeekstrakt.<\/p>\n<p><strong>N\u00c4IDUSTUSED:<\/strong><\/p>\n<ul>\n<li>Sobib ideaalselt v\u00e4liste keskkonnategurite ja kuivuse all kannatavatele juustele.<\/li>\n<\/ul>\n<p><strong>KASUTAMISVIIS:<\/strong><br \/>\nKandke \u0161ampoon m\u00e4rgadele juustele ja peanahale.<br \/>\nMasseerige, j\u00e4tke 2-5 minutiks ja loputage hoolikalt.<br \/>\nSilma sattumisel loputage koheselt veega.<\/p>\n<p><strong>KAMI SEERUM<\/strong><\/p>\n<p>Steriliseeritud seerum juuste raviks<\/p>\n<p><strong>PEAMISED KOOSTISOSAD:<\/strong><br \/>\nSabali ekstrakt: blokeerib androgeeni retseptorid<br \/>\nPuriin: stimuleerib kasvu<br \/>\nP\u00fcrimidiin: kaitseb juuri<br \/>\nAdenosiini nukleosiid: stimuleeriv kofeiin<br \/>\nTokoferool: suurendab vereringet<br \/>\nVitamiin B6: reguleerib rasuaktiivsust<br \/>\nPantenool: taastab kahjustatud juukseid<br \/>\nH\u00fcdrol\u00fc\u00fcsitud DNA: soodustab elastsust<br \/>\nTs\u00fcsteiin: tagab kasvu ja kvaliteedi<\/p>\n<p><strong>N\u00c4IDUSTUSED:<\/strong><\/p>\n<ul>\n<li>Stimuleerib uute juuste kasvu.<\/li>\n<li>Ennetab ja peatab juuste v\u00e4ljalangemist.<\/li>\n<li>Kiirendab uute juuste kasvu.<\/li>\n<li>Stimuleerib juuksefolliikuleid.<\/li>\n<li>Annab juustele suurema tiheduse, tugevuse ja mahu.<\/li>\n<li>Juuksed n\u00e4evad v\u00e4lja tervemad ja s\u00e4ravamad.<\/li>\n<li>Aktiveerib peanaha vereringet.<\/li>\n<\/ul>\n<p>&lt;hr \/&gt;<\/p>\n<p>T\u00c4IELIK LAHENDUS TERVETE JUUSTE TAGAMISEKS<br \/>\n<strong>KAMI<\/strong><\/p>\n<ul>\n<li>Stimuleerib uute juuste kasvu.<\/li>\n<li>Ennetab ja peatab juuste v\u00e4ljalangemist.<\/li>\n<li>Kiirendab uute juuste kasvu.<\/li>\n<li>Stimuleerib juuksefolliikuleid.<\/li>\n<li>Pakub suuremat tihedust, tugevust ja vol\u00fc\u00fcmi.<\/li>\n<li>Juuksed n\u00e4evad v\u00e4lja tervemad ja s\u00e4ravamad.<\/li>\n<li>Aktiveerib peanaha vereringet.<\/li>\n<\/ul>\n","protected":false},"excerpt":{"rendered":"<p><strong>(10 ampulli x 10 ml + \u0160AMPOON 250 ml + KOORIJA 200 ml)<\/strong><\/p>\n<p>Kompleksne hooldus tervete juuste jaoks, stimuleerib juuste kasvu ja hoiab \u00e4ra juuste v\u00e4ljalangemise.<br \/>\nTugevdab juukseid juurtest ja annab kohese v\u00e4rskendava efekti.<br \/>\nParim viis pealekandmiseks on ENPITSU juuksehoolduspliiats.<\/p>\n","protected":false},"featured_media":24115,"template":"","meta":{"_seopress_robots_primary_cat":"none","_seopress_titles_title":"","_seopress_titles_desc":"","_seopress_robots_index":""},"item":[],"product_cat":[1813,1987,1910,1990],"product_tag":[],"class_list":{"0":"post-24118","1":"product","2":"type-product","3":"status-publish","4":"has-post-thumbnail","6":"product_cat-otstarve","7":"product_cat-juuksehooldus","8":"product_cat-nahahooldus","9":"product_cat-juuksehooldus-prof","11":"first","12":"instock","13":"taxable","14":"shipping-taxable","15":"purchasable","16":"product-type-simple"},"_links":{"self":[{"href":"https:\/\/cutismedical.shop\/et\/wp-json\/wp\/v2\/product\/24118","targetHints":{"allow":["GET"]}}],"collection":[{"href":"https:\/\/cutismedical.shop\/et\/wp-json\/wp\/v2\/product"}],"about":[{"href":"https:\/\/cutismedical.shop\/et\/wp-json\/wp\/v2\/types\/product"}],"wp:featuredmedia":[{"embeddable":true,"href":"https:\/\/cutismedical.shop\/et\/wp-json\/wp\/v2\/media\/24115"}],"wp:attachment":[{"href":"https:\/\/cutismedical.shop\/et\/wp-json\/wp\/v2\/media?parent=24118"}],"wp:term":[{"taxonomy":"item","embeddable":true,"href":"https:\/\/cutismedical.shop\/et\/wp-json\/wp\/v2\/item?post=24118"},{"taxonomy":"product_cat","embeddable":true,"href":"https:\/\/cutismedical.shop\/et\/wp-json\/wp\/v2\/product_cat?post=24118"},{"taxonomy":"product_tag","embeddable":true,"href":"https:\/\/cutismedical.shop\/et\/wp-json\/wp\/v2\/product_tag?post=24118"}],"curies":[{"name":"wp","href":"https:\/\/api.w.org\/{rel}","templated":true}]}}