{"id":23975,"date":"2021-05-30T16:11:30","date_gmt":"2021-05-30T14:11:31","guid":{"rendered":"https:\/\/cutismedical.com\/?post_type=product&#038;p=23975"},"modified":"2024-11-11T23:39:26","modified_gmt":"2024-11-11T21:39:26","slug":"utsukusy-energy-for-men-daily-care-kit","status":"publish","type":"product","link":"https:\/\/cutismedical.shop\/et\/shop-es\/otstarve\/kreem-et\/utsukusy-energy-for-men-daily-care-kit\/","title":{"rendered":"Utsukusy. Energy for men. Daily Care KIT"},"content":{"rendered":"<p><strong>1. ENERGY EYE CONTOUR<\/strong><br \/>\nK\u00f5ik nahat\u00fc\u00fcbid, sealhulgas tundlik nahk.<br \/>\nV\u00e4simuse m\u00e4rgid ja kortsud silmade \u00fcmbruses v\u00e4henevad m\u00e4rgatavalt. Silmakontuur ja silmaalused kotid silenevad, kontuuri tundlik piirkond nooreneb ning v\u00e4simuse m\u00e4rgid v\u00e4henevad m\u00e4rgatavalt.<\/p>\n<hr \/>\n<p><strong>Koostis:<\/strong><br \/>\n0,5% KOFEIIN<br \/>\n1% INGVERI EKSTRAKT: Antioks\u00fcdant.<br \/>\n1% VIINAMARJASEEMNE\u00d5LI<br \/>\n1% SHEA V\u00d5I<br \/>\n0,5% ARGAANIA\u00d5LI<br \/>\n1% GL\u00dcTSERIIN<br \/>\n0,3% LIPOGARD (sisaldab koens\u00fc\u00fcmi Q10)<br \/>\n0,5% PEPTIID Q10: peptiid, mis stimuleerib endogeense koens\u00fc\u00fcmi Q10 s\u00fcnteesi, st meie keha toodab Q10 ise, mitte ei saa seda v\u00e4liselt.<\/p>\n<hr \/>\n<p><strong>Pakend:<\/strong>\u00a0\u00d5hukindel 15 ml<\/p>\n<hr \/>\n<p><strong>Professionaalne kasutusviis:<\/strong><br \/>\nVastavalt protokollile<br \/>\n<strong>Igap\u00e4evane kasutusviis:<\/strong><br \/>\nKanna paks kiht puhtale, kuivale nahale 2 v\u00f5i 3 korda n\u00e4dalas, hommikul v\u00f5i \u00f5htul, silmakontuurile ja silmalaugudele. Lase toimida 10 minutit, seej\u00e4rel eemalda \u00fcleliigne toode ilma maha pesemata.<\/p>\n<p><strong>2. ENERGY SERUM<\/strong><br \/>\nN\u00e4oseerum<br \/>\nK\u00f5ik nahat\u00fc\u00fcbid, sealhulgas tundlik nahk.<br \/>\nPakub kohest mugavust ja v\u00e4rskust, nahk muutub siledaks ja niisutatuks. P\u00e4ev p\u00e4eva j\u00e4rel taastub naha toon ja s\u00e4ra, nahk muutub m\u00e4rgatavalt pringimaks, elavneb ja nooreneb.<\/p>\n<hr \/>\n<p><strong>Koostis:<\/strong><br \/>\n1% INGVERI EKSTRAKT<br \/>\n0,5% ARGAANIA\u00d5LI<br \/>\n5% GL\u00dcTSERIIN<br \/>\n0,5% LIPOGARD (sisaldab koens\u00fc\u00fcmi Q10)<br \/>\n0,75% PEPTIID Q10: peptiid, mis stimuleerib endogeense koens\u00fc\u00fcmi Q10 s\u00fcnteesi, st meie keha toodab Q10 ise, mitte ei saa seda v\u00e4liselt.<\/p>\n<hr \/>\n<p><strong>Pakend:<\/strong>\u00a0\u00d5hukindel 30 ml<\/p>\n<hr \/>\n<p><strong>Professionaalne kasutusviis:<\/strong><br \/>\nVastavalt protokollile<br \/>\n<strong>Igap\u00e4evane kasutusviis:<\/strong><br \/>\nKandke hommikul ja\/v\u00f5i \u00f5htul puhtale, kuivale nahale. Imendub koheselt.<\/p>\n<p><strong>3. ENERGY CREAM<\/strong><br \/>\nN\u00e4okreem SPF 20<br \/>\nK\u00f5ik nahat\u00fc\u00fcbid, sealhulgas tundlik nahk.<br \/>\nMeeste \u00fcldine noorendav ja vananemisvastane hooldus. Valem on loodud suurendamaks naha vastupanuv\u00f5imet igap\u00e4evastele m\u00f5judele (raseerimine, k\u00fclm, stress, saastumine).<br \/>\nToimib k\u00f5igil aladel: pinguldab, v\u00e4hendab kortse, niisutab, v\u00f5itleb v\u00e4simuse ja \u00e4rrituse vastu p\u00e4rast raseerimist. Nahk rahuneb koheselt, muutub niisutatuks ja siledamaks, on n\u00e4htavalt vastupidavam ja puhanum. Kortse ja peeneid jooni v\u00e4heneb ning nahk muutub pringimaks.<\/p>\n<hr \/>\n<p><strong>Koostis:<\/strong><br \/>\n1% INGVERI EKSTRAKT<br \/>\n2% VIINAMARJASEEMNE\u00d5LI<br \/>\n5% GL\u00dcTSERIIN<br \/>\n0,3% LIPOGARD (sisaldab koens\u00fc\u00fcmi Q10)<br \/>\n0,5% PEPTIID Q10: peptiid, mis stimuleerib endogeense koens\u00fc\u00fcmi Q10 s\u00fcnteesi, st meie keha toodab Q10 ise, mitte ei saa seda v\u00e4liselt.<br \/>\n0,8% SHEA V\u00d5I<\/p>\n<hr \/>\n<p><strong>Pakend:<\/strong><br \/>\nProfessionaalne: 200 ml tuub<br \/>\nIgap\u00e4evahooldus: \u00f5hukindel 50 ml<\/p>\n<hr \/>\n<p><strong>Professionaalne kasutusviis:<\/strong><br \/>\nVastavalt protokollile<br \/>\n<strong>Igap\u00e4evane kasutusviis:<\/strong><br \/>\nKandke hommikul ja\/v\u00f5i \u00f5htul puhtale, kuivale nahale, seej\u00e4rel seerum. Imendub koheselt. Ideaalne p\u00e4rast raseerimist.<\/p>\n<p>&nbsp;<\/p>\n","protected":false},"excerpt":{"rendered":"<p>SISU:<br \/>\n\u2022 SEERUM 30 ml<br \/>\n\u2022 KREEM 50 ml<br \/>\n\u2022 SILMAKONTUURI KREEM 15 ml<\/p>\n<p>Esimesest kasutuskorrast alates muutub nahk koheselt siledamaks ja niisutatuks, m\u00e4rgatavalt vastupidavamaks, elavnenuks ja noorenenuks.<\/p>\n<p><em>DERMATOLOOGILISELT TESTITUD TOOTED<br \/>\nSobivad k\u00f5igile nahat\u00fc\u00fcpidele, sealhulgas k\u00f5ige tundlikumale.<br \/>\nMitte komedogeenne.<br \/>\nIlma GMO-ta (geneetiliselt muundamata).<br \/>\nBSE-vaba (ei sisalda loomset p\u00e4ritolu komponente).<br \/>\nPARABEENIVABA.<\/em><\/p>\n","protected":false},"featured_media":23978,"template":"","meta":{"_seopress_robots_primary_cat":"none","_seopress_titles_title":"","_seopress_titles_desc":"","_seopress_robots_index":""},"item":[],"product_cat":[151,363],"product_tag":[1957],"class_list":{"0":"post-23975","1":"product","2":"type-product","3":"status-publish","4":"has-post-thumbnail","6":"product_cat-kreem-et","7":"product_cat-seerum-et","8":"product_tag-meestele","10":"first","11":"instock","12":"taxable","13":"shipping-taxable","14":"purchasable","15":"product-type-simple"},"_links":{"self":[{"href":"https:\/\/cutismedical.shop\/et\/wp-json\/wp\/v2\/product\/23975","targetHints":{"allow":["GET"]}}],"collection":[{"href":"https:\/\/cutismedical.shop\/et\/wp-json\/wp\/v2\/product"}],"about":[{"href":"https:\/\/cutismedical.shop\/et\/wp-json\/wp\/v2\/types\/product"}],"wp:featuredmedia":[{"embeddable":true,"href":"https:\/\/cutismedical.shop\/et\/wp-json\/wp\/v2\/media\/23978"}],"wp:attachment":[{"href":"https:\/\/cutismedical.shop\/et\/wp-json\/wp\/v2\/media?parent=23975"}],"wp:term":[{"taxonomy":"item","embeddable":true,"href":"https:\/\/cutismedical.shop\/et\/wp-json\/wp\/v2\/item?post=23975"},{"taxonomy":"product_cat","embeddable":true,"href":"https:\/\/cutismedical.shop\/et\/wp-json\/wp\/v2\/product_cat?post=23975"},{"taxonomy":"product_tag","embeddable":true,"href":"https:\/\/cutismedical.shop\/et\/wp-json\/wp\/v2\/product_tag?post=23975"}],"curies":[{"name":"wp","href":"https:\/\/api.w.org\/{rel}","templated":true}]}}