{"id":23919,"date":"2021-05-30T12:56:25","date_gmt":"2021-05-30T10:56:26","guid":{"rendered":"https:\/\/cutismedical.com\/?post_type=product&#038;p=23919"},"modified":"2024-11-12T15:46:33","modified_gmt":"2024-11-12T13:46:33","slug":"utsukusy-skin-daily-care-kit","status":"publish","type":"product","link":"https:\/\/cutismedical.shop\/et\/shop-es\/nahahooldus\/naopuhastus-et-prof\/utsukusy-skin-daily-care-kit\/","title":{"rendered":"Utsukusy. Igap\u00e4evase hoolduse komplekt &#8220;Kunstnahk&#8221;"},"content":{"rendered":"<p><strong>PEAMISED TOIMEAINED:<\/strong><\/p>\n<p>Niatsiinamiid (vitamiin B3): tugevdab vee-lipiidbarj\u00e4\u00e4ri ja hoiab naha niisutatuna. Stimuleerib kollageeni s\u00fcnteesi ja \u00fchtlustab jumet.<br \/>\nSheav\u00f5i: rikkalik f\u00fctosteroolide, vitamiinide ja hormoonide eel\u00fchendite poolest, mis kiirendavad kudede kasvu, soodustades epidermise uuenemist.<br \/>\nEdelweissi \u00f5iekstrakt: p\u00fc\u00fcab kinni aktiivsed hapniku\u00fchendid ja suurendab glutationperoks\u00fcdaasi, ens\u00fc\u00fcmi, mis p\u00fc\u00fcab nahas loomulikult ROS-i kui sisemist detoksifikatsioonimehhanismi, toimet.<br \/>\nH\u00fcdrol\u00fc\u00fcsitud kollageen: suurendab naha elastsust ja paindlikkust.<br \/>\nJaanikaunaseemne ekstrakt (Ceratonia siliqua): v\u00e4ga rikkalik pol\u00fcsahhariidide poolest, suure niiskust s\u00e4ilitava ja kaitsva toimega. V\u00e4hendab kortse ja miimikajooni peaaegu koheselt.<\/p>\n<p><strong>N\u00c4IDUSTUSED:<\/strong><\/p>\n<ul>\n<li>T\u00e4idab kortse ja suurendab huulte mahtu<\/li>\n<li>Pinguldav toime<\/li>\n<li>Tundliku naha tasakaalu taastamine<\/li>\n<\/ul>\n<p><strong>KUNSTNAHA SEERUM-GEEL<\/strong><\/p>\n<p>Seerum-geel, mis toimib kui teine nahk, t\u00e4nu biokompatibilistele pol\u00fcmeeridele, mis on saadud r\u00e4nist ja p\u00f5hinevad vahelduvatel r\u00e4nist ja hapnikuaatomitest koosnevatel ahelatel. See on suure molekulmassiga silikoonide segu: Silicone EL60 ja Silicone SFCM5, mis moodustavad silikoonelastomeeri maatriksi, mis sobib ideaalselt \u00fcli\u00f5hukese &#8220;teise naha&#8221; loomiseks. See kiht on praktiliselt n\u00e4htamatu, elastne, paindlik, niisutatud, suudab nahaga haakuda ja on sellega biokompatibiline, pakkudes k\u00f5rget kaitse- ja vananemisvastast toimet.<\/p>\n<p><strong>PEAMISED TOIMEAINED:<\/strong><\/p>\n<p>Enteromorpha compressa: suurendab dermakollageeni tootmist fibroblastides.<br \/>\nInhibeerib metalloproteinaaside (MMP) s\u00fcnteesi ja provotseerivate p\u00f5letikumediaatorite tootmist.<br \/>\nCaesalpinia spinosa: loomulik niisutav toime t\u00e4nu oma k\u00f5rgele vee sidumis- ja s\u00e4ilitamisv\u00f5imele.<\/p>\n<p><strong>N\u00c4IDUSTUSED:<\/strong><\/p>\n<ul>\n<li>T\u00e4idab kortse ja suurendab huulte mahtu<\/li>\n<li>Pinguldav toime<\/li>\n<li>Tundliku naha tasakaalu taastamine<\/li>\n<\/ul>\n<p><strong>N\u00c4OPUHASTUSKREEM BIJIN<\/strong><\/p>\n<p>Puhastab s\u00fcgavalt kuni naha k\u00f5ige s\u00fcgavamate kihtideni.<br \/>\nLaiendab poore ja vabastab need rasun\u00e4\u00e4rmete sekretsioonidest.<br \/>\nV\u00e4ga sobiv igap\u00e4evaseks n\u00e4opuhastuseks. Ilusalongides kasutatakse esteetiliste protseduuride ajal ettevalmistusena komedoonide eemaldamiseks.<\/p>\n<p><strong>PEAMISED TOIMEAINED:<\/strong><\/p>\n<p>KUMARIIN: antiseptiline ja antibakteriaalne.<br \/>\nSHEAV\u00d5I: toitev ja niisutav.<br \/>\nSAIALILL: p\u00f5letikuvastane, haavade paranemist soodustav ja fungitsiidne.<\/p>\n","protected":false},"excerpt":{"rendered":"<div class=\"flex max-w-full flex-col flex-grow\">\n<div class=\"min-h-8 text-message flex w-full flex-col items-end gap-2 whitespace-normal break-words [.text-message+&amp;]:mt-5\" dir=\"auto\" data-message-author-role=\"assistant\" data-message-id=\"52f660b1-2209-48af-9d01-2e08dcde49ec\" data-message-model-slug=\"gpt-4o\">\n<div class=\"flex w-full flex-col gap-1 empty:hidden first:pt-[3px]\">\n<div class=\"markdown prose w-full break-words dark:prose-invert light\">\n<p>(Kreem 50 ml, Seerum 35 ml, N\u00e4opuhastuskreem Bijin 50 ml)<\/p>\n<p><strong>KUNSTNAHA KREEM<\/strong><\/p>\n<p>VANANEMISVASTANE \u2022 DETOKS \u2022 NIISUTAV<\/p>\n<p>Sisaldab ristseotud silikoone, mis katavad naha n\u00e4htamatu kilega, kaitstes seda ja ennetades niiskuse kadu. Vananenud nahal v\u00f5itleb kuivuse vastu, taastades selle loomuliku paindlikkuse. Kiirendab kudede kasvu, parandades epidermise uuenemist. Omab taastavaid ja kaitsvaid omadusi.<\/p>\n<\/div>\n<\/div>\n<\/div>\n<\/div>\n","protected":false},"featured_media":23922,"template":"","meta":{"_seopress_robots_primary_cat":"none","_seopress_titles_title":"","_seopress_titles_desc":"","_seopress_robots_index":""},"item":[],"product_cat":[1813,195,151,363,1910,1913,1928,1931],"product_tag":[],"class_list":{"0":"post-23919","1":"product","2":"type-product","3":"status-publish","4":"has-post-thumbnail","6":"product_cat-otstarve","7":"product_cat-naopuhastus-et","8":"product_cat-kreem-et","9":"product_cat-seerum-et","10":"product_cat-nahahooldus","11":"product_cat-naopuhastus-et-prof","12":"product_cat-kreem-et-prof","13":"product_cat-seerum-et-prof","15":"first","16":"instock","17":"taxable","18":"shipping-taxable","19":"purchasable","20":"product-type-simple"},"_links":{"self":[{"href":"https:\/\/cutismedical.shop\/et\/wp-json\/wp\/v2\/product\/23919","targetHints":{"allow":["GET"]}}],"collection":[{"href":"https:\/\/cutismedical.shop\/et\/wp-json\/wp\/v2\/product"}],"about":[{"href":"https:\/\/cutismedical.shop\/et\/wp-json\/wp\/v2\/types\/product"}],"wp:featuredmedia":[{"embeddable":true,"href":"https:\/\/cutismedical.shop\/et\/wp-json\/wp\/v2\/media\/23922"}],"wp:attachment":[{"href":"https:\/\/cutismedical.shop\/et\/wp-json\/wp\/v2\/media?parent=23919"}],"wp:term":[{"taxonomy":"item","embeddable":true,"href":"https:\/\/cutismedical.shop\/et\/wp-json\/wp\/v2\/item?post=23919"},{"taxonomy":"product_cat","embeddable":true,"href":"https:\/\/cutismedical.shop\/et\/wp-json\/wp\/v2\/product_cat?post=23919"},{"taxonomy":"product_tag","embeddable":true,"href":"https:\/\/cutismedical.shop\/et\/wp-json\/wp\/v2\/product_tag?post=23919"}],"curies":[{"name":"wp","href":"https:\/\/api.w.org\/{rel}","templated":true}]}}