{"id":23900,"date":"2021-05-30T11:18:40","date_gmt":"2021-05-30T09:18:40","guid":{"rendered":"https:\/\/cutismedical.com\/shop\/maaratlemata\/utsukusy-carboxderm-facial-professional-kit\/"},"modified":"2024-11-12T16:28:09","modified_gmt":"2024-11-12T14:28:09","slug":"utsukusy-carboxderm-facial-professional-kit","status":"publish","type":"product","link":"https:\/\/cutismedical.shop\/et\/shop-es\/nahahooldus\/seerum-et-prof\/utsukusy-carboxderm-facial-professional-kit\/","title":{"rendered":"Utsukusy. Carboxderm n\u00e4ohoolduse professionaalne komplekt"},"content":{"rendered":"<p>N\u00c4OHOOLDUSE EELISED:<\/p>\n<ul>\n<li>Kollageeni tootmise stimuleerimine.<\/li>\n<li>Elastiini tootmine.<\/li>\n<li>Parandab naha seisundit.<\/li>\n<li>V\u00e4hendab p\u00f5skede mahtu.<\/li>\n<li>\u00dclemise silmalau pinguldamine.<\/li>\n<li>Kortsude v\u00e4hendamine.<\/li>\n<li>Veresoonte taastumine nahas.<\/li>\n<li>Naha noorendamine.<\/li>\n<li>Tumedate ringide ja kottide v\u00e4hendamine.<\/li>\n<li>Parandab naha v\u00e4rvust ja niisutust.<\/li>\n<\/ul>\n<p> **CARBOXDERM SEERUM**<br \/>\nPEAMISED KOOSTISOSAD:<\/p>\n<p>Propaandiool saadud suhkruroost: omab niisutavaid, pehmendavaid ja lahustavaid omadusi, v\u00e4hendab \u00e4rritusi.<br \/>\nNAATRIUMVESINIKKARBONAAT (NaHCO3): omab aluselisi omadusi.<br \/>\nVITAMIIN E: antioks\u00fcdant, v\u00e4ga efektiivne vabade radikaalide vastu.<\/p>\n<p>CARBOXGEL geel + n\u00e4ovual<\/p>\n<p>PEAMISED KOOSTISOSAD:<\/p>\n<p>Vual, rikastatud sidrunhappe ja AHA-ga.<br \/>\nGeel lagritsaekstraktiga, millel on p\u00f5letikuvastased, valgendavad ja antioks\u00fcdantsed omadused.<br \/>\nKoos vabastavad CO2 naha tasandil. Vual tagab suurep\u00e4rase naha l\u00e4bilaskvuse ja CO2 tungimise s\u00fcgavamatesse nahakihtidesse.<\/p>\n<p>N\u00c4IDUSTUSED:<\/p>\n<ul>\n<li>Tuhm v\u00f5i kahvatu nahk.<\/li>\n<li>Eluj\u00f5u puudus.<\/li>\n<li>Oks\u00fcdatsiooniprotsessidele kalduv nahk (saastatus, suitsetamine jne).<\/li>\n<\/ul>\n<p> **KASUTUSJUHEND:** <\/p>\n<ol>\n<li>Puhastage n\u00e4gu mustusest ja meigist.<\/li>\n<li>Kandke nahale Bijin puhastuskreem.<\/li>\n<li>Seej\u00e4rel kandke seerum n\u00e4ole, kaelale ja dekolteele.<\/li>\n<li>P\u00e4rast seerumi imendumist kandke peale geel ja vual.<\/li>\n<li>J\u00e4tke 15 minutiks, eemaldage vual ja \u00fclej\u00e4\u00e4nud toode.<\/li>\n<li>Kandke peale Utsukusy seerum ja kreem.<\/li>\n<\/ol>\n<p> **SEERUMI KOOSTIS:** AQUA (VESI), PROPAANDIOOL, NAATRIUMVESINIKKARBONAAT, H\u00dcDROKS\u00dcET\u00dc\u00dcLTSELLULOOS, PIIMAHAPE, TSELLULOOS, ISOPROP\u00dc\u00dcLALKOHOL, NAATRIUMATSET, ET\u00dc\u00dcLHEKSIILGL\u00dcTSERIIN, FENOOLKS\u00dcETANOL, POL\u00dcSORBATE 20.<br \/>\nGEELI KOOSTIS: AQUA (VESI), NAATRIUMVESINIKKARBONAAT, GL\u00dcTSERIIN, PROPAANDIOOL, KSANTAANKUMM, GLYCYRRHIZA GLABRA (LAGRITS) JUURE EKSTRAKT, DENAT. ALKOHOL, NAATRIUMKLORIIDI, KAALIUMSORBAAT, NAATRIUMBENSOAAT, ET\u00dc\u00dcLHEKSIILGL\u00dcTSERIIN, FENOOLKS\u00dcETANOL, PARF\u00dc\u00dcM, CI 16035.<\/p>\n<p>VUALLI KOOSTIS: AQUA (VESI), SIDRUNHAPE, NAATRIUMTSITRAAT, ET\u00dc\u00dcLHEKSIILGL\u00dcTSERIIN, FENOOLKS\u00dcETANOL, POL\u00dcSORBATE 20.<\/p>\n","protected":false},"excerpt":{"rendered":"<p><span style=\"color: #ed1c24;\"><strong>Ei ole mu\u0308u\u0308giks ELis!<\/strong><\/span><\/p>\n<p>CO2 avaldab mikrotsirkulatsioonis vasodilateerivat toimet, taastab naha s\u00e4ra, rikastab kudesid hapnikuga ja soodustab rakkude taastumist.<\/p>\n","protected":false},"featured_media":23898,"template":"","meta":{"_seopress_robots_primary_cat":"none","_seopress_titles_title":"","_seopress_titles_desc":"","_seopress_robots_index":""},"item":[],"product_cat":[1910,1931],"product_tag":[],"class_list":{"0":"post-23900","1":"product","2":"type-product","3":"status-publish","4":"has-post-thumbnail","6":"product_cat-nahahooldus","7":"product_cat-seerum-et-prof","8":"pa_product_main_cat-professionaalne-hooldus","10":"first","11":"instock","12":"taxable","13":"shipping-taxable","14":"purchasable","15":"product-type-simple"},"_links":{"self":[{"href":"https:\/\/cutismedical.shop\/et\/wp-json\/wp\/v2\/product\/23900","targetHints":{"allow":["GET"]}}],"collection":[{"href":"https:\/\/cutismedical.shop\/et\/wp-json\/wp\/v2\/product"}],"about":[{"href":"https:\/\/cutismedical.shop\/et\/wp-json\/wp\/v2\/types\/product"}],"wp:featuredmedia":[{"embeddable":true,"href":"https:\/\/cutismedical.shop\/et\/wp-json\/wp\/v2\/media\/23898"}],"wp:attachment":[{"href":"https:\/\/cutismedical.shop\/et\/wp-json\/wp\/v2\/media?parent=23900"}],"wp:term":[{"taxonomy":"item","embeddable":true,"href":"https:\/\/cutismedical.shop\/et\/wp-json\/wp\/v2\/item?post=23900"},{"taxonomy":"product_cat","embeddable":true,"href":"https:\/\/cutismedical.shop\/et\/wp-json\/wp\/v2\/product_cat?post=23900"},{"taxonomy":"product_tag","embeddable":true,"href":"https:\/\/cutismedical.shop\/et\/wp-json\/wp\/v2\/product_tag?post=23900"}],"curies":[{"name":"wp","href":"https:\/\/api.w.org\/{rel}","templated":true}]}}