{"id":23894,"date":"2021-05-30T10:41:57","date_gmt":"2021-05-30T08:41:57","guid":{"rendered":"https:\/\/cutismedical.com\/shop\/maaratlemata\/utsukusy-eyelift-professional-kit\/"},"modified":"2024-11-12T16:37:15","modified_gmt":"2024-11-12T14:37:15","slug":"utsukusy-eyelift-professional-kit","status":"publish","type":"product","link":"https:\/\/cutismedical.shop\/et\/shop-es\/nahahooldus\/seerum-et-prof\/utsukusy-eyelift-professional-kit\/","title":{"rendered":"Utsukusy. Eyelift professionaalne komplekt"},"content":{"rendered":"<p><strong>COCKTAIL EYE LIFT<\/strong><\/p>\n<p>Kontsentraat blefaroplastikaks, pinguldab \u00fclemist silmalaugu, v\u00e4hendab \u201ekanavarbaid\u201c, tumedaid ringe ja kotte silmade all.<\/p>\n<p><strong>PEAMISED KOOSTISOSAD:<\/strong><\/p>\n<ul>\n<li>Beautifeye: esmakordselt kosmeetikat\u00f6\u00f6stuses on aktiivsel koostisosal n\u00e4htav lifting-efekt l\u00f5tvunud \u00fclemistel silmalaugudel, pakkudes mitteinvasiivset alternatiivi blefaroplastikale. Lisaks t\u00f5stab \u00fclemist silmalaugu, v\u00e4hendab \u201ekanavarbaid\u201c ning silmaaluseid ringe ja kotte, andes n\u00e4htavaid tulemusi.<\/li>\n<\/ul>\n<ul>\n<li>Matrixyl: vananemisvastane ja kortsudevastane koostisosa, mis aktiveerib naha taastumisprotsessi, eriti papillaarse dermise kihis, mis on eriti tundlik UV-kiirguse kahjustuste suhtes. Silendab kortse, parandab naha toonust ja elastsust.<\/li>\n<li>Puhas kofeiin: toimib vasodilataatorina, suurendades t\u00f6\u00f6deldud piirkonna verevoolu. Kandmisel laiendab v\u00e4ikeseid veresooni silmade \u00fcmbruses, andes v\u00e4rskema ja tervislikuma v\u00e4limuse.<\/li>\n<\/ul>\n<p>**SILMAMASK LIFTINGUKS**<br \/>\nLooduslik vetikate vual<br \/>\nSee vual v\u00f5itleb k\u00f5ikeh\u00f5lmavalt silmade vananemisega.<\/p>\n<p><strong>PEAMISED KOOSTISOSAD:<\/strong><\/p>\n<p>Mere- ja mineraalkompleks:<\/p>\n<ul>\n<li>ALGINAAT: pruunvetikate ekstrakt, mis soodustab toimeainete tungimist.<\/li>\n<li>KALTSIUMIOONID: toetavad membraani tugevust, tulemuseks on tihedam ja tugevam nahk, stimuleerib rakulist energiat ens\u00fc\u00fcmide aktiivsuse kaudu.<\/li>\n<li>NAATRIUMIOONID: stimuleerivad akvaporiinide tootmist, mis parandab naha niisutust ja niiskuse transporti, reguleerides naha antioks\u00fcdantide tootmist.<\/li>\n<\/ul>\n<p><strong>EELISED:<\/strong><\/p>\n<ul>\n<li>Pinguldab ja vormib kontuure<\/li>\n<li>T\u00e4idab kortse<\/li>\n<li>Silub miimilisi jooni<\/li>\n<li>Elustab<\/li>\n<li>Intensiivselt niisutab<\/li>\n<\/ul>\n<p><strong>N\u00c4IDUSTUSED:<\/strong><\/p>\n<ul>\n<li>L\u00f5tvunud silmalaud, silmaalused kotid ja ringid<\/li>\n<li>Vol\u00fc\u00fcmi ja tugevuse kadu<\/li>\n<li>Tugevad jooned ja kortsud silma\u00fcmbruse piirkonnas<\/li>\n<li>Enneaegne naha vananemine<\/li>\n<li>V\u00e4sinud nahk<\/li>\n<li>Kuiv nahk<\/li>\n<\/ul>\n<p><strong>KASUTUSJUHEND:<\/strong><\/p>\n<ol>\n<li>Asetage mask kuivade k\u00e4tega silmade \u00fcmber ja kohandage asendit.<\/li>\n<li>Niisutage maski p\u00f5hjalikult Aktiveeriva Vedelikuga (6 ml).<\/li>\n<li>J\u00e4tke peale 15-20 minutiks.<\/li>\n<li>Eemaldage mask.<\/li>\n<\/ol>\n<p> **KASUTAMINE SEADMETEGA:** <\/p>\n<ul>\n<li>V\u00f5ib kasutada ultraheli t\u00f6\u00f6tlemise tugevdamiseks.<\/li>\n<li>J\u00e4rgneva hooldusena p\u00e4rast mikrodermabrasiooni.<\/li>\n<\/ul>\n<p> Microneedling, HIFU, RF-Thermage, Vampire-PRP, Meso, Plasma-Pen, k\u00fclmplasma, Fraxel, Filler \/ Botox \/ Niitlift.<br \/>\nSILMA\u00dcMBRUSKREEM<\/p>\n<p>K\u00d5IK NAHAT\u00dc\u00dcBID, SH TUNDLIK NAHK<\/p>\n<p>V\u00e4hendab n\u00e4htavalt silma\u00fcmbruse v\u00e4simuse m\u00e4rke ja kortse.<br \/>\nSilmade \u00fcmbrus ja tumedad ringid silenevad, silma\u00fcmbruse \u00f5rn piirkond nooreneb ning v\u00e4simusm\u00e4rgid v\u00e4henevad.<\/p>\n<p>N\u00c4IDUSTUSED: vananev silma\u00fcmbrus, toonusekadu, miimilised kortsud silmade \u00fcmbruses.<\/p>\n<p>SEERUMI KOOSTIS: AQUA (VESI), PROPAANDIOOL, GL\u00dcTSERIIN, ALKOHOL DENAT., KOFEEIN, PEG-40 H\u00dcDROGENEERITUD KASTOORI\u00d5LI, PALMITO\u00dc\u00dcLTETRAPEPTIID-7, DARUTOSIIDI, ALBIZIA JULIBRISSIN KOORE EKSTRAKT, PALMITO\u00dc\u00dcLTRIPEPTIID-1, KARBOMEER, TRIETANOOLAMIIN, H\u00dcDROKS\u00dcET\u00dc\u00dcLTSELLULOOS, B\u00dcT\u00dcLEENGL\u00dcKOL, KALTSIUMTSITRAAT, TSELLULOOS, NAATRIUMATSET, ISOPROP\u00dc\u00dcLALKOHOL, FENOOLKSETANOL, 1,2-HEKSANDIOL, NAATRIUMBENSOAAT, ET\u00dc\u00dcLHEKSIILGL\u00dcTSERIIN, SIDRUNHAPE, KAPR\u00dc\u00dcLGL\u00dcKOL, POL\u00dcSORBATE 20.<\/p>\n<p>MASKI KOOSTIS: KOLLAGEEN, H\u00dcDROGENEERITUD POL\u00dcISOBUTEEN, PPG-15, STEARIILI EETER, PEG-40 SORBITAANPEROLERAAT, BHT.<\/p>\n<p>KREEMI KOOSTIS: AQUA (VESI), PROPAANDIOOL, ALOE BARBADENSIS (ALOEVERA) LEHEMAHLA EKSTRAKT, KAPR\u00dc\u00dcL\/ KAPRIIN TRIGL\u00dcTSERIIDI, STEAROILEETOKSI, DITS\u00dc\u00dcL OLEAAT, GL\u00dcTSERIIN, SHEA (BUTYROSPERMUM PARKII) V\u00d5I, C12-20 HAPPE PEG-8 ESTER, VIINAMARJASEEMNE\u00d5LI, ROSMAARIINI LEHTEDE EKSTRAKT, TOKOFER\u00dc\u00dcLATSETAAT, ARGAANIA SPINOSA, TUUMA\u00d5LI, TOKOFEROOL, INGVERI JUURE EKSTRAKT, P\u00c4EVALILLE SEEMNE\u00d5LI, ALLANTOIIN, PENTA-PEPTIID-34 TRIFLUOROATSETAAT, UBIHINOON (KOENS\u00dc\u00dcM Q10), SKVALAAN, KOFEEIN, KARBOMEER, SET\u00dc\u00dcL FOSFAAT, CERATONIA SILIQUA (CAROB) KUMM, SILIKA, HDI\/TRIMETYLOL HEKSIILLAKTONE, KROSSPOL\u00dcMEER, TROMETAMIIN, NAATRIUMBENSOAAT, FEN\u00dc\u00dcLET\u00dc\u00dcLALKOOL, 1,2-HEKSANDIOL, KAPR\u00dc\u00dcLGL\u00dcKOL, H\u00dcDROKS\u00dcATSETOFENOON, GERANIOL, LINALOOL, B\u00dcT\u00dc\u00dcLFEN\u00dc\u00dcL MET\u00dc\u00dcLPROPIONAAT.<\/p>\n<p>&nbsp;<\/p>\n","protected":false},"excerpt":{"rendered":"<p><strong>(eyelift cocktail 3x5ml, 10 eyelift veil+100ml, 1 eyelift cream 30ml)<\/strong><\/p>\n<p>GLOBAL REJUVENATION OF THE PERIOCULAR AREA.<\/p>\n<p>Fills wrinkles and smoothes expression lines.<br \/>\nDrooping eyelids, under-eye bags and circles.<br \/>\nMinimises upper eyelid drooping.<br \/>\nProducts specifically developed for the periocular area with excellent dermal tolerance for maximum efficacy.<\/p>\n","protected":false},"featured_media":23892,"template":"","meta":{"_seopress_robots_primary_cat":"none","_seopress_titles_title":"","_seopress_titles_desc":"","_seopress_robots_index":""},"item":[],"product_cat":[1910,1931],"product_tag":[1888],"class_list":{"0":"post-23894","1":"product","2":"type-product","3":"status-publish","4":"has-post-thumbnail","6":"product_cat-nahahooldus","7":"product_cat-seerum-et-prof","8":"product_tag-tundlik-nahk","10":"first","11":"instock","12":"taxable","13":"shipping-taxable","14":"purchasable","15":"product-type-simple"},"_links":{"self":[{"href":"https:\/\/cutismedical.shop\/et\/wp-json\/wp\/v2\/product\/23894","targetHints":{"allow":["GET"]}}],"collection":[{"href":"https:\/\/cutismedical.shop\/et\/wp-json\/wp\/v2\/product"}],"about":[{"href":"https:\/\/cutismedical.shop\/et\/wp-json\/wp\/v2\/types\/product"}],"wp:featuredmedia":[{"embeddable":true,"href":"https:\/\/cutismedical.shop\/et\/wp-json\/wp\/v2\/media\/23892"}],"wp:attachment":[{"href":"https:\/\/cutismedical.shop\/et\/wp-json\/wp\/v2\/media?parent=23894"}],"wp:term":[{"taxonomy":"item","embeddable":true,"href":"https:\/\/cutismedical.shop\/et\/wp-json\/wp\/v2\/item?post=23894"},{"taxonomy":"product_cat","embeddable":true,"href":"https:\/\/cutismedical.shop\/et\/wp-json\/wp\/v2\/product_cat?post=23894"},{"taxonomy":"product_tag","embeddable":true,"href":"https:\/\/cutismedical.shop\/et\/wp-json\/wp\/v2\/product_tag?post=23894"}],"curies":[{"name":"wp","href":"https:\/\/api.w.org\/{rel}","templated":true}]}}