{"id":23830,"date":"2021-05-27T20:04:36","date_gmt":"2021-05-27T18:04:37","guid":{"rendered":"https:\/\/cutismedical.com\/?post_type=product&#038;p=23830"},"modified":"2024-11-13T00:18:56","modified_gmt":"2024-11-12T22:18:56","slug":"utsukusy-intense-flash-cocktail-5pcs-5ml","status":"publish","type":"product","link":"https:\/\/cutismedical.shop\/et\/shop-es\/mesoteraapia-et\/mesotherapy-for-eyes-et\/utsukusy-intense-flash-cocktail-5pcs-5ml\/","title":{"rendered":"Utsukusy. Intensiivne flash-kokteil (5 tk * 5 ml)"},"content":{"rendered":"<p>PEAMISED AKTIIVSED KOOSTISOSAD:<\/p>\n<ul>\n<li>STAY-C 50 (stabiilne C-vitamiini derivaat): k\u00f5ige stabiilsem C-vitamiini vorm, tuntud kui naatriumaskorb\u00fc\u00fclfosfaat v\u00f5i STAY-C\u00ae 50. Maksimeerib C-vitamiini kaitsvad omadused, s\u00e4ilitades selle efektiivsuse aja jooksul. V\u00e4hendab vabade radikaalide teket ja stimuleerib kollageeni s\u00fcnteesi, aeglustades vananemisprotsessi. V\u00e4hendab fotokahjustuste ja vanuselaikude esinemist ning on efektiivne akne vastu.<\/li>\n<\/ul>\n<ul>\n<li>RETINOIDI EETER \u2013 GRANACTIVE RETINOID (stabiilne, mitte\u00e4rritav A-vitamiini v\u00f5i retinoehappe derivaat): pakub m\u00e4rkimisv\u00e4\u00e4rset tulemust peente kortsude v\u00e4hendamisel. Null \u00e4rrituse v\u00f5i sensibiliseerimise t\u00f5ttu on see ohutu kasutada isegi silma\u00fcmbruse piirkonnas. Eemaldab vanuselaike ja silub epidermise pinda, andes n\u00e4ole nooruslikkust ja tervema v\u00e4limuse, pakkudes siledat, s\u00e4ravat nahka.<\/li>\n<\/ul>\n<p>N\u00c4IDUSTUSED:<\/p>\n<ul>\n<li>Vananemisvastane hooldus<\/li>\n<li>Peened jooned ja kortsud<\/li>\n<li>P\u00e4ikese- ja vanuselaigud<\/li>\n<\/ul>\n<p> **KASUTUSJUHEND:**<br \/>\nKasutatakse virtuaalse mesoteraapiaga, Enpitsu Plus v\u00f5i Enpitsu Derma Pen-iga.<\/p>\n<p>S\u00fcnergiline toime seadmetega ja transepidermaalsete manustamiss\u00fcsteemidega (mikroneedling, elektroporatsioon, iontoforees, ultraheli jne).<\/p>\n<p>Mitte s\u00fcstimiseks ja mitte k\u00e4sitsi kasutamiseks.<\/p>\n<p>Pakend: 5 x 5 ml<\/p>\n<p>EAN 8430085009117 5 x 5 ml<\/p>\n<p>KOOSTISOSAD: Vesi, Propaandiool, Naatriumaskorb\u00fc\u00fclfosfaat, Pol\u00fcsorbaat 20, Denatureeritud alkohol, H\u00fcdroks\u00fcpinaakoloon-retinoaat, Tetranaatriumglutamaatdiatsetaat, Dimet\u00fc\u00fcliisosorbiid, H\u00fcdroks\u00fcet\u00fc\u00fcltselluloos, Tselluloos, Isoprop\u00fc\u00fclalkohol, Naatriumatsetaat, Et\u00fc\u00fclheks\u00fc\u00fclgl\u00fctseriin, 1,2-heksaanidiol, Kapr\u00fc\u00fclgl\u00fckool, Fenoks\u00fcetanool, Sidrunhape.<\/p>\n","protected":false},"excerpt":{"rendered":"<p><span style=\"color: #ed1c24;\"><strong>Ei ole mu\u0308u\u0308giks ELis!<\/strong><\/span><\/p>\n<p>Kustutab peened kortsud, sealhulgas silma\u00fcmbruses. Eemaldab vanuselaike ja silub epidermise pinda, andes n\u00e4ole nooruslikkust ja tervema v\u00e4limuse, pakkudes siledat ja s\u00e4ravat nahka.<\/p>\n","protected":false},"featured_media":23833,"template":"","meta":{"_seopress_robots_primary_cat":"none","_seopress_titles_title":"","_seopress_titles_desc":"","_seopress_robots_index":""},"item":[],"product_cat":[155,1188,1122],"product_tag":[],"class_list":{"0":"post-23830","1":"product","2":"type-product","3":"status-publish","4":"has-post-thumbnail","6":"product_cat-mesoteraapia-et","7":"product_cat-nagu-et","8":"product_cat-mesotherapy-for-eyes-et","9":"pa_product_main_cat-professionaalne-hooldus","11":"first","12":"instock","13":"taxable","14":"shipping-taxable","15":"purchasable","16":"product-type-simple"},"_links":{"self":[{"href":"https:\/\/cutismedical.shop\/et\/wp-json\/wp\/v2\/product\/23830","targetHints":{"allow":["GET"]}}],"collection":[{"href":"https:\/\/cutismedical.shop\/et\/wp-json\/wp\/v2\/product"}],"about":[{"href":"https:\/\/cutismedical.shop\/et\/wp-json\/wp\/v2\/types\/product"}],"wp:featuredmedia":[{"embeddable":true,"href":"https:\/\/cutismedical.shop\/et\/wp-json\/wp\/v2\/media\/23833"}],"wp:attachment":[{"href":"https:\/\/cutismedical.shop\/et\/wp-json\/wp\/v2\/media?parent=23830"}],"wp:term":[{"taxonomy":"item","embeddable":true,"href":"https:\/\/cutismedical.shop\/et\/wp-json\/wp\/v2\/item?post=23830"},{"taxonomy":"product_cat","embeddable":true,"href":"https:\/\/cutismedical.shop\/et\/wp-json\/wp\/v2\/product_cat?post=23830"},{"taxonomy":"product_tag","embeddable":true,"href":"https:\/\/cutismedical.shop\/et\/wp-json\/wp\/v2\/product_tag?post=23830"}],"curies":[{"name":"wp","href":"https:\/\/api.w.org\/{rel}","templated":true}]}}