{"id":23800,"date":"2021-05-26T23:19:47","date_gmt":"2021-05-26T21:19:47","guid":{"rendered":"https:\/\/cutismedical.com\/shop\/maaratlemata\/utsukusy-koragen-facial-serum-10pcs-2ml\/"},"modified":"2024-11-13T00:36:44","modified_gmt":"2024-11-12T22:36:44","slug":"utsukusy-koragen-facial-serum-10pcs-2ml","status":"publish","type":"product","link":"https:\/\/cutismedical.shop\/et\/shop-es\/nahahooldus\/seerum-et-prof\/utsukusy-koragen-facial-serum-10pcs-2ml\/","title":{"rendered":"Utsukusy. Koragen n\u00e4oseerum (10 tk * 2 ml)"},"content":{"rendered":"<p><strong>Koostis:<\/strong> aktiivne kollageen + zirhafirm.<\/p>\n<p><strong>Eelised:<\/strong> parandab naha struktuuri.<\/p>\n<p>Vormib \u00fcmber n\u00e4oovaali. V\u00e4hendab stressi m\u00f5ju nahale.<\/p>\n<p>&nbsp;<\/p>\n","protected":false},"excerpt":{"rendered":"<p>Pinguldav seerum.<\/p>\n","protected":false},"featured_media":29919,"template":"","meta":{"_seopress_robots_primary_cat":"none","_seopress_titles_title":"","_seopress_titles_desc":"","_seopress_robots_index":""},"item":[],"product_cat":[1813,363,1910,1931,1849,1853,1858],"product_tag":[1885,1900],"class_list":{"0":"post-23800","1":"product","2":"type-product","3":"status-publish","4":"has-post-thumbnail","6":"product_cat-otstarve","7":"product_cat-seerum-et","8":"product_cat-nahahooldus","9":"product_cat-seerum-et-prof","10":"product_cat-nahahooldus-nahatuubi-jargi","11":"product_cat-kortsud","12":"product_cat-lotvunud-nahk","13":"product_tag-kortsud","14":"product_tag-lotvunud-nahk","16":"first","17":"instock","18":"taxable","19":"shipping-taxable","20":"purchasable","21":"product-type-simple"},"_links":{"self":[{"href":"https:\/\/cutismedical.shop\/et\/wp-json\/wp\/v2\/product\/23800","targetHints":{"allow":["GET"]}}],"collection":[{"href":"https:\/\/cutismedical.shop\/et\/wp-json\/wp\/v2\/product"}],"about":[{"href":"https:\/\/cutismedical.shop\/et\/wp-json\/wp\/v2\/types\/product"}],"wp:featuredmedia":[{"embeddable":true,"href":"https:\/\/cutismedical.shop\/et\/wp-json\/wp\/v2\/media\/29919"}],"wp:attachment":[{"href":"https:\/\/cutismedical.shop\/et\/wp-json\/wp\/v2\/media?parent=23800"}],"wp:term":[{"taxonomy":"item","embeddable":true,"href":"https:\/\/cutismedical.shop\/et\/wp-json\/wp\/v2\/item?post=23800"},{"taxonomy":"product_cat","embeddable":true,"href":"https:\/\/cutismedical.shop\/et\/wp-json\/wp\/v2\/product_cat?post=23800"},{"taxonomy":"product_tag","embeddable":true,"href":"https:\/\/cutismedical.shop\/et\/wp-json\/wp\/v2\/product_tag?post=23800"}],"curies":[{"name":"wp","href":"https:\/\/api.w.org\/{rel}","templated":true}]}}