{"id":23794,"date":"2021-05-26T20:50:21","date_gmt":"2021-05-26T18:50:21","guid":{"rendered":"https:\/\/cutismedical.com\/shop\/maaratlemata\/utsukusy-oxygen-facial-10pcs-2ml\/"},"modified":"2024-11-13T00:45:10","modified_gmt":"2024-11-12T22:45:10","slug":"utsukusy-oxygen-facial-10pcs-2ml","status":"publish","type":"product","link":"https:\/\/cutismedical.shop\/et\/shop-es\/nahahooldus\/seerum-et-prof\/utsukusy-oxygen-facial-10pcs-2ml\/","title":{"rendered":"Utsukusy. Hapnikuseerum n\u00e4ole (10 tk * 2 ml)"},"content":{"rendered":"<p><strong>PEAMISED AKTIIVSED KOOSTISOSAD:<\/strong><br \/>\n\u2022 2% Mandli\u00f5li: pehmendav ja toitev toime.<br \/>\n\u2022 2% Energen: aktiveerib rakke, suurendab ATP taset epidermises, aktiveerib metabolismi, suurendab hapniku taset, ennetab naha v\u00e4simust, parandab toonust, silub ebatasasusi ja suurendab niiskustasakaalu.<br \/>\n\u2022 0,1% Puhas naatriumh\u00fcaluronaat: pikaajaline niisutus, kaitsekile ja naha tekstuuri parandamine.<\/p>\n<p><strong>N\u00c4IDUSTUSED:<\/strong><br \/>\n\u2022 Toonimine ja tugevdamine.<br \/>\n\u2022 Niisutamine.<br \/>\n\u2022 Kollageeni tootmise stimuleerimine.<br \/>\n\u2022 Vabade radikaalide kahjustuste v\u00e4hendamine.<br \/>\n\u2022 Pooride ahendamine.<\/p>\n<p>Professionaalne toode.<\/p>\n<p>10 ampulli, iga\u00fcks 2 ml.<\/p>\n<p><strong>KASUTUSJUHEND:<\/strong><\/p>\n<ol>\n<li>Puhastage n\u00e4gu mustusest ja meigist.<\/li>\n<li>Kandke nahale Bijin puhastuskreem.<\/li>\n<li>Seej\u00e4rel kandke seerum n\u00e4ole, kaelale ja dekolteele.<\/li>\n<li>Kandke kreem \u00f5rnalt \u00fclespoole suunatud liigutustega.<\/li>\n<\/ol>\n<p>Sobib k\u00f5igile nahat\u00fc\u00fcpidele.<br \/>\nDermatoloogiliselt testitud.<br \/>\nEi sisalda GMO (geneetiliselt muundatud).<br \/>\nEi sisalda loomseid komponente (BSE-vaba).<br \/>\nParabeenivaba.<\/p>\n","protected":false},"excerpt":{"rendered":"<p><strong>OXYGEN BIOLOGIC<\/strong><br \/>\nAktiivne O2 transdermaalseks tungimiseks.<br \/>\nHapnikuteraapia on uuenduslik s\u00fcsteem, mis parandab ja uuendab nahka, andes v\u00f5i genereerides hapnikku dermis. Elustab kudesid &#8220;TRANSDERMILISE PERFUUSIOONI&#8221; kaudu.<\/p>\n","protected":false},"featured_media":33312,"template":"","meta":{"_seopress_robots_primary_cat":"none","_seopress_titles_title":"","_seopress_titles_desc":"","_seopress_robots_index":""},"item":[],"product_cat":[1813,363,1910,1931,1849,1858,1859],"product_tag":[1903,1900],"class_list":{"0":"post-23794","1":"product","2":"type-product","3":"status-publish","4":"has-post-thumbnail","6":"product_cat-otstarve","7":"product_cat-seerum-et","8":"product_cat-nahahooldus","9":"product_cat-seerum-et-prof","10":"product_cat-nahahooldus-nahatuubi-jargi","11":"product_cat-lotvunud-nahk","12":"product_cat-laienenud-poorid-ja-mustpead","13":"product_tag-laienenud-poorid-ja-mustpead","14":"product_tag-lotvunud-nahk","16":"first","17":"instock","18":"taxable","19":"shipping-taxable","20":"purchasable","21":"product-type-simple"},"_links":{"self":[{"href":"https:\/\/cutismedical.shop\/et\/wp-json\/wp\/v2\/product\/23794","targetHints":{"allow":["GET"]}}],"collection":[{"href":"https:\/\/cutismedical.shop\/et\/wp-json\/wp\/v2\/product"}],"about":[{"href":"https:\/\/cutismedical.shop\/et\/wp-json\/wp\/v2\/types\/product"}],"wp:featuredmedia":[{"embeddable":true,"href":"https:\/\/cutismedical.shop\/et\/wp-json\/wp\/v2\/media\/33312"}],"wp:attachment":[{"href":"https:\/\/cutismedical.shop\/et\/wp-json\/wp\/v2\/media?parent=23794"}],"wp:term":[{"taxonomy":"item","embeddable":true,"href":"https:\/\/cutismedical.shop\/et\/wp-json\/wp\/v2\/item?post=23794"},{"taxonomy":"product_cat","embeddable":true,"href":"https:\/\/cutismedical.shop\/et\/wp-json\/wp\/v2\/product_cat?post=23794"},{"taxonomy":"product_tag","embeddable":true,"href":"https:\/\/cutismedical.shop\/et\/wp-json\/wp\/v2\/product_tag?post=23794"}],"curies":[{"name":"wp","href":"https:\/\/api.w.org\/{rel}","templated":true}]}}