{"id":23788,"date":"2021-05-26T19:18:02","date_gmt":"2021-05-26T17:18:02","guid":{"rendered":"https:\/\/cutismedical.com\/shop\/maaratlemata\/utsukusy-carboxderm-10pcs-2ml\/"},"modified":"2024-11-13T00:53:55","modified_gmt":"2024-11-12T22:53:55","slug":"utsukusy-carboxderm-10pcs-2ml","status":"publish","type":"product","link":"https:\/\/cutismedical.shop\/et\/shop-es\/nahahooldus\/seerum-et-prof\/utsukusy-carboxderm-10pcs-2ml\/","title":{"rendered":"Utsukusy. Carboxderm (10 tk * 2 ml)"},"content":{"rendered":"<p><strong>PEAMISED AKTIIVSED KOOSTISOSAD:<\/strong><br \/>\nPropaandiool, saadud suhkruroost, omab niisutavaid, pehmendavaid ja lahustavaid omadusi. V\u00e4hendab \u00e4rritust.<br \/>\nNaatriumvesinikkarbonaat (NaHCO3): omab leelistavaid omadusi.<br \/>\nVitamiin E: antioks\u00fcdantne toime, v\u00e4ga t\u00f5hus vabade radikaalide vastu.<\/p>\n<p><strong>N\u00c4IDUSTUSED:<\/strong><br \/>\n\u2022 Tuhm v\u00f5i kollakas nahk<br \/>\n\u2022 Eluj\u00f5u puudumine<br \/>\n\u2022 Naha oks\u00fcdatsiooniprotsessid (saaste, suitsetamine jne)<\/p>\n<p>Professionaalne toode.<\/p>\n<p>10 ampulli, iga\u00fcks 2 ml.<\/p>\n<p><strong>KASUTUSJUHEND:<\/strong><\/p>\n<ol>\n<li>Puhastage n\u00e4gu mustusest ja meigist.<\/li>\n<li>Kandke nahale Bijin puhastuskreem.<\/li>\n<li>Seej\u00e4rel kandke seerum n\u00e4ole, kaelale ja dekolteele.<\/li>\n<li>Kandke kreem \u00f5rnalt \u00fclespoole suunatud liigutustega.<\/li>\n<\/ol>\n<p>Sobib k\u00f5igile nahat\u00fc\u00fcpidele.<br \/>\nDermatoloogiliselt testitud.<br \/>\nEi sisalda GMO (geneetiliselt muundatud).<br \/>\nEi sisalda loomseid komponente (BSE-vaba).<br \/>\nParabeenivaba.<\/p>\n","protected":false},"excerpt":{"rendered":"<p><strong>CARBOXDERM BIOLOGIC<\/strong><br \/>\nAktiivne CO2 transdermaalseks tungimiseks.<br \/>\nKarboks\u00fcteraapia on CO2 kasutamisel p\u00f5hinev ravi, mille eesm\u00e4rk on saavutada terapeutiline ja esteetiline paranemine. CO2 toimib vasodilataatorina mikrotsirkulatsioonile, taastades s\u00e4ra, oks\u00fcgeneerides kudesid ja elustades rakke.<\/p>\n","protected":false},"featured_media":33302,"template":"","meta":{"_seopress_robots_primary_cat":"none","_seopress_titles_title":"","_seopress_titles_desc":"","_seopress_robots_index":""},"item":[],"product_cat":[1813,363,1910,1931,1849,1852,1853,1858],"product_tag":[1885,1882,1900],"class_list":{"0":"post-23788","1":"product","2":"type-product","3":"status-publish","4":"has-post-thumbnail","6":"product_cat-otstarve","7":"product_cat-seerum-et","8":"product_cat-nahahooldus","9":"product_cat-seerum-et-prof","10":"product_cat-nahahooldus-nahatuubi-jargi","11":"product_cat-kuiv-veetustunud-nahk","12":"product_cat-kortsud","13":"product_cat-lotvunud-nahk","14":"product_tag-kortsud","15":"product_tag-kuiv-veetustunud-nahk","16":"product_tag-lotvunud-nahk","18":"first","19":"instock","20":"taxable","21":"shipping-taxable","22":"purchasable","23":"product-type-simple"},"_links":{"self":[{"href":"https:\/\/cutismedical.shop\/et\/wp-json\/wp\/v2\/product\/23788","targetHints":{"allow":["GET"]}}],"collection":[{"href":"https:\/\/cutismedical.shop\/et\/wp-json\/wp\/v2\/product"}],"about":[{"href":"https:\/\/cutismedical.shop\/et\/wp-json\/wp\/v2\/types\/product"}],"wp:featuredmedia":[{"embeddable":true,"href":"https:\/\/cutismedical.shop\/et\/wp-json\/wp\/v2\/media\/33302"}],"wp:attachment":[{"href":"https:\/\/cutismedical.shop\/et\/wp-json\/wp\/v2\/media?parent=23788"}],"wp:term":[{"taxonomy":"item","embeddable":true,"href":"https:\/\/cutismedical.shop\/et\/wp-json\/wp\/v2\/item?post=23788"},{"taxonomy":"product_cat","embeddable":true,"href":"https:\/\/cutismedical.shop\/et\/wp-json\/wp\/v2\/product_cat?post=23788"},{"taxonomy":"product_tag","embeddable":true,"href":"https:\/\/cutismedical.shop\/et\/wp-json\/wp\/v2\/product_tag?post=23788"}],"curies":[{"name":"wp","href":"https:\/\/api.w.org\/{rel}","templated":true}]}}