{"id":23768,"date":"2021-05-26T18:17:44","date_gmt":"2021-05-26T16:17:44","guid":{"rendered":"https:\/\/cutismedical.com\/shop\/maaratlemata\/utsukusy-hyal-filler-cocktail-5pcs-5ml\/"},"modified":"2024-11-13T01:07:22","modified_gmt":"2024-11-12T23:07:22","slug":"utsukusy-hyal-filler-cocktail-5pcs-5ml","status":"publish","type":"product","link":"https:\/\/cutismedical.shop\/et\/shop-es\/nahahooldus\/seerum-et-prof\/utsukusy-hyal-filler-cocktail-5pcs-5ml\/","title":{"rendered":"Utsukusy. Hyal Filler kokteil (5 tk * 5 ml)"},"content":{"rendered":"<p><strong>KOOSTIS:<\/strong><\/p>\n<ul>\n<li>ristsidemetega h\u00fcaluroonhape<\/li>\n<\/ul>\n<p><strong>N\u00c4IDUSTUSED:<\/strong><\/p>\n<ul>\n<li>Kortsude t\u00e4itmine<\/li>\n<li>Huulte mahu suurendamine, profileerimine ja niisutamine<\/li>\n<li>P\u00f5sed<\/li>\n<li>V\u00e4ljendunud nasolabiaalvagu<\/li>\n<li>Perioraalsed piirkonnad<\/li>\n<li>Marionetijooned<\/li>\n<li>K\u00e4ed<\/li>\n<\/ul>\n<p><strong>KASUTUSJUHEND:<\/strong><\/p>\n<p>Kasutatakse virtuaalse mesoteraapiaga, Enpitsu Plus v\u00f5i Enpitsu Derma Pen-iga.<\/p>\n<p>K\u00f5rgekvaliteediline ristsidemetega h\u00fcaluroonhape.<\/p>\n<p>Filler on m\u00f5eldud pindmiste kuni s\u00fcgavate kortsude silumiseks, huulte t\u00e4itmiseks ja n\u00e4o mahu ja kontuuride loomiseks\/taastamiseks. \u00dchefaasiline (ei sisalda vaba h\u00fcaluroonhapet), loomse p\u00e4ritoluta, t\u00e4ielikult imenduv. Integreerub nahka ideaalselt. \u00dchtlase ristsidumise protsessi ja 100% h\u00fcaluroonhappe ahelate abil saavutatakse pikem vastupidavus ja lagunemiskindlus.<\/p>\n","protected":false},"excerpt":{"rendered":"<p>H\u00fcaluroonhape l\u00e4bib puhastusprotsessi, mis v\u00f5imaldab minimeerida j\u00e4\u00e4k-BDDE tasemeid, tagades maksimaalse puhtuse.<\/p>\n","protected":false},"featured_media":23766,"template":"","meta":{"_seopress_robots_primary_cat":"none","_seopress_titles_title":"","_seopress_titles_desc":"","_seopress_robots_index":""},"item":[],"product_cat":[155,1188,1910,1931],"product_tag":[],"class_list":{"0":"post-23768","1":"product","2":"type-product","3":"status-publish","4":"has-post-thumbnail","6":"product_cat-mesoteraapia-et","7":"product_cat-nagu-et","8":"product_cat-nahahooldus","9":"product_cat-seerum-et-prof","11":"first","12":"instock","13":"taxable","14":"shipping-taxable","15":"purchasable","16":"product-type-simple"},"_links":{"self":[{"href":"https:\/\/cutismedical.shop\/et\/wp-json\/wp\/v2\/product\/23768","targetHints":{"allow":["GET"]}}],"collection":[{"href":"https:\/\/cutismedical.shop\/et\/wp-json\/wp\/v2\/product"}],"about":[{"href":"https:\/\/cutismedical.shop\/et\/wp-json\/wp\/v2\/types\/product"}],"wp:featuredmedia":[{"embeddable":true,"href":"https:\/\/cutismedical.shop\/et\/wp-json\/wp\/v2\/media\/23766"}],"wp:attachment":[{"href":"https:\/\/cutismedical.shop\/et\/wp-json\/wp\/v2\/media?parent=23768"}],"wp:term":[{"taxonomy":"item","embeddable":true,"href":"https:\/\/cutismedical.shop\/et\/wp-json\/wp\/v2\/item?post=23768"},{"taxonomy":"product_cat","embeddable":true,"href":"https:\/\/cutismedical.shop\/et\/wp-json\/wp\/v2\/product_cat?post=23768"},{"taxonomy":"product_tag","embeddable":true,"href":"https:\/\/cutismedical.shop\/et\/wp-json\/wp\/v2\/product_tag?post=23768"}],"curies":[{"name":"wp","href":"https:\/\/api.w.org\/{rel}","templated":true}]}}