{"id":23594,"date":"2021-05-16T21:15:58","date_gmt":"2021-05-16T19:15:58","guid":{"rendered":"https:\/\/cutismedical.com\/shop\/maaratlemata\/utsukusy-depigmenting-cocktail-5pcs-5ml\/"},"modified":"2024-11-13T19:50:39","modified_gmt":"2024-11-13T17:50:39","slug":"utsukusy-depigmenting-cocktail-5pcs-5ml","status":"publish","type":"product","link":"https:\/\/cutismedical.shop\/et\/shop-es\/mesoteraapia-et\/nagu-et\/utsukusy-depigmenting-cocktail-5pcs-5ml\/","title":{"rendered":"Utsukusy. Depigmenteeriv kokteil (5 tk * 5 ml)"},"content":{"rendered":"<p>KOOSTIS:<\/p>\n<ul>\n<li>4% Melavoid<\/li>\n<li>5% Niasiiniamiid<\/li>\n<\/ul>\n<p>N\u00c4IDUSTUSED:<\/p>\n<ul>\n<li>Antioks\u00fcdantne toime<\/li>\n<li>Melasma<\/li>\n<li>Tuhm jume<\/li>\n<\/ul>\n<p>T\u00d6\u00d6DELDAVAD PIIRKONNAD: n\u00e4gu, kael, dekoltee ja k\u00e4eseljad.<\/p>\n<p>ESITLUS: 5 x 5 ml<\/p>\n","protected":false},"excerpt":{"rendered":"<p>V\u00f5imas aktiivsete koostisosade kombinatsioon valgendava toimega, mis korrigeerib pigmenteerimish\u00e4ireid ja omab antioks\u00fcdantset toimet. Selle valem, mis p\u00e4rsib t\u00fcrosinaasi, peatab melaniini s\u00fcnteesi, \u00fchtlustab m\u00e4rgatavalt naha tooni ja taastab sellele s\u00e4ra ja eluj\u00f5u.<\/p>\n","protected":false},"featured_media":23592,"template":"","meta":{"_seopress_robots_primary_cat":"none","_seopress_titles_title":"","_seopress_titles_desc":"","_seopress_robots_index":""},"item":[],"product_cat":[155,1188,1870],"product_tag":[1897],"class_list":{"0":"post-23594","1":"product","2":"type-product","3":"status-publish","4":"has-post-thumbnail","6":"product_cat-mesoteraapia-et","7":"product_cat-nagu-et","8":"product_cat-pigmentatsioon","9":"product_tag-pigmendilaigud","10":"pa_product_main_cat-professionaalne-hooldus","12":"first","13":"instock","14":"taxable","15":"shipping-taxable","16":"purchasable","17":"product-type-simple"},"_links":{"self":[{"href":"https:\/\/cutismedical.shop\/et\/wp-json\/wp\/v2\/product\/23594","targetHints":{"allow":["GET"]}}],"collection":[{"href":"https:\/\/cutismedical.shop\/et\/wp-json\/wp\/v2\/product"}],"about":[{"href":"https:\/\/cutismedical.shop\/et\/wp-json\/wp\/v2\/types\/product"}],"wp:featuredmedia":[{"embeddable":true,"href":"https:\/\/cutismedical.shop\/et\/wp-json\/wp\/v2\/media\/23592"}],"wp:attachment":[{"href":"https:\/\/cutismedical.shop\/et\/wp-json\/wp\/v2\/media?parent=23594"}],"wp:term":[{"taxonomy":"item","embeddable":true,"href":"https:\/\/cutismedical.shop\/et\/wp-json\/wp\/v2\/item?post=23594"},{"taxonomy":"product_cat","embeddable":true,"href":"https:\/\/cutismedical.shop\/et\/wp-json\/wp\/v2\/product_cat?post=23594"},{"taxonomy":"product_tag","embeddable":true,"href":"https:\/\/cutismedical.shop\/et\/wp-json\/wp\/v2\/product_tag?post=23594"}],"curies":[{"name":"wp","href":"https:\/\/api.w.org\/{rel}","templated":true}]}}