{"id":23581,"date":"2021-05-16T20:10:03","date_gmt":"2021-05-16T18:10:03","guid":{"rendered":"https:\/\/cutismedical.com\/shop\/maaratlemata\/utsukusy-collagen-cocktail-5pcs-5ml\/"},"modified":"2024-11-13T19:56:59","modified_gmt":"2024-11-13T17:56:59","slug":"utsukusy-collagen-cocktail-5pcs-5ml","status":"publish","type":"product","link":"https:\/\/cutismedical.shop\/et\/shop-es\/mesoteraapia-et\/nagu-et\/utsukusy-collagen-cocktail-5pcs-5ml\/","title":{"rendered":"Utsukusy. Kollageenikokteil (5 tk * 5 ml)"},"content":{"rendered":"<p><strong>KOOSTIS:<\/strong><\/p>\n<ul>\n<li>3% Gelita<\/li>\n<li>2% H\u00fcdrol\u00fc\u00fcsitud merekollageen<\/li>\n<\/ul>\n<p><strong>N\u00c4IDUSTUSED:<\/strong><\/p>\n<ul>\n<li>Naha taastamine<\/li>\n<li>N\u00e4oovaali taastamine<\/li>\n<li>Kortsude korrigeerimine ja ennetamine<\/li>\n<li>Superniisutamine<\/li>\n<\/ul>\n<p><strong>T\u00d6\u00d6DELDAVAD PIIRKONNAD:<\/strong> n\u00e4gu, kael, dekoltee ja k\u00e4eseljad.<br \/>\n<strong>ESITLUS:<\/strong> 5 x 5 ml<\/p>\n","protected":false},"excerpt":{"rendered":"<p>Intensiivse pinguldava toimega, m\u00f5eldud naha tugevuse taastamiseks ja vananemise m\u00f5jude vastu v\u00f5itlemiseks n\u00e4ol. Stimuleerib kollageeni ja fibroblastide tootmist piirkondades, kus on kaotatud turgor.<\/p>\n","protected":false},"featured_media":23578,"template":"","meta":{"_seopress_robots_primary_cat":"none","_seopress_titles_title":"","_seopress_titles_desc":"","_seopress_robots_index":""},"item":[],"product_cat":[155,1188,1866],"product_tag":[],"class_list":{"0":"post-23581","1":"product","2":"type-product","3":"status-publish","4":"has-post-thumbnail","6":"product_cat-mesoteraapia-et","7":"product_cat-nagu-et","8":"product_cat-liftingu-efekt-pinguldav-toime","9":"pa_product_main_cat-professionaalne-hooldus","11":"first","12":"instock","13":"taxable","14":"shipping-taxable","15":"purchasable","16":"product-type-simple"},"_links":{"self":[{"href":"https:\/\/cutismedical.shop\/et\/wp-json\/wp\/v2\/product\/23581","targetHints":{"allow":["GET"]}}],"collection":[{"href":"https:\/\/cutismedical.shop\/et\/wp-json\/wp\/v2\/product"}],"about":[{"href":"https:\/\/cutismedical.shop\/et\/wp-json\/wp\/v2\/types\/product"}],"wp:featuredmedia":[{"embeddable":true,"href":"https:\/\/cutismedical.shop\/et\/wp-json\/wp\/v2\/media\/23578"}],"wp:attachment":[{"href":"https:\/\/cutismedical.shop\/et\/wp-json\/wp\/v2\/media?parent=23581"}],"wp:term":[{"taxonomy":"item","embeddable":true,"href":"https:\/\/cutismedical.shop\/et\/wp-json\/wp\/v2\/item?post=23581"},{"taxonomy":"product_cat","embeddable":true,"href":"https:\/\/cutismedical.shop\/et\/wp-json\/wp\/v2\/product_cat?post=23581"},{"taxonomy":"product_tag","embeddable":true,"href":"https:\/\/cutismedical.shop\/et\/wp-json\/wp\/v2\/product_tag?post=23581"}],"curies":[{"name":"wp","href":"https:\/\/api.w.org\/{rel}","templated":true}]}}