{"id":23511,"date":"2021-05-09T00:11:09","date_gmt":"2021-05-08T22:11:09","guid":{"rendered":"https:\/\/cutismedical.com\/shop\/maaratlemata\/mesoestetic-dermamelan-intimate-pack\/"},"modified":"2024-11-13T23:21:06","modified_gmt":"2024-11-13T21:21:06","slug":"mesoestetic-dermamelan-intimate-pack","status":"publish","type":"product","link":"https:\/\/cutismedical.shop\/et\/shop-es\/keemilised-piilingud-et\/mesoestetic-dermamelan-intimate-pack\/","title":{"rendered":"Mesoestetic. Dermamelan Intimate komplekt"},"content":{"rendered":"<p><strong>PROTOKOLL KLIINIKUS<\/strong><\/p>\n<ol>\n<li>faas: intensiivne professionaalne depigmenteerimine<br \/>\nPuhastage eelnevalt ala marli ja sooja veega.<\/li>\n<\/ol>\n<ul>\n<li>Samm 1: Kandke mesolips-kaitse limaskestale, v\u00e4ikestele h\u00e4bememokkadele ja nende v\u00e4lisalale, et v\u00e4ltida lahuse levikut.<\/li>\n<li>Samm 2: Kandke dermamelan intimate koorija (4 ml) t\u00f6\u00f6deldavale alale ja jagage \u00fchtlaselt vatipulga v\u00f5i pintsliga. Maksimaalsete tulemuste saavutamiseks soovitatakse kanda mitu kihti kuni toote t\u00e4ieliku \u00e4rakasutamiseni.<br \/>\nSoovitatav kokkupuuteaeg: 7 minutit<br \/>\nSoovitatav pealekandmise j\u00e4rjekord: reite sisek\u00fclg, h\u00e4bemem\u00e4gi, kubemepiirkonnad, suured h\u00e4bememokad ja p\u00e4raku\u00fcmbrus. Eemaldage toode pealekandmise vastupidises j\u00e4rjekorras.<\/li>\n<li>Samm 3: Kandke post-peeling neutraliseeriv sprei. J\u00e4\u00e4kide korral eemaldage need niiske marliga ja kuivatage \u00f5rnalt.<\/li>\n<li>Samm 4: Kandke t\u00f6\u00f6deldavale alale 3-4 mm paksune kiht dermamelan intimate maski (7 ml) kasutades spaatlit. Vajadusel kandke uuesti mesolips-kaitset. Toode peaks j\u00e4\u00e4ma nahaga kokkupuutesse 2 tunniks.<\/li>\n<li>Samm 5: Paigaldage dermamelan intimate okklusioonkile t\u00f6\u00f6deldud alale, et soodustada toimeainete toimet. Kile loob okklusioonefekti ja v\u00e4ldib toote liikumist t\u00f6\u00f6deldud piirkonnast v\u00e4lja. Komplekti kuuluvate \u00fchekordsete p\u00fckste kasutamine hoiab \u00e4ra toote m\u00e4\u00e4rimise ja\/v\u00f5i liikumise.<\/li>\n<\/ul>\n<p><strong>KODUNE KASUTUSRE\u017dIIM<\/strong><\/p>\n<ol start=\"2\">\n<li>faas: pidev depigmenteerimine<\/li>\n<\/ol>\n<ul>\n<li>Samm 1: Eemaldage dermamelan intimate okklusioonkile ja dermamelan intimate mask kaks tundi p\u00e4rast kasutamist kliinikus. Eemaldage mask rohke sooja veega, kasutades intiimpuhastusgeeli sobiva pH-ga.<\/li>\n<li>Samm 2: Kandke kristallkiust intiimmask t\u00f6\u00f6deldud alale. Soovitatav on asetada see r\u00e4tikuga kaitstud pinnale. J\u00e4tke mask 10-15 minutiks peale.<\/li>\n<li>Samm 3: Kandke dermamelan intimate kodune depigmenteeriv geel-kreem \u00f5htul, 48 tundi p\u00e4rast protokolli l\u00f5petamist kliinikus. Katke t\u00f6\u00f6deldav ala \u00fchtlaselt. Soovitatav on intiimpiirkonna kaitsmiseks kasutada h\u00fcgieenisidet. Kasutamise kestus m\u00e4\u00e4ratakse arsti poolt.<\/li>\n<\/ul>\n","protected":false},"excerpt":{"rendered":"<h4><span style=\"color: #ed1c24;\"><strong>Ei ole mu\u0308u\u0308giks ELis!<\/strong><\/span><\/h4>\n<p>Professionaalne depigmenteerimismeetod intiimpiirkonnale. Spetsiaalselt v\u00e4lja t\u00f6\u00f6tatud genitaal-perineaal-, p\u00e4raku\u00fcmbruspiirkonnale, h\u00e4bemem\u00e4ele, reite sisek\u00fcljele ja kubemele. Unikaalne oma topelt, intensiivse korrigeeriva toime poolest, mis reguleerib pigmentatsiooni puudusi. Tulemused on n\u00e4htavad juba p\u00e4rast \u00fchte kliinilist protseduuri. V\u00e4lja t\u00f6\u00f6tatud koost\u00f6\u00f6s spetsialiseerunud g\u00fcnekoloogidega.<\/p>\n","protected":false},"featured_media":23507,"template":"","meta":{"_seopress_robots_primary_cat":"","_seopress_titles_title":"","_seopress_titles_desc":"","_seopress_robots_index":""},"item":[1756],"product_cat":[153],"product_tag":[],"class_list":{"0":"post-23511","1":"product","2":"type-product","3":"status-publish","4":"has-post-thumbnail","6":"item-mesoestetic-et","7":"product_cat-keemilised-piilingud-et","8":"pa_product_main_cat-professionaalne-hooldus","10":"first","11":"instock","12":"taxable","13":"shipping-taxable","14":"purchasable","15":"product-type-variable"},"_links":{"self":[{"href":"https:\/\/cutismedical.shop\/et\/wp-json\/wp\/v2\/product\/23511","targetHints":{"allow":["GET"]}}],"collection":[{"href":"https:\/\/cutismedical.shop\/et\/wp-json\/wp\/v2\/product"}],"about":[{"href":"https:\/\/cutismedical.shop\/et\/wp-json\/wp\/v2\/types\/product"}],"wp:featuredmedia":[{"embeddable":true,"href":"https:\/\/cutismedical.shop\/et\/wp-json\/wp\/v2\/media\/23507"}],"wp:attachment":[{"href":"https:\/\/cutismedical.shop\/et\/wp-json\/wp\/v2\/media?parent=23511"}],"wp:term":[{"taxonomy":"item","embeddable":true,"href":"https:\/\/cutismedical.shop\/et\/wp-json\/wp\/v2\/item?post=23511"},{"taxonomy":"product_cat","embeddable":true,"href":"https:\/\/cutismedical.shop\/et\/wp-json\/wp\/v2\/product_cat?post=23511"},{"taxonomy":"product_tag","embeddable":true,"href":"https:\/\/cutismedical.shop\/et\/wp-json\/wp\/v2\/product_tag?post=23511"}],"curies":[{"name":"wp","href":"https:\/\/api.w.org\/{rel}","templated":true}]}}