{"id":23499,"date":"2021-05-08T23:55:06","date_gmt":"2021-05-08T21:55:06","guid":{"rendered":"https:\/\/cutismedical.com\/shop\/maaratlemata\/mesoestetic-cosmelan-pack\/"},"modified":"2024-11-13T23:26:58","modified_gmt":"2024-11-13T21:26:58","slug":"mesoestetic-cosmelan-pack","status":"publish","type":"product","link":"https:\/\/cutismedical.shop\/et\/shop-es\/otstarve\/kreem-et\/mesoestetic-cosmelan-pack\/","title":{"rendered":"Mesoestetic. Cosmelan komplekt (1 komplekt * 5 eset)"},"content":{"rendered":"<h4 class=\"title\"><span style=\"font-size: 110%;\"><strong>Mis on cosmelan\u00ae?<\/strong><\/span><\/h4>\n<p> <strong>cosmelan\u00ae<\/strong> on maailmas juhtiv professionaalne depigmenteerimise meetod, mis on m\u00f5eldud k\u00f5ige raskemate ja p\u00fcsivamate pigmendilaikude raviks.<br \/>\nSuurep\u00e4rased tulemused nii l\u00fchikeses kui ka pikas perspektiivis t\u00e4nu unikaalsele <strong>topeltm\u00f5jumehhanismile: korrigeeriv ja reguleeriv<\/strong>. \u00dchelt poolt eemaldab see n\u00e4htava laigu ja samal ajal m\u00f5jutab probleemi allikat, reguleerides liigset pigmentatsiooni tootmist ja v\u00e4ltides selle taasilmumist.<\/p>\n<p><a href=\"https:\/\/cutismedical.com\/wp-content\/uploads\/2021\/05\/prof-1.jpg\"><img loading=\"lazy\" decoding=\"async\" class=\"alignnone size-full wp-image-30686\" src=\"https:\/\/cutismedical.com\/wp-content\/uploads\/2021\/05\/prof-1.jpg\" alt=\"\" width=\"779\" height=\"412\" srcset=\"https:\/\/cutismedical.shop\/wp-content\/uploads\/2021\/05\/prof-1.jpg 779w, https:\/\/cutismedical.shop\/wp-content\/uploads\/2021\/05\/prof-1-150x79.jpg 150w, https:\/\/cutismedical.shop\/wp-content\/uploads\/2021\/05\/prof-1-592x313.jpg 592w, https:\/\/cutismedical.shop\/wp-content\/uploads\/2021\/05\/prof-1-756x400.jpg 756w, https:\/\/cutismedical.shop\/wp-content\/uploads\/2021\/05\/prof-1-768x406.jpg 768w, https:\/\/cutismedical.shop\/wp-content\/uploads\/2021\/05\/prof-1-510x270.jpg 510w\" sizes=\"auto, (max-width: 779px) 100vw, 779px\" \/><\/a><\/p>\n<p>cosmelan\u00ae on professionaalne depigmenteerimise meetod, mis eemaldab t\u00e4ielikult k\u00f5ige raskemad ja vastupidavamad pigmendilaigud maksimaalse t\u00f5hususe ja ohutusega.<\/p>\n<p><strong>cosmelan\u00ae meetod on ainulaadne kombinatsioon t\u00f5estatult t\u00f5husatest aktiivainetest, mis pakuvad ainulaadset ja topelttoimet l\u00fchi- ja pikaajaliste tulemuste saavutamiseks:<\/strong><\/p>\n<p>Korrigeeriv toime: eemaldab n\u00e4htavalt ja pehmendab laike.<br \/>\nReguleeriv toime: reguleerib liigset pigmentatsiooni, et v\u00e4ltida laikude taasilmumist.<br \/>\nOnline-m\u00fc\u00fck ei ole lubatud, meetodit peab rakendama esteetilise konsultatsiooni raames. Lisateavet saate oma mesoestetic\u00ae keskuses.<\/p>\n<p><a href=\"https:\/\/cutismedical.com\/wp-content\/uploads\/2021\/05\/prof-angl-scaled.jpg\"><img loading=\"lazy\" decoding=\"async\" class=\"alignnone size-full wp-image-30689\" src=\"https:\/\/cutismedical.com\/wp-content\/uploads\/2021\/05\/prof-angl-scaled.jpg\" alt=\"\" width=\"1200\" height=\"466\" srcset=\"https:\/\/cutismedical.shop\/wp-content\/uploads\/2021\/05\/prof-angl-scaled.jpg 1200w, https:\/\/cutismedical.shop\/wp-content\/uploads\/2021\/05\/prof-angl-scaled-150x58.jpg 150w, https:\/\/cutismedical.shop\/wp-content\/uploads\/2021\/05\/prof-angl-scaled-592x230.jpg 592w, https:\/\/cutismedical.shop\/wp-content\/uploads\/2021\/05\/prof-angl-800x311.jpg 800w, https:\/\/cutismedical.shop\/wp-content\/uploads\/2021\/05\/prof-angl-1400x544.jpg 1400w, https:\/\/cutismedical.shop\/wp-content\/uploads\/2021\/05\/prof-angl-768x299.jpg 768w, https:\/\/cutismedical.shop\/wp-content\/uploads\/2021\/05\/prof-angl-1536x597.jpg 1536w, https:\/\/cutismedical.shop\/wp-content\/uploads\/2021\/05\/prof-angl-510x198.jpg 510w\" sizes=\"auto, (max-width: 1200px) 100vw, 1200px\" \/><\/a><\/p>\n","protected":false},"excerpt":{"rendered":"<h4><span style=\"color: #ed1c24;\"><strong>Ei ole mu\u0308u\u0308giks ELis!<\/strong><\/span><\/h4>\n<p>1 x Mesoestetic Oil Removing Solution 10 ml<br \/>\n1 x Mesoestetic Cosmelan 1 Mask 10 ml<br \/>\n1 x Mesoestetic Cosmelan 2 Cream 30 ml<br \/>\n1 x Mesoestetic Melan Recovery 50 ml<br \/>\n1 x Mesoestetic Melan Pigment Control SPF130+ 50 ml<\/p>\n","protected":false},"featured_media":30652,"template":"","meta":{"_seopress_robots_primary_cat":"","_seopress_titles_title":"","_seopress_titles_desc":"","_seopress_robots_index":""},"item":[1756],"product_cat":[152,151],"product_tag":[1897],"class_list":{"0":"post-23499","1":"product","2":"type-product","3":"status-publish","4":"has-post-thumbnail","6":"item-mesoestetic-et","7":"product_cat-maskid-et","8":"product_cat-kreem-et","9":"product_tag-pigmendilaigud","10":"pa_product_main_cat-professionaalne-hooldus","12":"first","13":"instock","14":"taxable","15":"shipping-taxable","16":"purchasable","17":"product-type-variable"},"_links":{"self":[{"href":"https:\/\/cutismedical.shop\/et\/wp-json\/wp\/v2\/product\/23499","targetHints":{"allow":["GET"]}}],"collection":[{"href":"https:\/\/cutismedical.shop\/et\/wp-json\/wp\/v2\/product"}],"about":[{"href":"https:\/\/cutismedical.shop\/et\/wp-json\/wp\/v2\/types\/product"}],"wp:featuredmedia":[{"embeddable":true,"href":"https:\/\/cutismedical.shop\/et\/wp-json\/wp\/v2\/media\/30652"}],"wp:attachment":[{"href":"https:\/\/cutismedical.shop\/et\/wp-json\/wp\/v2\/media?parent=23499"}],"wp:term":[{"taxonomy":"item","embeddable":true,"href":"https:\/\/cutismedical.shop\/et\/wp-json\/wp\/v2\/item?post=23499"},{"taxonomy":"product_cat","embeddable":true,"href":"https:\/\/cutismedical.shop\/et\/wp-json\/wp\/v2\/product_cat?post=23499"},{"taxonomy":"product_tag","embeddable":true,"href":"https:\/\/cutismedical.shop\/et\/wp-json\/wp\/v2\/product_tag?post=23499"}],"curies":[{"name":"wp","href":"https:\/\/api.w.org\/{rel}","templated":true}]}}