{"id":23317,"date":"2021-04-28T12:49:17","date_gmt":"2021-04-28T10:49:17","guid":{"rendered":"https:\/\/cutismedical.com\/shop\/maaratlemata\/belotero-revive-1pcs-1ml\/"},"modified":"2024-11-14T00:15:59","modified_gmt":"2024-11-13T22:15:59","slug":"belotero-revive-1pcs-1ml","status":"publish","type":"product","link":"https:\/\/cutismedical.shop\/et\/shop-es\/biorevitalisant-et\/belotero-revive-1pcs-1ml\/","title":{"rendered":"Belotero. Revive \/ (1 tk * 1 ml)"},"content":{"rendered":"<p>See naha booster parandab naha elastsust ja tugevust ning silub peeneid ja pindmisi jooni. Belotero Revive sisaldab gl\u00fctserooli ja h\u00fcaluroonhapet, mis aitab v\u00e4hendada kortsude teket ja taastab naha struktuuri noorusliku v\u00e4ljan\u00e4gemise saavutamiseks.<\/p>\n<p><strong>Komplekt sisaldab:<\/strong><\/p>\n<ul>\n<li>1 x 1 ml s\u00fcstal<\/li>\n<\/ul>\n<p><strong>Belotero Balance&#8217;i eelised:<\/strong><\/p>\n<p><strong>Kui kaua kestab tulemus?<\/strong><\/p>\n<p>Tulemuse kestus s\u00f5ltub inimese elustiilist, vanusest ja nahat\u00fc\u00fcbist.<\/p>\n<p><strong>Belotero Revive<\/strong> on uusima p\u00f5lvkonna niisutusvahend turul t\u00e4nu koostisosadele \u2014 <strong>h\u00fcaluroonhape ja gl\u00fctserool<\/strong>.<\/p>\n","protected":false},"excerpt":{"rendered":"<p><span style=\"color: #d83131;\"><strong>Ei ole mu\u0308u\u0308giks ELis!<\/strong><\/span><\/p>\n<p>Belotero Revive sobib ideaalselt k\u00fcpsemale nahale s\u00fcgava niisutuse tagamiseks naha s\u00fcgavamates kihtides.<\/p>\n","protected":false},"featured_media":23315,"template":"","meta":{"_seopress_robots_primary_cat":"none","_seopress_titles_title":"","_seopress_titles_desc":"","_seopress_robots_index":""},"item":[1240],"product_cat":[315],"product_tag":[],"class_list":{"0":"post-23317","1":"product","2":"type-product","3":"status-publish","4":"has-post-thumbnail","6":"item-belotero-et-2","7":"product_cat-biorevitalisant-et","8":"pa_product_main_cat-professionaalne-hooldus","10":"first","11":"instock","12":"taxable","13":"shipping-taxable","14":"purchasable","15":"product-type-simple"},"_links":{"self":[{"href":"https:\/\/cutismedical.shop\/et\/wp-json\/wp\/v2\/product\/23317","targetHints":{"allow":["GET"]}}],"collection":[{"href":"https:\/\/cutismedical.shop\/et\/wp-json\/wp\/v2\/product"}],"about":[{"href":"https:\/\/cutismedical.shop\/et\/wp-json\/wp\/v2\/types\/product"}],"wp:featuredmedia":[{"embeddable":true,"href":"https:\/\/cutismedical.shop\/et\/wp-json\/wp\/v2\/media\/23315"}],"wp:attachment":[{"href":"https:\/\/cutismedical.shop\/et\/wp-json\/wp\/v2\/media?parent=23317"}],"wp:term":[{"taxonomy":"item","embeddable":true,"href":"https:\/\/cutismedical.shop\/et\/wp-json\/wp\/v2\/item?post=23317"},{"taxonomy":"product_cat","embeddable":true,"href":"https:\/\/cutismedical.shop\/et\/wp-json\/wp\/v2\/product_cat?post=23317"},{"taxonomy":"product_tag","embeddable":true,"href":"https:\/\/cutismedical.shop\/et\/wp-json\/wp\/v2\/product_tag?post=23317"}],"curies":[{"name":"wp","href":"https:\/\/api.w.org\/{rel}","templated":true}]}}