{"id":23077,"date":"2021-04-21T12:49:30","date_gmt":"2021-04-21T10:49:30","guid":{"rendered":"https:\/\/cutismedical.com\/shop\/maaratlemata\/toskani-hair-cocktail-plus-10-10ml\/"},"modified":"2025-08-25T18:57:04","modified_gmt":"2025-08-25T16:57:04","slug":"toskani-hair-cocktail-plus-10-10ml","status":"publish","type":"product","link":"https:\/\/cutismedical.shop\/et\/shop-es\/mesoteraapia-et\/hair-et\/toskani-hair-cocktail-plus-10-10ml\/","title":{"rendered":"Toskani. Hair Cocktail Plus (10 ampulli * 10 ml)"},"content":{"rendered":"<p>Hair Cocktail Plus k\u00e4ivitab rakkude regeneratsioonis\u00fcsteemid, hoiab \u00e4ra hormonaalse tasakaalutuse ja levinud n\u00e4\u00e4rmete probleemid meeste ja naiste juuste v\u00e4ljalangemise korral. See mesoteraapia toode p\u00f5hjustab vasodilatatsiooni, et saavutada piisav kapillaarsibulate rakkude perfusioon, optimeerides toitainete pakkumist. Suur B-grupi vitamiinide kontsentratsioon tagab t\u00e4ieliku dermapapillide toitumise ja korrektse metaboolse toimimise. T\u00e4nu Sabal serrulata sisaldusele on Hair Cocktail Plus v\u00e4ga t\u00f5hus meeste juuste v\u00e4ljalangemise ravis.<\/p>\n<p><strong>N\u00e4idustused:<\/strong><\/p>\n<ul>\n<li>Alopeetsia<\/li>\n<li>Madal naha troofika<\/li>\n<li>Juuste v\u00e4ljalangemine<\/li>\n<\/ul>\n<p><strong>Aktiivsed koostisosad:<\/strong> Pantoteenhape, Sabal serrulata, Trokserutiin, Glutatioon, Biotiin, Tauriin, Raudgl\u00fckonaat, P\u00fcridoksiin, Tiamiin<\/p>\n","protected":false},"excerpt":{"rendered":"<h4><span style=\"color: #ed1c24;\"><strong>Ei ole mu\u0308u\u0308giks ELis!<\/strong><\/span><\/h4>\n<p>TOSKANI Hair Cocktail Plus koostis \u00fchendab erinevat t\u00fc\u00fcpi koostisosi, mis toimivad juuste kasvuts\u00fckli erinevatel tasemetel ja etappidel.<\/p>\n","protected":false},"featured_media":23071,"template":"","meta":{"_seopress_robots_primary_cat":"none","_seopress_titles_title":"","_seopress_titles_desc":"","_seopress_robots_index":""},"item":[1206],"product_cat":[155,1190],"product_tag":[],"class_list":{"0":"post-23077","1":"product","2":"type-product","3":"status-publish","4":"has-post-thumbnail","6":"item-toskanicosmetics-et-2","7":"product_cat-mesoteraapia-et","8":"product_cat-hair-et","10":"first","11":"instock","12":"taxable","13":"shipping-taxable","14":"purchasable","15":"product-type-variable"},"_links":{"self":[{"href":"https:\/\/cutismedical.shop\/et\/wp-json\/wp\/v2\/product\/23077","targetHints":{"allow":["GET"]}}],"collection":[{"href":"https:\/\/cutismedical.shop\/et\/wp-json\/wp\/v2\/product"}],"about":[{"href":"https:\/\/cutismedical.shop\/et\/wp-json\/wp\/v2\/types\/product"}],"wp:featuredmedia":[{"embeddable":true,"href":"https:\/\/cutismedical.shop\/et\/wp-json\/wp\/v2\/media\/23071"}],"wp:attachment":[{"href":"https:\/\/cutismedical.shop\/et\/wp-json\/wp\/v2\/media?parent=23077"}],"wp:term":[{"taxonomy":"item","embeddable":true,"href":"https:\/\/cutismedical.shop\/et\/wp-json\/wp\/v2\/item?post=23077"},{"taxonomy":"product_cat","embeddable":true,"href":"https:\/\/cutismedical.shop\/et\/wp-json\/wp\/v2\/product_cat?post=23077"},{"taxonomy":"product_tag","embeddable":true,"href":"https:\/\/cutismedical.shop\/et\/wp-json\/wp\/v2\/product_tag?post=23077"}],"curies":[{"name":"wp","href":"https:\/\/api.w.org\/{rel}","templated":true}]}}