{"id":21941,"date":"2021-03-10T10:15:55","date_gmt":"2021-03-10T08:15:55","guid":{"rendered":"https:\/\/cutismedical.com\/shop\/maaratlemata\/dermo-corrective-1-box-8-unidoses-moisturizing-make-up-primer-and-1-box-8-unidoses-of-corrective-foundation-photo\/"},"modified":"2024-11-14T19:36:52","modified_gmt":"2024-11-14T17:36:52","slug":"dermo-corrective-1-box-8-unidoses-moisturizing-make-up-primer-and-1-box-8-unidoses-of-corrective-foundation-photo","status":"publish","type":"product","link":"https:\/\/cutismedical.shop\/et\/shop-es\/nahahooldus\/kreem-et-prof\/dermo-corrective-1-box-8-unidoses-moisturizing-make-up-primer-and-1-box-8-unidoses-of-corrective-foundation-photo\/","title":{"rendered":"Dermo Corrective. Nutikas nahakorrektsioonivahend (Komplekt: 2 karpi x 8 tk)"},"content":{"rendered":"<p><strong>Koostis:<\/strong><\/p>\n<ul>\n<li>Niisutav alus pikaajaliseks tulemuseks, mis \u00fchtlustab nahatooni ja annab nahale s\u00e4ra.<\/li>\n<li>Nutikas jume korrigeerija, mis sobib teie nahatooniga. &#8220;Mitmekihiline&#8221; korrigeerija varjab ja \u00fchtlustab punetust, turset ja hematoome p\u00e4rast s\u00fcstimisi.<\/li>\n<\/ul>\n<p><a href=\"https:\/\/cutismedical.com\/wp-content\/uploads\/2021\/03\/lc86394gxog.jpg\"><img loading=\"lazy\" decoding=\"async\" class=\"alignnone size-medium wp-image-22144\" src=\"https:\/\/cutismedical.com\/wp-content\/uploads\/2021\/03\/lc86394gxog-800x352.jpg\" alt=\"\" width=\"800\" height=\"352\" srcset=\"https:\/\/cutismedical.shop\/wp-content\/uploads\/2021\/03\/lc86394gxog-800x352.jpg 800w, https:\/\/cutismedical.shop\/wp-content\/uploads\/2021\/03\/lc86394gxog-150x66.jpg 150w, https:\/\/cutismedical.shop\/wp-content\/uploads\/2021\/03\/lc86394gxog-592x260.jpg 592w, https:\/\/cutismedical.shop\/wp-content\/uploads\/2021\/03\/lc86394gxog-768x338.jpg 768w, https:\/\/cutismedical.shop\/wp-content\/uploads\/2021\/03\/lc86394gxog-510x224.jpg 510w, https:\/\/cutismedical.shop\/wp-content\/uploads\/2021\/03\/lc86394gxog.jpg 957w\" sizes=\"auto, (max-width: 800px) 100vw, 800px\" \/><\/a> <a href=\"https:\/\/cutismedical.com\/wp-content\/uploads\/2021\/03\/vycl1x0i5no.jpg\"><img loading=\"lazy\" decoding=\"async\" class=\"alignnone size-medium wp-image-22147\" src=\"https:\/\/cutismedical.com\/wp-content\/uploads\/2021\/03\/vycl1x0i5no-739x400.jpg\" alt=\"\" width=\"739\" height=\"400\" srcset=\"https:\/\/cutismedical.shop\/wp-content\/uploads\/2021\/03\/vycl1x0i5no-739x400.jpg 739w, https:\/\/cutismedical.shop\/wp-content\/uploads\/2021\/03\/vycl1x0i5no-150x81.jpg 150w, https:\/\/cutismedical.shop\/wp-content\/uploads\/2021\/03\/vycl1x0i5no-592x320.jpg 592w, https:\/\/cutismedical.shop\/wp-content\/uploads\/2021\/03\/vycl1x0i5no-768x416.jpg 768w, https:\/\/cutismedical.shop\/wp-content\/uploads\/2021\/03\/vycl1x0i5no-510x276.jpg 510w, https:\/\/cutismedical.shop\/wp-content\/uploads\/2021\/03\/vycl1x0i5no.jpg 957w\" sizes=\"auto, (max-width: 739px) 100vw, 739px\" \/><\/a><\/p>\n<p><strong>DERMOCORRECTIVE KOMPLEKT<\/strong> 5 t\u00e4iuslikku hooldus-\/korrektsioonikomplekti** = 2 KARPI X 8 \u00dcHEKORDSET ANNUSKOMPLEKTI Golden porcelain kit no.02<\/p>\n<ul>\n<li>1 karp 8 \u00fcheannuselist niisutavat meigialus*<\/li>\n<li>1 karp 8 \u00fcheannuselist korrigeerivat jumestuskreemi no.02 Natural Beige kit no.04<\/li>\n<li>1 karp 8 \u00fcheannuselist niisutavat meigialus*<\/li>\n<li>1 karp 8 \u00fcheannuselist korrigeerivat jumestuskreemi no.04 Golden beige kit no.05<\/li>\n<li>1 karp 8 \u00fcheannuselist niisutavat meigialus*<\/li>\n<li>1 karp 8 \u00fcheannuselist korrigeerivat jumestuskreemi no.05 Natural pink ros\u00e9 no.06<\/li>\n<li>1 karp 8 \u00fcheannuselist niisutavat meigialus*<\/li>\n<li>1 karp 8 \u00fcheannuselist korrigeerivat jumestuskreemi no.06 Natural tan kit no.07<\/li>\n<li>1 karp 8 \u00fcheannuselist niisutavat meigialus*<\/li>\n<li>1 karp 8 \u00fcheannuselist korrigeerivat jumestuskreemi no.07<\/li>\n<\/ul>\n<p>&nbsp;<\/p>\n","protected":false},"excerpt":{"rendered":"<p>See on sobiv hooldus-\/korrektsioonilahendus teie patsiendi vajaduste jaoks p\u00e4rast kosmeetilisi protseduure ilma avatud haavadeta. Samuti on see parim v\u00f5imalus korrigeerida naha puudusi, nagu hematoomid, tursed, er\u00fcteem, l\u00f6\u00f6bed, rosaatsea ja traumaj\u00e4rgsed verevalumid ja armid. Innovaatiline ja revolutsiooniline kontseptsioon, mis \u00fchendab nahas\u00f5braliku aluse ja nutika korrigeerija t\u00e4iesti h\u00fcgieenilises pakendis. Tagab null saastatuse, muutes selle praktiliseks ja mugavaks korrektsiooniv\u00f5imaluseks.<\/p>\n<p><strong>Dermo Corrective on k\u00f5ige t\u00f5husam korrigeerija. Lihtne ja praktiline, kuid samas revolutsiooniline.<\/strong><\/p>\n<p><strong>Lisateavet oma nahat\u00fc\u00fcbi kohta leiate siit!<\/strong><\/p>\n","protected":false},"featured_media":21883,"template":"","meta":{"_seopress_robots_primary_cat":"","_seopress_titles_title":"","_seopress_titles_desc":"","_seopress_robots_index":""},"item":[1673],"product_cat":[1813,151,1910,1928,1747],"product_tag":[],"class_list":{"0":"post-21941","1":"product","2":"type-product","3":"status-publish","4":"has-post-thumbnail","6":"item-dermo-corrective-et","7":"product_cat-otstarve","8":"product_cat-kreem-et","9":"product_cat-nahahooldus","10":"product_cat-kreem-et-prof","11":"product_cat-uncategorized-et-2","12":"pa_register_only-register_price","13":"pa_register_only-new_regular_price","15":"first","16":"instock","17":"taxable","18":"shipping-taxable","19":"purchasable","20":"product-type-simple"},"_links":{"self":[{"href":"https:\/\/cutismedical.shop\/et\/wp-json\/wp\/v2\/product\/21941","targetHints":{"allow":["GET"]}}],"collection":[{"href":"https:\/\/cutismedical.shop\/et\/wp-json\/wp\/v2\/product"}],"about":[{"href":"https:\/\/cutismedical.shop\/et\/wp-json\/wp\/v2\/types\/product"}],"wp:featuredmedia":[{"embeddable":true,"href":"https:\/\/cutismedical.shop\/et\/wp-json\/wp\/v2\/media\/21883"}],"wp:attachment":[{"href":"https:\/\/cutismedical.shop\/et\/wp-json\/wp\/v2\/media?parent=21941"}],"wp:term":[{"taxonomy":"item","embeddable":true,"href":"https:\/\/cutismedical.shop\/et\/wp-json\/wp\/v2\/item?post=21941"},{"taxonomy":"product_cat","embeddable":true,"href":"https:\/\/cutismedical.shop\/et\/wp-json\/wp\/v2\/product_cat?post=21941"},{"taxonomy":"product_tag","embeddable":true,"href":"https:\/\/cutismedical.shop\/et\/wp-json\/wp\/v2\/product_tag?post=21941"}],"curies":[{"name":"wp","href":"https:\/\/api.w.org\/{rel}","templated":true}]}}