{"id":21745,"date":"2021-03-08T18:40:19","date_gmt":"2021-03-08T16:40:19","guid":{"rendered":"https:\/\/cutismedical.com\/shop\/maaratlemata\/caromed-italia-lashes-serum-you-want-my-lips-red-pink-12ml\/"},"modified":"2024-11-14T19:45:54","modified_gmt":"2024-11-14T17:45:54","slug":"caromed-italia-lashes-serum-you-want-my-lips-red-pink-12ml","status":"publish","type":"product","link":"https:\/\/cutismedical.shop\/et\/shop-es\/nahahooldus\/huulte-hooldus-et\/caromed-italia-lashes-serum-you-want-my-lips-red-pink-12ml\/","title":{"rendered":"Caromed Italia. Seerum: &#8220;You want my lips. Exciting&#8221; punane\/roosa, 12 ml. (5 pakki)"},"content":{"rendered":"<p>Toode, mida armastavad naised \u00fcle kogu maailma, on n\u00fc\u00fcd saadaval kahes erinevas v\u00e4rvitoonis. See on huuleseerum, mis v\u00f5ib toimida viimistlusena, r\u00f5hutades huulte t\u00e4ites\u00fcstide tulemust. V\u00f5ib kasutada ka iseseisvalt, andes h\u00e4mmastavaid tulemusi.<\/p>\n<p><strong>Kaks p\u00f5nevat v\u00e4rvi: Pink Nude &amp; Rosso Italiano<\/strong><\/p>\n<p><strong>Koostisosad:<\/strong><\/p>\n<ul>\n<li>XL Size Complex (riitsinus\u00f5li ja capsicum) tugevdab huulev\u00e4rvi ja muudab huuled t\u00e4idlasemaks<\/li>\n<li>B5-vitamiin tungib s\u00fcgavale, niisutades ja tagades huulte pehmuse<\/li>\n<li>E-vitamiin k\u00f5rvaldab vabad radikaalid ja kaitseb v\u00e4liste tegurite eest<\/li>\n<\/ul>\n<p><strong>Tulemused:<\/strong><\/p>\n<ul>\n<li>V\u00e4rvib huuled<\/li>\n<li>Kohene t\u00e4idlus<\/li>\n<li>Super niisutav<\/li>\n<li>Huulte noorendamine<\/li>\n<li>Tugevdab t\u00e4ites\u00fcstide efekti<\/li>\n<li>Huulte kaitse<\/li>\n<\/ul>\n<p><a href=\"https:\/\/cutismedical.com\/wp-content\/uploads\/2021\/03\/0xrr0ixxjpg.jpg\"><img loading=\"lazy\" decoding=\"async\" class=\"alignnone size-medium wp-image-22580\" src=\"https:\/\/cutismedical.com\/wp-content\/uploads\/2021\/03\/0xrr0ixxjpg-728x400.jpg\" alt=\"\" width=\"728\" height=\"400\" srcset=\"https:\/\/cutismedical.shop\/wp-content\/uploads\/2021\/03\/0xrr0ixxjpg-728x400.jpg 728w, https:\/\/cutismedical.shop\/wp-content\/uploads\/2021\/03\/0xrr0ixxjpg-150x82.jpg 150w, https:\/\/cutismedical.shop\/wp-content\/uploads\/2021\/03\/0xrr0ixxjpg-592x325.jpg 592w, https:\/\/cutismedical.shop\/wp-content\/uploads\/2021\/03\/0xrr0ixxjpg-768x422.jpg 768w, https:\/\/cutismedical.shop\/wp-content\/uploads\/2021\/03\/0xrr0ixxjpg-510x280.jpg 510w, https:\/\/cutismedical.shop\/wp-content\/uploads\/2021\/03\/0xrr0ixxjpg.jpg 1044w\" sizes=\"auto, (max-width: 728px) 100vw, 728px\" \/><\/a><br \/>\n&nbsp;<\/p>\n","protected":false},"excerpt":{"rendered":"<p>N\u00fc\u00fcd You Want My Lips on veelgi p\u00f5nevam! Ahvatlevad ja seksikad huuled ainult naistele, kes ei taha j\u00e4\u00e4da m\u00e4rkamata.<\/p>\n","protected":false},"featured_media":39624,"template":"","meta":{"_seopress_robots_primary_cat":"none","_seopress_titles_title":"","_seopress_titles_desc":"","_seopress_robots_index":""},"item":[1667],"product_cat":[1813,1846,1910,1925],"product_tag":[],"class_list":{"0":"post-21745","1":"product","2":"type-product","3":"status-publish","4":"has-post-thumbnail","6":"item-life-prp-et","7":"product_cat-otstarve","8":"product_cat-huulte-hooldus","9":"product_cat-nahahooldus","10":"product_cat-huulte-hooldus-et","11":"pa_register_only-register_price","12":"pa_register_only-new_regular_price","14":"first","15":"instock","16":"taxable","17":"shipping-taxable","18":"purchasable","19":"product-type-simple"},"_links":{"self":[{"href":"https:\/\/cutismedical.shop\/et\/wp-json\/wp\/v2\/product\/21745","targetHints":{"allow":["GET"]}}],"collection":[{"href":"https:\/\/cutismedical.shop\/et\/wp-json\/wp\/v2\/product"}],"about":[{"href":"https:\/\/cutismedical.shop\/et\/wp-json\/wp\/v2\/types\/product"}],"wp:featuredmedia":[{"embeddable":true,"href":"https:\/\/cutismedical.shop\/et\/wp-json\/wp\/v2\/media\/39624"}],"wp:attachment":[{"href":"https:\/\/cutismedical.shop\/et\/wp-json\/wp\/v2\/media?parent=21745"}],"wp:term":[{"taxonomy":"item","embeddable":true,"href":"https:\/\/cutismedical.shop\/et\/wp-json\/wp\/v2\/item?post=21745"},{"taxonomy":"product_cat","embeddable":true,"href":"https:\/\/cutismedical.shop\/et\/wp-json\/wp\/v2\/product_cat?post=21745"},{"taxonomy":"product_tag","embeddable":true,"href":"https:\/\/cutismedical.shop\/et\/wp-json\/wp\/v2\/product_tag?post=21745"}],"curies":[{"name":"wp","href":"https:\/\/api.w.org\/{rel}","templated":true}]}}