{"id":21576,"date":"2019-07-02T10:50:57","date_gmt":"2021-03-06T17:47:28","guid":{"rendered":"https:\/\/cutismedical.com\/?post_type=product&#038;p=21576"},"modified":"2024-11-14T00:26:51","modified_gmt":"2024-11-13T22:26:51","slug":"needletech","status":"publish","type":"product","link":"https:\/\/cutismedical.shop\/et\/shop-es\/needles-et\/needletech\/","title":{"rendered":"Needletech \/ \u00dcli\u00f5hukesed n\u00f5elad \/ Erinevad suurused"},"content":{"rendered":"<p>Needletech n\u00f5elad valmistatakse hoolikalt valitud toorainest ja pakendamisetapile p\u00f6\u00f6ratakse erilist t\u00e4helepanu, et v\u00e4ltida v\u00f5imalikke n\u00f5ela n\u00fcmenemisi. N\u00f5ela kan\u00fc\u00fcli eksklusiivne m\u00e4\u00e4rimisprotsess tagab sujuva ja valutut nahale tungimise.<\/p>\n<p>N\u00f5elte t\u00e4pne teritamine minimeerib protseduuriga seotud valu. \u00dcli\u00f5hukesed diameetrid (0,3 ja 0,23 mm) teevad selle toote suurep\u00e4raseks valikuks mesoteraapia, t\u00e4iteainete, botuliini, sklerosandi ja kollageenravi jaoks.<\/p>\n<p>Karp sisaldab 100 tk. EO-steriilsed \u00fchekordsed blisterpakendid.<\/p>\n<p>NEEDLETECH 18G90MM (1 karp = 50 steriilset n\u00f5ela)<\/p>\n","protected":false},"excerpt":{"rendered":"<p><span style=\"color: #d83131;\"><strong>Ei ole mu\u0308u\u0308giks ELis!<\/strong><\/span><\/p>\n<p>H\u00fcpodermiline n\u00f5el mesoteraapia, t\u00e4iteainete ja botuliini jaoks.<\/p>\n<p>Itaalia farmaatsialabor \u2014 Mesotech.<\/p>\n","protected":false},"featured_media":11506,"template":"","meta":{"_seopress_robots_primary_cat":"","_seopress_titles_title":"","_seopress_titles_desc":"","_seopress_robots_index":""},"item":[1664],"product_cat":[161],"product_tag":[],"class_list":{"0":"post-21576","1":"product","2":"type-product","3":"status-publish","4":"has-post-thumbnail","6":"item-needletech-et","7":"product_cat-needles-et","8":"pa_product_main_cat-professionaalne-hooldus","10":"first","11":"instock","12":"taxable","13":"shipping-taxable","14":"purchasable","15":"product-type-variable"},"_links":{"self":[{"href":"https:\/\/cutismedical.shop\/et\/wp-json\/wp\/v2\/product\/21576","targetHints":{"allow":["GET"]}}],"collection":[{"href":"https:\/\/cutismedical.shop\/et\/wp-json\/wp\/v2\/product"}],"about":[{"href":"https:\/\/cutismedical.shop\/et\/wp-json\/wp\/v2\/types\/product"}],"wp:featuredmedia":[{"embeddable":true,"href":"https:\/\/cutismedical.shop\/et\/wp-json\/wp\/v2\/media\/11506"}],"wp:attachment":[{"href":"https:\/\/cutismedical.shop\/et\/wp-json\/wp\/v2\/media?parent=21576"}],"wp:term":[{"taxonomy":"item","embeddable":true,"href":"https:\/\/cutismedical.shop\/et\/wp-json\/wp\/v2\/item?post=21576"},{"taxonomy":"product_cat","embeddable":true,"href":"https:\/\/cutismedical.shop\/et\/wp-json\/wp\/v2\/product_cat?post=21576"},{"taxonomy":"product_tag","embeddable":true,"href":"https:\/\/cutismedical.shop\/et\/wp-json\/wp\/v2\/product_tag?post=21576"}],"curies":[{"name":"wp","href":"https:\/\/api.w.org\/{rel}","templated":true}]}}