{"id":21536,"date":"2021-03-05T08:23:42","date_gmt":"2021-03-05T06:27:32","guid":{"rendered":"https:\/\/cutismedical.com\/?post_type=product&#038;p=21536"},"modified":"2024-11-14T19:53:06","modified_gmt":"2024-11-14T17:53:06","slug":"mc-clh-lipase-1500u-i-5pcs","status":"publish","type":"product","link":"https:\/\/cutismedical.shop\/et\/shop-es\/mesoteraapia-et\/body-mesotherapy-et\/mc-clh-lipase-1500u-i-5pcs\/","title":{"rendered":"MC Lipase (1500 \u00fch * 5 tk.) \/ Pbserumi analoog"},"content":{"rendered":"<div class=\"summary__title\">\n<strong>Peamised omadused ja m\u00f5jud<\/strong><\/p>\n<p>Kaalulangus ja mahu v\u00e4henemine, lokaalse rasva v\u00e4hendamise protseduurid.<\/p>\n<p><strong>Lisainformatsioon<\/strong><\/p>\n<p>Tootekategooria: Professionaalne<br \/>\nP\u00f5hikoostisained: Vesi, Mannitool, Lipaas<br \/>\nSagedus: 1 kord iga 15 p\u00e4eva j\u00e4rel (umbes 2-5 seanssi)<br \/>\nHooldusseansid: iga 4-6 kuu j\u00e4rel<br \/>\nKasutusala: Keha<br \/>\nSoovitatav: Rasva ja mahu v\u00e4hendamiseks.<\/p>\n<p><strong>Rakendus<\/strong><\/p>\n<p>Mesoteraapia tehnika \u2013 punktip\u00f5hine manustamine<br \/>\nN\u00e4ole: Manustamise s\u00fcgavus: 2 mm &#8211; 4 mm Kogus: 0,1 ml &#8211; 0,2 ml<br \/>\nKehale: Manustamise s\u00fcgavus: 6 mm &#8211; 8 mm Kogus: 0,2 ml &#8211; 0,5 ml<\/p>\n<\/div>\n","protected":false},"excerpt":{"rendered":"<h4><span style=\"color: #ed1c24;\"><strong>Ei ole mu\u0308u\u0308giks ELis!<\/strong><\/span><\/h4>\n<p>Rasvu l\u00f5hustav ens\u00fc\u00fcm. M\u00f5jub trigl\u00fctseriidide ainevahetusele, aidates lahustada kogunenud lokaalse rasva. Lipaas aitab rasvu lagundada v\u00e4iksemateks molekulideks, mis muudab need kehale kergemini liikuvaks ja eemaldatavaks. V\u00e4hendab mahtu kudede kahjustamata ning v\u00e4hendab p\u00f5letiku ja valu riski.<\/p>\n","protected":false},"featured_media":37782,"template":"","meta":{"_seopress_robots_primary_cat":"none","_seopress_titles_title":"","_seopress_titles_desc":"","_seopress_robots_index":""},"item":[1149],"product_cat":[155,1131,1871],"product_tag":[],"class_list":{"0":"post-21536","1":"product","2":"type-product","3":"status-publish","4":"has-post-thumbnail","6":"item-mccosmetics-et","7":"product_cat-mesoteraapia-et","8":"product_cat-body-mesotherapy-et","9":"product_cat-ensuumid-mesotherapy","10":"pa_product_main_cat-professionaalne-hooldus","12":"first","13":"instock","14":"taxable","15":"shipping-taxable","16":"purchasable","17":"product-type-simple"},"_links":{"self":[{"href":"https:\/\/cutismedical.shop\/et\/wp-json\/wp\/v2\/product\/21536","targetHints":{"allow":["GET"]}}],"collection":[{"href":"https:\/\/cutismedical.shop\/et\/wp-json\/wp\/v2\/product"}],"about":[{"href":"https:\/\/cutismedical.shop\/et\/wp-json\/wp\/v2\/types\/product"}],"wp:featuredmedia":[{"embeddable":true,"href":"https:\/\/cutismedical.shop\/et\/wp-json\/wp\/v2\/media\/37782"}],"wp:attachment":[{"href":"https:\/\/cutismedical.shop\/et\/wp-json\/wp\/v2\/media?parent=21536"}],"wp:term":[{"taxonomy":"item","embeddable":true,"href":"https:\/\/cutismedical.shop\/et\/wp-json\/wp\/v2\/item?post=21536"},{"taxonomy":"product_cat","embeddable":true,"href":"https:\/\/cutismedical.shop\/et\/wp-json\/wp\/v2\/product_cat?post=21536"},{"taxonomy":"product_tag","embeddable":true,"href":"https:\/\/cutismedical.shop\/et\/wp-json\/wp\/v2\/product_tag?post=21536"}],"curies":[{"name":"wp","href":"https:\/\/api.w.org\/{rel}","templated":true}]}}