{"id":2130,"date":"2013-08-10T09:34:34","date_gmt":"2013-08-10T07:34:34","guid":{"rendered":"https:\/\/cutismedical.com\/product\/whitening-brightening\/"},"modified":"2024-10-22T17:03:26","modified_gmt":"2024-10-22T15:03:26","slug":"whitening-brightening","status":"publish","type":"product","link":"https:\/\/cutismedical.shop\/et\/shop-es\/mesoteraapia-et\/pigmentatsioon\/whitening-brightening\/","title":{"rendered":"Manificare. Whitening &#038; Brightening (5 ampulli * 5ml.)"},"content":{"rendered":"<ul>\n<li>Whitening &amp; Brightening on pigmendihooldus naha valgendamiseks. See v\u00e4hendab melasme, vanusepisikuid ja eba\u00fchtlast nahatooni.<\/li>\n<li>V\u00e4hendab alfa-t\u00fcrosinaasi aktiivsust (pigmentatsiooni eest vastutav ens\u00fc\u00fcm).<\/li>\n<li>Stimuleerib naha uuenemist.<\/li>\n<li>Parandab naha tooni ja s\u00e4ra.<\/li>\n<li>Neutraliseerib vabu radikaale.<\/li>\n<li>V\u00e4hendab tumedate laikude ilmnemist.<\/li>\n<li>V\u00e4hendab naha pigmentatsiooni.<\/li>\n<\/ul>\n<p><b><strong>Toimeainete kokteil, sh:<\/strong><\/b><\/p>\n<p>C-vitamiin, lagrits, glutatioon, oligopeptiid, alfa-arbutiin, Songyi seeneekstrakt, pol\u00fcpeptiid, vitamiin B3.<\/p>\n<p><em>Klaasviaalid, steriilsed, karp 5 viaali 5ml.<\/em><\/p>\n","protected":false},"excerpt":{"rendered":"<h4><span style=\"color: #ed1c24;\"><strong>Ei ole mu\u0308u\u0308giks ELis!<\/strong><\/span><\/h4>\n<p><b><strong>Whitening &amp; Brightening<\/strong><\/b> on ravi, mis aitab nahka helendada ja vabaneda naha pigmentatsioonist. See k\u00f5rvaldab melasmad ja vanusevigastused ning \u00fchtlustab nahatooni.<\/p>\n","protected":false},"featured_media":2182,"template":"","meta":{"_seopress_robots_primary_cat":"none","_seopress_titles_title":"","_seopress_titles_desc":"","_seopress_robots_index":""},"item":[1215],"product_cat":[155,1870],"product_tag":[1897],"class_list":{"0":"post-2130","1":"product","2":"type-product","3":"status-publish","4":"has-post-thumbnail","6":"item-vital-skin-medical-et-2","7":"product_cat-mesoteraapia-et","8":"product_cat-pigmentatsioon","9":"product_tag-pigmendilaigud","10":"pa_product_main_cat-professionaalne-hooldus","12":"first","13":"instock","14":"taxable","15":"shipping-taxable","16":"purchasable","17":"product-type-simple"},"_links":{"self":[{"href":"https:\/\/cutismedical.shop\/et\/wp-json\/wp\/v2\/product\/2130","targetHints":{"allow":["GET"]}}],"collection":[{"href":"https:\/\/cutismedical.shop\/et\/wp-json\/wp\/v2\/product"}],"about":[{"href":"https:\/\/cutismedical.shop\/et\/wp-json\/wp\/v2\/types\/product"}],"wp:featuredmedia":[{"embeddable":true,"href":"https:\/\/cutismedical.shop\/et\/wp-json\/wp\/v2\/media\/2182"}],"wp:attachment":[{"href":"https:\/\/cutismedical.shop\/et\/wp-json\/wp\/v2\/media?parent=2130"}],"wp:term":[{"taxonomy":"item","embeddable":true,"href":"https:\/\/cutismedical.shop\/et\/wp-json\/wp\/v2\/item?post=2130"},{"taxonomy":"product_cat","embeddable":true,"href":"https:\/\/cutismedical.shop\/et\/wp-json\/wp\/v2\/product_cat?post=2130"},{"taxonomy":"product_tag","embeddable":true,"href":"https:\/\/cutismedical.shop\/et\/wp-json\/wp\/v2\/product_tag?post=2130"}],"curies":[{"name":"wp","href":"https:\/\/api.w.org\/{rel}","templated":true}]}}