{"id":2128,"date":"2013-08-10T10:01:52","date_gmt":"2013-08-10T07:01:52","guid":{"rendered":"https:\/\/cutismedical.com\/product\/dermabooster-50\/"},"modified":"2025-02-19T21:04:28","modified_gmt":"2025-02-19T19:04:28","slug":"dermabooster-50","status":"publish","type":"product","link":"https:\/\/cutismedical.shop\/et\/shop-es\/mesoteraapia-et\/antioksudandid\/dermabooster-50\/","title":{"rendered":"Manificare. Dermabooster 50 (5 ampoules * 5ml.)"},"content":{"rendered":"<ul>\n<li>Tipptasemel vananemisvastane ja taaselustav hooldus peptiidide ja 50 aktiivse koostisosa unikaalse taaselustava kokteiliga.<\/li>\n<li>Korrigeerib naha vananemisprotsessi.<\/li>\n<li>Silub peened jooned ja kortsud intensiivse ja s\u00fcgava niisutuse abil, et saavutada maksimaalsed tulemused naha elastsuse ja toonuse osas.<\/li>\n<li>Taastab naha loomuliku bioloogilise tasakaalu.<\/li>\n<li>Suurendab naha s\u00e4ra. Nahk n\u00e4eb v\u00e4lja terve ja nooruslik.<\/li>\n<\/ul>\n<p><strong>Toimeainete kokteil, sh:<\/strong><\/p>\n<p>23 aminohapet, 12 vitamiini, 3 koens\u00fc\u00fcmi, 2 antioks\u00fcdanti + h\u00fcaluroonhape.<\/p>\n","protected":false},"excerpt":{"rendered":"<h4><span style=\"color: #ed1c24;\"><strong>Ei ole mu\u0308u\u0308giks ELis!<\/strong><\/span><\/h4>\n<p><b><strong>DermaBooster 50<\/strong><\/b> naha (n\u00e4o) taaselustamiseks.<\/p>\n<p>&nbsp;<\/p>\n<p>&nbsp;<\/p>\n","protected":false},"featured_media":1911,"template":"","meta":{"_seopress_robots_primary_cat":"none","_seopress_titles_title":"","_seopress_titles_desc":"","_seopress_robots_index":""},"item":[1215],"product_cat":[155,1864,1865,1866],"product_tag":[1900],"class_list":{"0":"post-2128","1":"product","2":"type-product","3":"status-publish","4":"has-post-thumbnail","6":"item-vital-skin-medical-et-2","7":"product_cat-mesoteraapia-et","8":"product_cat-antioksudandid","9":"product_cat-tugevdamine-naha-pinguldamine","10":"product_cat-liftingu-efekt-pinguldav-toime","11":"product_tag-lotvunud-nahk","13":"first","14":"instock","15":"taxable","16":"shipping-taxable","17":"purchasable","18":"product-type-variable"},"_links":{"self":[{"href":"https:\/\/cutismedical.shop\/et\/wp-json\/wp\/v2\/product\/2128","targetHints":{"allow":["GET"]}}],"collection":[{"href":"https:\/\/cutismedical.shop\/et\/wp-json\/wp\/v2\/product"}],"about":[{"href":"https:\/\/cutismedical.shop\/et\/wp-json\/wp\/v2\/types\/product"}],"wp:featuredmedia":[{"embeddable":true,"href":"https:\/\/cutismedical.shop\/et\/wp-json\/wp\/v2\/media\/1911"}],"wp:attachment":[{"href":"https:\/\/cutismedical.shop\/et\/wp-json\/wp\/v2\/media?parent=2128"}],"wp:term":[{"taxonomy":"item","embeddable":true,"href":"https:\/\/cutismedical.shop\/et\/wp-json\/wp\/v2\/item?post=2128"},{"taxonomy":"product_cat","embeddable":true,"href":"https:\/\/cutismedical.shop\/et\/wp-json\/wp\/v2\/product_cat?post=2128"},{"taxonomy":"product_tag","embeddable":true,"href":"https:\/\/cutismedical.shop\/et\/wp-json\/wp\/v2\/product_tag?post=2128"}],"curies":[{"name":"wp","href":"https:\/\/api.w.org\/{rel}","templated":true}]}}